{"id":4733,"date":"2017-10-13T23:24:19","date_gmt":"2017-10-13T21:24:19","guid":{"rendered":"http:\/\/dev.kaliberonline.se\/?post_type=product&#038;p=4733"},"modified":"2023-07-12T18:36:40","modified_gmt":"2023-07-12T16:36:40","slug":"trenner-friedl-osiris-golvhogtalare","status":"publish","type":"product","link":"https:\/\/studiokoncept.se\/de\/shop\/hogtalare\/golvhogtalare\/trenner-friedl-osiris-golvhogtalare\/","title":{"rendered":"Trenner &amp; Friedl Osiris Standlautsprecher"},"content":{"rendered":"<h3><\/h3>","protected":false},"excerpt":{"rendered":"<p>Ein wunderbarer Standlautsprecher mit einem sehr weichen Klangbild.<\/p>\n<p>In der Qualit\u00e4t 95% des gr\u00f6\u00dferen Trenner &amp; Friedl Pharoah mit der gleichen Live-Instrumenten- und Musikwiedergabe.<\/p>\n<p>Vermittelt einen sehr sanften Eindruck und Fu\u00dfabdruck im Raum und ist, genau wie Pharoah, ein Hornhybrid und daher leicht im Raum zu platzieren.<\/p>\n<p>Wenn Sie einen kleineren Standlautsprecher suchen, bei dem das intime Musikleben im Vordergrund steht, ist dies genau das Richtige f\u00fcr Sie.<\/p>\n<p>Aufgrund der Cardas-Stecker des Lautsprechers empfehle ich Spades als Abschluss am Lautsprecherkabel.<\/p>\n<p>&nbsp;<\/p>","protected":false},"featured_media":6004,"template":"","meta":[],"product_brand":[],"product_cat":[156],"product_tag":[],"class_list":{"0":"post-4733","1":"product","2":"type-product","3":"status-publish","4":"has-post-thumbnail","6":"product_cat-golvhogtalare","7":"product_shipping_class-standard","9":"first","10":"instock","11":"taxable","12":"shipping-taxable","13":"purchasable","14":"product-type-variable"},"bundled_by":[],"bundle_stock_status":"instock","bundle_stock_quantity":null,"bundle_virtual":false,"bundle_layout":"","bundle_add_to_cart_form_location":"","bundle_editable_in_cart":false,"bundle_sold_individually_context":"","bundle_item_grouping":"","bundle_min_size":"","bundle_max_size":"","bundle_price":[],"bundled_items":[],"bundle_sell_ids":[],"_links":{"self":[{"href":"https:\/\/studiokoncept.se\/de\/wp-json\/wp\/v2\/product\/4733","targetHints":{"allow":["GET"]}}],"collection":[{"href":"https:\/\/studiokoncept.se\/de\/wp-json\/wp\/v2\/product"}],"about":[{"href":"https:\/\/studiokoncept.se\/de\/wp-json\/wp\/v2\/types\/product"}],"version-history":[{"count":0,"href":"https:\/\/studiokoncept.se\/de\/wp-json\/wp\/v2\/product\/4733\/revisions"}],"wp:featuredmedia":[{"embeddable":true,"href":"https:\/\/studiokoncept.se\/de\/wp-json\/wp\/v2\/media\/6004"}],"wp:attachment":[{"href":"https:\/\/studiokoncept.se\/de\/wp-json\/wp\/v2\/media?parent=4733"}],"wp:term":[{"taxonomy":"product_brand","embeddable":true,"href":"https:\/\/studiokoncept.se\/de\/wp-json\/wp\/v2\/product_brand?post=4733"},{"taxonomy":"product_cat","embeddable":true,"href":"https:\/\/studiokoncept.se\/de\/wp-json\/wp\/v2\/product_cat?post=4733"},{"taxonomy":"product_tag","embeddable":true,"href":"https:\/\/studiokoncept.se\/de\/wp-json\/wp\/v2\/product_tag?post=4733"}],"curies":[{"name":"wp","href":"https:\/\/api.w.org\/{rel}","templated":true}]}}