{"id":3092,"date":"2016-12-12T13:00:51","date_gmt":"2016-12-12T12:00:51","guid":{"rendered":"https:\/\/studiokoncept.se\/?post_type=product&#038;p=3092"},"modified":"2024-01-25T06:53:31","modified_gmt":"2024-01-25T05:53:31","slug":"entreq-fotter","status":"publish","type":"product","link":"https:\/\/studiokoncept.se\/de\/shop\/ovrigt\/fotter\/entreq-fotter\/","title":{"rendered":"Entreq ES-PAD Wolfram-F\u00fc\u00dfe"},"content":{"rendered":"<h3><\/h3><\/h3>","protected":false},"excerpt":{"rendered":"<p>Das ES-PAD von Entreq wurde entwickelt, um die meist unzureichenden F\u00fc\u00dfe der Produkte zu ersetzen.<\/p>\n<p>Das Design des ES Pads konzentriert sich auf die \u00dcbertragung von sehr hochfrequenten Schwingungen und Energie. Der 35 mm hohe Fu\u00df besteht aus einer Acrylbasis, die vom Boden isoliert. Er verf\u00fcgt \u00fcber ein mineralgef\u00fclltes, weiches Pad, das nun Wolfram enth\u00e4lt, das hochfrequente Schwingungen und Energie an den mineralgef\u00fcllten Inhalt ableitet und in harmlose W\u00e4rme umwandelt.<\/p>\n<p>Verkauft in einem Satz von 3 St\u00fcck.<\/p>","protected":false},"featured_media":6102,"template":"","meta":[],"product_brand":[],"product_cat":[175],"product_tag":[692,716,717],"class_list":{"0":"post-3092","1":"product","2":"type-product","3":"status-publish","4":"has-post-thumbnail","6":"product_cat-fotter","7":"product_tag-entreq","8":"product_tag-entreq-fotter","9":"product_tag-fotter","10":"product_shipping_class-standard","12":"first","13":"instock","14":"taxable","15":"shipping-taxable","16":"purchasable","17":"product-type-simple"},"bundled_by":[],"bundle_stock_status":"instock","bundle_stock_quantity":null,"bundle_virtual":false,"bundle_layout":"","bundle_add_to_cart_form_location":"","bundle_editable_in_cart":false,"bundle_sold_individually_context":"","bundle_item_grouping":"","bundle_min_size":"","bundle_max_size":"","bundle_price":[],"bundled_items":[],"bundle_sell_ids":[],"_links":{"self":[{"href":"https:\/\/studiokoncept.se\/de\/wp-json\/wp\/v2\/product\/3092","targetHints":{"allow":["GET"]}}],"collection":[{"href":"https:\/\/studiokoncept.se\/de\/wp-json\/wp\/v2\/product"}],"about":[{"href":"https:\/\/studiokoncept.se\/de\/wp-json\/wp\/v2\/types\/product"}],"version-history":[{"count":0,"href":"https:\/\/studiokoncept.se\/de\/wp-json\/wp\/v2\/product\/3092\/revisions"}],"wp:featuredmedia":[{"embeddable":true,"href":"https:\/\/studiokoncept.se\/de\/wp-json\/wp\/v2\/media\/6102"}],"wp:attachment":[{"href":"https:\/\/studiokoncept.se\/de\/wp-json\/wp\/v2\/media?parent=3092"}],"wp:term":[{"taxonomy":"product_brand","embeddable":true,"href":"https:\/\/studiokoncept.se\/de\/wp-json\/wp\/v2\/product_brand?post=3092"},{"taxonomy":"product_cat","embeddable":true,"href":"https:\/\/studiokoncept.se\/de\/wp-json\/wp\/v2\/product_cat?post=3092"},{"taxonomy":"product_tag","embeddable":true,"href":"https:\/\/studiokoncept.se\/de\/wp-json\/wp\/v2\/product_tag?post=3092"}],"curies":[{"name":"wp","href":"https:\/\/api.w.org\/{rel}","templated":true}]}}