{"id":3078,"date":"2016-12-12T02:00:25","date_gmt":"2016-12-12T01:00:25","guid":{"rendered":"https:\/\/studiokoncept.se\/?post_type=product&#038;p=3078"},"modified":"2024-11-11T07:50:32","modified_gmt":"2024-11-11T06:50:32","slug":"entreq-vibbeaters","status":"publish","type":"product","link":"https:\/\/studiokoncept.se\/de\/shop\/ovrigt\/entreq-vibbeaters\/","title":{"rendered":"Entreq Vibrationsbesen"},"content":{"rendered":"<p>Das Produkt \"Vibbeaters\" der Firma Entreq wurde entwickelt, um die Klangqualit\u00e4t von Lautsprechern und elektronischen Ger\u00e4ten zu verbessern, indem unerw\u00fcnschte Energie in W\u00e4rme umgewandelt wird. Diese Ger\u00e4te verwenden eine spezielle Mineralmischung, die interessante Eigenschaften in Bezug auf das Magnetfeld, die Feldwirkung und den Umgang mit physikalischen Schwingungen und Oberfl\u00e4chenenergie aufweist. Wenn ein \"Vibb eater\" auf einen Lautsprecher oder ein elektronisches Ger\u00e4t gelegt wird, werden Schwingungen und verschiedene Magnetfelder von dem Ger\u00e4t absorbiert. Durch mechanische Reibung zwischen K\u00f6rnern auf Kupferbasis wird diese \u00fcbersch\u00fcssige Energie in sehr geringe W\u00e4rme umgewandelt.<\/p>\n<p>Die Verwendung von \"Vibbeaters\" an Lautsprechern bedeutet Folgendes:<\/p>\n<ol>\n<li>Durch ihr Gewicht verleihen sie der Lautsprecherbox zus\u00e4tzliche Stabilit\u00e4t.<\/li>\n<li>Sie absorbieren die im Lautsprecher erzeugten Schwingungen und Felder, wodurch die \"Box\" des Lautsprechers \u00fcber das Geh\u00e4use hinaus erweitert und die Energie in W\u00e4rme umgewandelt wird.<\/li>\n<li>Ihre magnetischen Eigenschaften beeinflussen die im und um den Lautsprecher erzeugten Felder positiv.<\/li>\n<\/ol>\n<p>Das Ergebnis sind klarere H\u00f6hen, schnellere und straffere B\u00e4sse sowie ein tieferer und strukturierterer Klang. Dar\u00fcber hinaus wird die Klangb\u00fchne verbreitert, was zu einer pr\u00e4ziseren Positionierung in Breite, Tiefe und H\u00f6he sowie zu einem ruhigeren und fl\u00fcssigeren Klang f\u00fchrt.<\/p>\n<p>Bei elektronischen Ger\u00e4ten bieten \"Vibbeaters\" eine h\u00f6here Stabilit\u00e4t f\u00fcr das Chassis und d\u00e4mpfen gleichzeitig die Vibrationen. Au\u00dferdem neutralisieren sie teilweise das von den elektronischen Ger\u00e4ten ausgehende Magnetfeld. Die optimale Position der Vibbeaters ist unterschiedlich, aber ein guter Ausgangspunkt ist in der Regel in der N\u00e4he des Netzkabel-Eingangs oder des Transformators des Produkts.<\/p>","protected":false},"excerpt":{"rendered":"<p>Vibbeaters werden auf den Lautsprechern verwendet:<\/p>\n<ol>\n<li>Durch ihr Gewicht verleihen sie der Lautsprecherbox zus\u00e4tzliche Stabilit\u00e4t. Es gibt eine Grundregel, nach der sich das Gewicht des Lautsprechers auf das Gewicht des Vibbeaters bezieht. Siehe den einzelnen Vibbeater.<\/li>\n<li>Sie absorbieren die im Lautsprecher erzeugten Schwingungen und Magnetfelder, so dass die \"Box\" des Lautsprechers \u00fcber das Geh\u00e4use hinaus verl\u00e4ngert und die Energie in W\u00e4rme umgewandelt wird.<\/li>\n<li>Ihre magnetischen Eigenschaften beeinflussen die im und um den Lautsprecher erzeugten Felder positiv.<\/li>\n<li>Bei elektronischen Ger\u00e4ten wird er in der Regel auf dem Geh\u00e4use oder in der N\u00e4he des Netzteils angebracht (dort, wo das Netzkabel eintritt). Auch hier sorgt er f\u00fcr zus\u00e4tzliche Stabilit\u00e4t und reduziert Magnetfelder.<\/li>\n<\/ol>\n<p>Lesen Sie mehr unter Produktbeschreibung<\/p>","protected":false},"featured_media":6232,"template":"","meta":[],"product_brand":[],"product_cat":[177],"product_tag":[],"class_list":{"0":"post-3078","1":"product","2":"type-product","3":"status-publish","4":"has-post-thumbnail","6":"product_cat-ovrigt","7":"product_shipping_class-standard","9":"first","10":"instock","11":"taxable","12":"shipping-taxable","13":"purchasable","14":"product-type-variable","15":"has-default-attributes"},"bundled_by":[],"bundle_stock_status":"instock","bundle_stock_quantity":null,"bundle_virtual":false,"bundle_layout":"","bundle_add_to_cart_form_location":"","bundle_editable_in_cart":false,"bundle_sold_individually_context":"","bundle_item_grouping":"","bundle_min_size":"","bundle_max_size":"","bundle_price":[],"bundled_items":[],"bundle_sell_ids":[],"_links":{"self":[{"href":"https:\/\/studiokoncept.se\/de\/wp-json\/wp\/v2\/product\/3078","targetHints":{"allow":["GET"]}}],"collection":[{"href":"https:\/\/studiokoncept.se\/de\/wp-json\/wp\/v2\/product"}],"about":[{"href":"https:\/\/studiokoncept.se\/de\/wp-json\/wp\/v2\/types\/product"}],"version-history":[{"count":0,"href":"https:\/\/studiokoncept.se\/de\/wp-json\/wp\/v2\/product\/3078\/revisions"}],"wp:featuredmedia":[{"embeddable":true,"href":"https:\/\/studiokoncept.se\/de\/wp-json\/wp\/v2\/media\/6232"}],"wp:attachment":[{"href":"https:\/\/studiokoncept.se\/de\/wp-json\/wp\/v2\/media?parent=3078"}],"wp:term":[{"taxonomy":"product_brand","embeddable":true,"href":"https:\/\/studiokoncept.se\/de\/wp-json\/wp\/v2\/product_brand?post=3078"},{"taxonomy":"product_cat","embeddable":true,"href":"https:\/\/studiokoncept.se\/de\/wp-json\/wp\/v2\/product_cat?post=3078"},{"taxonomy":"product_tag","embeddable":true,"href":"https:\/\/studiokoncept.se\/de\/wp-json\/wp\/v2\/product_tag?post=3078"}],"curies":[{"name":"wp","href":"https:\/\/api.w.org\/{rel}","templated":true}]}}