{"id":21023,"date":"2025-05-20T20:19:01","date_gmt":"2025-05-20T18:19:01","guid":{"rendered":"https:\/\/studiokoncept.se\/?post_type=product&#038;p=21023"},"modified":"2025-05-31T19:54:24","modified_gmt":"2025-05-31T17:54:24","slug":"bertram-audio-ultima-wave-hogtalarkabel","status":"publish","type":"product","link":"https:\/\/studiokoncept.se\/de\/shop\/kablar\/analoga-kablar\/hogtalarkablar\/bertram-audio-ultima-wave-hogtalarkabel\/","title":{"rendered":"Bertram Audio Ultima Wave Lautsprecherkabel"},"content":{"rendered":"","protected":false},"excerpt":{"rendered":"<p>Mein eigenes Traumkabel!<\/p>\n<p>Fantastisch! Er malt dort eine wunderbar flie\u00dfende Klangwelt in einer unglaublichen Hintergrundschw\u00e4rze,<\/p>\n<p>Au\u00dferdem ist es wahnsinnig sch\u00f6n und erfreulicherweise \u00fcberschaubar.<\/p>\n<p>Silber in seiner besten Form!<\/p>","protected":false},"featured_media":21024,"template":"","meta":[],"product_brand":[],"product_cat":[171],"product_tag":[],"class_list":{"0":"post-21023","1":"product","2":"type-product","3":"status-publish","4":"has-post-thumbnail","6":"product_cat-hogtalarkablar","7":"product_shipping_class-standard","9":"first","10":"instock","11":"taxable","12":"shipping-taxable","13":"purchasable","14":"product-type-variable"},"bundled_by":[],"bundle_stock_status":"instock","bundle_stock_quantity":null,"bundle_virtual":false,"bundle_layout":"","bundle_add_to_cart_form_location":"","bundle_editable_in_cart":false,"bundle_sold_individually_context":"","bundle_item_grouping":"","bundle_min_size":"","bundle_max_size":"","bundle_price":[],"bundled_items":[],"bundle_sell_ids":[],"_links":{"self":[{"href":"https:\/\/studiokoncept.se\/de\/wp-json\/wp\/v2\/product\/21023","targetHints":{"allow":["GET"]}}],"collection":[{"href":"https:\/\/studiokoncept.se\/de\/wp-json\/wp\/v2\/product"}],"about":[{"href":"https:\/\/studiokoncept.se\/de\/wp-json\/wp\/v2\/types\/product"}],"version-history":[{"count":0,"href":"https:\/\/studiokoncept.se\/de\/wp-json\/wp\/v2\/product\/21023\/revisions"}],"wp:featuredmedia":[{"embeddable":true,"href":"https:\/\/studiokoncept.se\/de\/wp-json\/wp\/v2\/media\/21024"}],"wp:attachment":[{"href":"https:\/\/studiokoncept.se\/de\/wp-json\/wp\/v2\/media?parent=21023"}],"wp:term":[{"taxonomy":"product_brand","embeddable":true,"href":"https:\/\/studiokoncept.se\/de\/wp-json\/wp\/v2\/product_brand?post=21023"},{"taxonomy":"product_cat","embeddable":true,"href":"https:\/\/studiokoncept.se\/de\/wp-json\/wp\/v2\/product_cat?post=21023"},{"taxonomy":"product_tag","embeddable":true,"href":"https:\/\/studiokoncept.se\/de\/wp-json\/wp\/v2\/product_tag?post=21023"}],"curies":[{"name":"wp","href":"https:\/\/api.w.org\/{rel}","templated":true}]}}