{"id":20568,"date":"2024-12-17T13:35:45","date_gmt":"2024-12-17T12:35:45","guid":{"rendered":"https:\/\/studiokoncept.se\/?post_type=product&#038;p=20568"},"modified":"2024-12-17T13:35:45","modified_gmt":"2024-12-17T12:35:45","slug":"line-magnetic-lm-300ia","status":"publish","type":"product","link":"https:\/\/studiokoncept.se\/de\/shop\/elektronik\/integrerade-forstarkare\/line-magnetic-lm-300ia\/","title":{"rendered":"Linie Magnetisch LM-300IA"},"content":{"rendered":"<p>Der Line Magnetic LM-300IA ist ein erstklassiger integrierter R\u00f6hrenverst\u00e4rker, der ein authentisches Klangerlebnis mit klassischen 300B-Ausgangsr\u00f6hren bietet. Er l\u00e4sst sich von Vintage-Designs inspirieren, kombiniert diese aber mit moderner Technologie und hochwertigsten Komponenten, um den heutigen Anforderungen an die Audiowiedergabe gerecht zu werden.<\/p>\n<p><strong>Konstruktion und Design<\/strong><\/p>\n<p>Der LM-300IA verf\u00fcgt \u00fcber ein robustes Metallgeh\u00e4use und ein elegantes Finish, das ein hohes Ma\u00df an Handwerkskunst widerspiegelt. Er hat ein klassisches Layout mit freiliegenden R\u00f6hren, was nicht nur eine \u00c4sthetik bietet, die Audiophile anspricht, sondern auch die W\u00e4rmeableitung unterst\u00fctzt. Die Vorderseite ist minimalistisch mit Reglern f\u00fcr Lautst\u00e4rke, Eingangsumschaltung und Bias-Einstellung.<\/p>\n<p><strong>Konfiguration der Rohre<\/strong><\/p>\n<p>Der LM-300IA verwendet die legend\u00e4ren 300B-Ausgangsr\u00f6hren in Single-Ended Triode (SET) Konfiguration. Diese R\u00f6hren sind f\u00fcr ihre einzigartige F\u00e4higkeit bekannt, Klang mit au\u00dfergew\u00f6hnlicher Musikalit\u00e4t, Detailtreue und einem nat\u00fcrlichen, warmen Ton zu reproduzieren. Der Verst\u00e4rker enth\u00e4lt auch 5U4G als rechte R\u00f6hre und 12AX7 und 12AU7 als Treiberstufen.<\/p>\n<p><strong>Kraft und Leistung<\/strong><\/p>\n<p>Mit einer Ausgangsleistung von 8 Watt pro Kanal ist der LM-300IA f\u00fcr den Betrieb von Lautsprechern mit hoher Leistung optimiert. Das Single-Ended-Design liefert einen sehr sauberen und detaillierten Klang, der jede Nuance und jeden Ton der Musik mit Pr\u00e4zision wiedergibt. Der Frequenzgang reicht von 10Hz bis 50kHz und erm\u00f6glicht eine breite und dynamische Klangb\u00fchne.<\/p>\n<p><strong>Komponenten von h\u00f6chster Qualit\u00e4t<\/strong><\/p>\n<p>Um eine optimale Leistung zu erzielen, verwendet Line Magnetic LM-300IA qualitativ hochwertige Komponenten, darunter:<\/p>\n<ul>\n<li>Sorgf\u00e4ltig abgestimmte R\u00f6hren<\/li>\n<li>Hochwertige Transformatoren, handgewickelt f\u00fcr optimale Leistung<\/li>\n<li style=\"list-style-type: none;\"><\/li>\n<li>Kohleschichtwiderst\u00e4nde und zuverl\u00e4ssige Kondensatoren<\/li>\n<\/ul>\n<p><strong>Eing\u00e4nge und Anschl\u00fcsse<\/strong><\/p>\n<p>Der LM-300IA ist mit mehreren Line-Eing\u00e4ngen (RCA) ausgestattet, an die verschiedene Audioquellen wie CD-Player, DACs oder Vinyl-Player (\u00fcber einen externen RIAA-Verst\u00e4rker) angeschlossen werden k\u00f6nnen. Er verf\u00fcgt \u00fcber hochwertige Lautsprecheranschl\u00fcsse, die sowohl f\u00fcr 4- als auch f\u00fcr 8-Ohm-Lautsprecher geeignet sind.<\/p>\n<p><strong>Klangcharakter<\/strong><\/p>\n<p>Die gr\u00f6\u00dfte St\u00e4rke des LM-300IA liegt in seiner Klangwiedergabe. Dank der Eigenschaften der 300B-R\u00f6hren vermittelt er einen warmen, organischen und einnehmenden Klang mit Schwerpunkt auf dem Mitteltonbereich. Das R\u00f6hrendesign verleiht der Musik ein nat\u00fcrliches und flie\u00dfendes Gef\u00fchl, wobei Stimmen und akustische Instrumente besonders lebendig klingen. Die dynamische Leistung und die Aufl\u00f6sung der H\u00f6hen erzeugen ein klares und luftiges Klangbild.<\/p>\n<p><strong>Schlussfolgerung<\/strong><\/p>\n<p>Der Line Magnetic LM-300IA ist ein R\u00f6hrenverst\u00e4rker f\u00fcr Audiophile, die musikalische Authentizit\u00e4t und hohe Qualit\u00e4t sch\u00e4tzen. Mit seinen 300B-Ausgangsr\u00f6hren und seinem ausgereiften Design ist er eine Investition, die zeitlose Klangqualit\u00e4t vermittelt. Er ist perfekt f\u00fcr alle, die klassische \u00c4sthetik mit einem gro\u00dfartigen Klangerlebnis in ihrer HiFi-Anlage verbinden wollen.<\/p>","protected":false},"excerpt":{"rendered":"<p>Der Line Magnetic LM-300IA ist ein integrierter R\u00f6hrenverst\u00e4rker, der sowohl durch sein Design als auch durch seine Klangqualit\u00e4t besticht. Er ist eine Weiterentwicklung des Modells LM-210. Eine sehr sch\u00f6ne Entwicklung, nicht zuletzt, weil das neue Modell auch leiser ist als sein Vorg\u00e4nger.<br \/>\nMit seiner klassischen Konstruktion und der Liebe zum Detail liefert er ein warmes, nat\u00fcrliches und kraftvolles Klangbild, das nur wenige andere Verst\u00e4rker dieser Klasse erreichen.<br \/>\nEr ist mit der legend\u00e4ren 300B-Ausgangsr\u00f6hre ausgestattet, die ein Musikerlebnis auf h\u00f6chstem Niveau bietet. Der LM-300IA ist perfekt f\u00fcr Audiophile, die den klassischen R\u00f6hrensound sch\u00e4tzen und einen Verst\u00e4rker suchen, der Vintage-Feeling mit moderner Leistung verbindet.<\/p>","protected":false},"featured_media":20569,"template":"","meta":[],"product_brand":[],"product_cat":[159],"product_tag":[],"class_list":{"0":"post-20568","1":"product","2":"type-product","3":"status-publish","4":"has-post-thumbnail","6":"product_cat-integrerade-forstarkare","7":"product_shipping_class-standard","9":"first","10":"instock","11":"taxable","12":"shipping-taxable","13":"purchasable","14":"product-type-simple"},"bundled_by":[],"bundle_stock_status":"instock","bundle_stock_quantity":null,"bundle_virtual":false,"bundle_layout":"","bundle_add_to_cart_form_location":"","bundle_editable_in_cart":false,"bundle_sold_individually_context":"","bundle_item_grouping":"","bundle_min_size":"","bundle_max_size":"","bundle_price":[],"bundled_items":[],"bundle_sell_ids":[],"_links":{"self":[{"href":"https:\/\/studiokoncept.se\/de\/wp-json\/wp\/v2\/product\/20568","targetHints":{"allow":["GET"]}}],"collection":[{"href":"https:\/\/studiokoncept.se\/de\/wp-json\/wp\/v2\/product"}],"about":[{"href":"https:\/\/studiokoncept.se\/de\/wp-json\/wp\/v2\/types\/product"}],"version-history":[{"count":0,"href":"https:\/\/studiokoncept.se\/de\/wp-json\/wp\/v2\/product\/20568\/revisions"}],"wp:featuredmedia":[{"embeddable":true,"href":"https:\/\/studiokoncept.se\/de\/wp-json\/wp\/v2\/media\/20569"}],"wp:attachment":[{"href":"https:\/\/studiokoncept.se\/de\/wp-json\/wp\/v2\/media?parent=20568"}],"wp:term":[{"taxonomy":"product_brand","embeddable":true,"href":"https:\/\/studiokoncept.se\/de\/wp-json\/wp\/v2\/product_brand?post=20568"},{"taxonomy":"product_cat","embeddable":true,"href":"https:\/\/studiokoncept.se\/de\/wp-json\/wp\/v2\/product_cat?post=20568"},{"taxonomy":"product_tag","embeddable":true,"href":"https:\/\/studiokoncept.se\/de\/wp-json\/wp\/v2\/product_tag?post=20568"}],"curies":[{"name":"wp","href":"https:\/\/api.w.org\/{rel}","templated":true}]}}