{"id":20206,"date":"2024-11-07T06:24:55","date_gmt":"2024-11-07T05:24:55","guid":{"rendered":"https:\/\/studiokoncept.se\/?post_type=product&#038;p=20206"},"modified":"2026-01-25T06:32:17","modified_gmt":"2026-01-25T05:32:17","slug":"verum-2-verum-audio","status":"publish","type":"product","link":"https:\/\/studiokoncept.se\/de\/shop\/horlurar\/verum-2-verum-audio\/","title":{"rendered":"Verum 2, Verum Audio"},"content":{"rendered":"<p><strong>Verum 2<\/strong> ist der lang erwartete Nachfolger des urspr\u00fcnglichen planaren magnetischen Kopfh\u00f6rers von Verum Audio und bietet eine verfeinerte Version mit Verbesserungen bei Komfort und Klang.<\/p>\n<p><strong>Unterschiede zwischen Verum 2 und Verum 1<\/strong>:<\/p>\n<ol>\n<li>Die Membran des Verum 2 ist mit 2,5 \u00b5m zehnmal d\u00fcnner als die des Vorg\u00e4ngers (22 \u00b5m), was zu einer schnelleren Reaktion und einem pr\u00e4ziseren Klang f\u00fchrt.<\/li>\n<li>Das Modell hat jetzt 44 statt 28 d\u00fcnne Seltene-Erden-Magnete, die ein st\u00e4rkeres und gleichm\u00e4\u00dfigeres Magnetfeld erzeugen.<\/li>\n<li>Eine neue leitf\u00e4hige Silberschicht ersetzt das Aluminium und verbessert sowohl die Leitf\u00e4higkeit als auch die Haltbarkeit.<\/li>\n<li>Innovative Bassreflex\u00f6ffnungen in den Ohrpolstern sorgen f\u00fcr eine satte Basswiedergabe ohne EQ-Anpassungen oder Kompromisse bei der Geschwindigkeit.<\/li>\n<li>Die aktive Oberfl\u00e4che des Treibers hat sich um 25 % in einem kleineren Format vergr\u00f6\u00dfert, und nun sind 95 % der Oberfl\u00e4che von der leitenden Silberschicht bedeckt, verglichen mit 70 % in Verum 1.<\/li>\n<li>Au\u00dferdem sind die Kopfh\u00f6rer kleiner und leichter, was den Tragekomfort bei langen H\u00f6rsitzungen erh\u00f6ht.<\/li>\n<\/ol>\n<p><strong>Klangliche Merkmale<\/strong>Verum 2 verwendet eine planare magnetische Treibertechnologie, die es erm\u00f6glicht, den Klang mit ausgezeichneter Klarheit und Pr\u00e4zision zu reproduzieren. Der Bass ist sowohl tief als auch ausgewogen und bietet ein kraftvolles unteres Ende, ohne die Kontrolle zu verlieren. Der Mitteltonbereich ist warm und nat\u00fcrlich, und die H\u00f6hen behalten ein hohes Ma\u00df an Details bei, ohne hart oder \u00fcberladen zu wirken. Die gesamte Klangb\u00fchne ist breit und einh\u00fcllend und schafft ein fesselndes H\u00f6rerlebnis f\u00fcr alles, von komplexen Orchesterst\u00fccken bis hin zu dynamischem Rock und akustischem Jazz.<\/p>\n<p><strong>Komfort und Benutzerfreundlichkeit<\/strong>Die Verum 2 sind so konzipiert, dass sie auch bei langen H\u00f6rsessions bequem sitzen. Sie verf\u00fcgen \u00fcber verbesserte Ohrpolster und einen verstellbaren Kopfb\u00fcgel, der f\u00fcr einen festen, aber bequemen Sitz sorgt. Au\u00dferdem sind sie leichter als ihr Vorg\u00e4nger, was sie ideal f\u00fcr intensive H\u00f6rer und Audiophile macht.<\/p>\n<p><strong>Kurzfassung<\/strong>Der Verum 2 bietet eine beeindruckende Kombination aus Qualit\u00e4t und erstklassiger Leistung, ohne dabei seine Erschwinglichkeit zu verlieren. Das neue Modell legt die Messlatte f\u00fcr erschwingliche magnetische Planar-Kopfh\u00f6rer h\u00f6her und ist eine hervorragende Wahl f\u00fcr Musikliebhaber.<\/p>\n<p>Garantie: 2 Jahre auf den Kopfh\u00f6rer, 1 Jahr auf die Lederteile, 6 Monate auf die Kabel.<\/p>\n<p>Die gelben, schwarzen und perlmuttfarbenen Kopfh\u00f6rer werden voraussichtlich Mitte Juli auf den Markt kommen.<\/p>","protected":false},"excerpt":{"rendered":"<p>Nu finns alla modellerna i lager.<\/p>\n<p>Verum 2 baut auf dem beispiellosen Preis-\/Leistungsverh\u00e4ltnis auf, das Verum 1 zum Favoriten unter Audiophilen gemacht hat (siehe Beschreibung unten f\u00fcr einen Vergleich). Mit dieser neuen Entwicklung bietet Verum Audio ein noch gr\u00f6\u00dferes H\u00f6rerlebnis, jetzt mit Verbesserungen sowohl im Design als auch in der Klangqualit\u00e4t. Der Kopfh\u00f6rer ist leichter und ergonomischer geworden und bietet mehr Komfort bei langem H\u00f6ren. Das Klangbild wurde mit tieferen und kontrollierteren B\u00e4ssen, einem nat\u00fcrlicheren Mitteltonbereich und kristallklaren H\u00f6hen verfeinert, die zusammen ein breiteres und intensiveres Klangbild erzeugen. Die verbesserten Materialien verbessern die Verarbeitungsqualit\u00e4t und bieten ein hervorragendes Preis-Leistungs-Verh\u00e4ltnis.<\/p>\n<p>Dieses Kit enth\u00e4lt Folgendes: Verum 2-Kopfh\u00f6rer, SE-Kabel, XLR-Kabel, Tragetasche, Leder- und Hybrid-Pads.<\/p>\n<p>Die Lieferung von Verum 2 ist eingetroffen. Perlmutt und Schwarz sind jetzt auf Lager.<\/p>","protected":false},"featured_media":20217,"template":"","meta":[],"product_brand":[],"product_cat":[157],"product_tag":[],"class_list":{"0":"post-20206","1":"product","2":"type-product","3":"status-publish","4":"has-post-thumbnail","6":"product_cat-horlurar","7":"product_shipping_class-standard","9":"first","10":"instock","11":"taxable","12":"shipping-taxable","13":"purchasable","14":"product-type-variable","15":"has-default-attributes"},"bundled_by":[],"bundle_stock_status":"instock","bundle_stock_quantity":null,"bundle_virtual":false,"bundle_layout":"","bundle_add_to_cart_form_location":"","bundle_editable_in_cart":false,"bundle_sold_individually_context":"","bundle_item_grouping":"","bundle_min_size":"","bundle_max_size":"","bundle_price":[],"bundled_items":[],"bundle_sell_ids":[],"_links":{"self":[{"href":"https:\/\/studiokoncept.se\/de\/wp-json\/wp\/v2\/product\/20206","targetHints":{"allow":["GET"]}}],"collection":[{"href":"https:\/\/studiokoncept.se\/de\/wp-json\/wp\/v2\/product"}],"about":[{"href":"https:\/\/studiokoncept.se\/de\/wp-json\/wp\/v2\/types\/product"}],"version-history":[{"count":0,"href":"https:\/\/studiokoncept.se\/de\/wp-json\/wp\/v2\/product\/20206\/revisions"}],"wp:featuredmedia":[{"embeddable":true,"href":"https:\/\/studiokoncept.se\/de\/wp-json\/wp\/v2\/media\/20217"}],"wp:attachment":[{"href":"https:\/\/studiokoncept.se\/de\/wp-json\/wp\/v2\/media?parent=20206"}],"wp:term":[{"taxonomy":"product_brand","embeddable":true,"href":"https:\/\/studiokoncept.se\/de\/wp-json\/wp\/v2\/product_brand?post=20206"},{"taxonomy":"product_cat","embeddable":true,"href":"https:\/\/studiokoncept.se\/de\/wp-json\/wp\/v2\/product_cat?post=20206"},{"taxonomy":"product_tag","embeddable":true,"href":"https:\/\/studiokoncept.se\/de\/wp-json\/wp\/v2\/product_tag?post=20206"}],"curies":[{"name":"wp","href":"https:\/\/api.w.org\/{rel}","templated":true}]}}