{"id":20166,"date":"2024-09-27T08:15:24","date_gmt":"2024-09-27T06:15:24","guid":{"rendered":"https:\/\/studiokoncept.se\/?post_type=product&#038;p=20166"},"modified":"2025-05-31T19:57:30","modified_gmt":"2025-05-31T17:57:30","slug":"fezz-equinox-prestige-balanced-dac-by-lampizator","status":"publish","type":"product","link":"https:\/\/studiokoncept.se\/de\/produkt\/fezz-equinox-prestige-balanced-dac-by-lampizator\/","title":{"rendered":"Fezz Equinox Prestige Balanced DAC von Lampizator"},"content":{"rendered":"<h3>Warum die ausgewogene Version?<\/h3>\n<p>Der symmetrische Fezz Equinox Prestige DAC von Lampizator ist ideal f\u00fcr alle, die absolute Pr\u00e4zision und Klarheit in ihrem H\u00f6rerlebnis suchen. Mit einem symmetrischen Signalpfad werden elektromagnetische St\u00f6rungen und Brummen, die die Klangqualit\u00e4t in empfindlichen Audiosystemen beeintr\u00e4chtigen k\u00f6nnen, deutlich reduziert. Dies bedeutet einen leiseren Hintergrund, eine bessere Kanaltrennung und ein pr\u00e4ziseres Klangbild. Diese Version ist ideal f\u00fcr High-End-Audiosysteme, bei denen jede Nuance der Musik wichtig ist und bei denen die Reinheit des Klangs und der Dynamikbereich im Vordergrund stehen. F\u00fcr die anspruchsvollsten H\u00f6rer ist die ausgewogene Version die optimale Wahl.<\/p>\n<p>Der Fezz Equinox Prestige Balanced DAC von Lampizator ist das Ergebnis einer bahnbrechenden Zusammenarbeit zwischen Fezz Audio, bekannt f\u00fcr seine R\u00f6hrenverst\u00e4rker, und Lampizator, einem f\u00fchrenden Unternehmen der DAC-Technologie. Dieses Modell ist ein Hochleistungs-DAC, der Ihr H\u00f6rerlebnis mit seiner au\u00dfergew\u00f6hnlichen Pr\u00e4zision und Genauigkeit der Wiedergabe auf ein neues Niveau hebt.<\/p>\n<p>Der DAC ist symmetrisch aufgebaut, was bedeutet, dass sowohl die symmetrischen (XLR) als auch die unsymmetrischen (Cinch) Ausg\u00e4nge Flexibilit\u00e4t beim Anschluss an verschiedene Systeme bieten. Das symmetrische Design minimiert elektrische Interferenzen und bietet ein klareres Klangbild, was ihn zur perfekten Wahl f\u00fcr High-End-HiFi-Anlagen macht.<\/p>\n<p>Einer der beeindruckendsten Aspekte des Fezz Equinox Prestige ist seine F\u00e4higkeit, hochaufl\u00f6sende Audioformate zu verarbeiten. Er unterst\u00fctzt PCM bis zu 384 kHz und DSD-Dateien und sorgt so f\u00fcr eine kristallklare und detaillierte Klangwiedergabe, unabh\u00e4ngig von der Musikquelle. Der Digital-Analog-Wandler nutzt fortschrittliche Technologie, um digitale Signale pr\u00e4zise in analoge umzuwandeln, ohne dabei Musikalit\u00e4t, Dynamik oder Emotionen zu verlieren.<\/p>\n<p>Das Geh\u00e4use ist aus hochwertigen Materialien gefertigt, die sowohl ein \u00e4sthetisches Design als auch funktionale Haltbarkeit bieten. Das schlichte, minimalistische Design f\u00fcgt sich gut in jede H\u00f6rumgebung ein, und die interne Platine wurde mit Pr\u00e4zision entwickelt, um die Signalwege zu optimieren und das Rauschen zu minimieren.<\/p>\n<p>Fezz Audio und Lampizator blicken beide auf eine lange Geschichte der Innovation im Audiobereich zur\u00fcck, und dieser DAC ist ein Beweis f\u00fcr ihre Kompetenz. Er ist eine ideale Komponente f\u00fcr alle, die Wert auf eine authentische, unverf\u00e4lschte Musikwiedergabe legen, von den subtilen Details klassischer Musik bis hin zur kraftvollen Dynamik moderner elektronischer Musik.<\/p>\n<p>Der Fezz Equinox Prestige Balanced DAC liefert ein Klangerlebnis, das die Musik nicht nur wiedergibt, sondern sie zum Leben erweckt und jedem H\u00f6rer eine unvergessliche H\u00f6rreise beschert.<\/p>","protected":false},"excerpt":{"rendered":"<p>Der Fezz Equinox Prestige Balanced DAC von Lampizator ist ein exklusiver DAC, der die hohen Qualit\u00e4tsstandards von Fezz Audio mit der innovativen Digitaltechnologie von Lampizator kombiniert. Das symmetrische Design reduziert Rauschen und Interferenzen, was zu einer sauberen und pr\u00e4zisen Klangwiedergabe f\u00fchrt. Im Vergleich zum unsymmetrischen Fezz Equinox DAC bietet das Prestige-Modell eine verbesserte Signalverarbeitung und eine bessere 3D-Wiedergabe und ist damit die erste Wahl f\u00fcr Audiophile, die das Beste aus ihrer Audiokette herausholen wollen.<\/p>\n<p>Fezz Audio hat auch eine sehr praktische L\u00f6sung f\u00fcr die R\u00f6hren gefunden: eine Klappe auf der Oberseite. Das Wechseln der R\u00f6hren ist ein Kinderspiel!<\/p>","protected":false},"featured_media":20175,"template":"","meta":[],"product_brand":[],"product_cat":[164],"product_tag":[],"class_list":{"0":"post-20166","1":"product","2":"type-product","3":"status-publish","4":"has-post-thumbnail","6":"product_cat-dac","7":"product_shipping_class-standard","9":"first","10":"instock","11":"taxable","12":"shipping-taxable","13":"purchasable","14":"product-type-variable","15":"has-default-attributes"},"bundled_by":[],"bundle_stock_status":"instock","bundle_stock_quantity":null,"bundle_virtual":false,"bundle_layout":"","bundle_add_to_cart_form_location":"","bundle_editable_in_cart":false,"bundle_sold_individually_context":"","bundle_item_grouping":"","bundle_min_size":"","bundle_max_size":"","bundle_price":[],"bundled_items":[],"bundle_sell_ids":[],"_links":{"self":[{"href":"https:\/\/studiokoncept.se\/de\/wp-json\/wp\/v2\/product\/20166","targetHints":{"allow":["GET"]}}],"collection":[{"href":"https:\/\/studiokoncept.se\/de\/wp-json\/wp\/v2\/product"}],"about":[{"href":"https:\/\/studiokoncept.se\/de\/wp-json\/wp\/v2\/types\/product"}],"version-history":[{"count":0,"href":"https:\/\/studiokoncept.se\/de\/wp-json\/wp\/v2\/product\/20166\/revisions"}],"wp:featuredmedia":[{"embeddable":true,"href":"https:\/\/studiokoncept.se\/de\/wp-json\/wp\/v2\/media\/20175"}],"wp:attachment":[{"href":"https:\/\/studiokoncept.se\/de\/wp-json\/wp\/v2\/media?parent=20166"}],"wp:term":[{"taxonomy":"product_brand","embeddable":true,"href":"https:\/\/studiokoncept.se\/de\/wp-json\/wp\/v2\/product_brand?post=20166"},{"taxonomy":"product_cat","embeddable":true,"href":"https:\/\/studiokoncept.se\/de\/wp-json\/wp\/v2\/product_cat?post=20166"},{"taxonomy":"product_tag","embeddable":true,"href":"https:\/\/studiokoncept.se\/de\/wp-json\/wp\/v2\/product_tag?post=20166"}],"curies":[{"name":"wp","href":"https:\/\/api.w.org\/{rel}","templated":true}]}}