{"id":20104,"date":"2024-09-04T09:08:01","date_gmt":"2024-09-04T07:08:01","guid":{"rendered":"https:\/\/studiokoncept.se\/?post_type=product&#038;p=20104"},"modified":"2024-09-04T14:14:02","modified_gmt":"2024-09-04T12:14:02","slug":"entreq-protectus","status":"publish","type":"product","link":"https:\/\/studiokoncept.se\/de\/produkt\/entreq-protectus\/","title":{"rendered":"Entreq Protectus"},"content":{"rendered":"<p>Entreqs Protectus ist eine schwingungsd\u00e4mpfende Plattform, die sowohl mechanische als auch elektromagnetische St\u00f6rungen in Audiosystemen beseitigen soll. Die Plattform besteht aus kreuzweise verleimten Holzschichten mit Hohlr\u00e4umen, die mit Metallkugeln unterschiedlicher Gr\u00f6\u00dfe und Materialien gef\u00fcllt sind. Diese Kugeln fangen Schwingungen auf und wandeln sie in W\u00e4rme um, w\u00e4hrend galvanische Str\u00f6me ein Magnetfeld erzeugen, das die elektromagnetischen Felder der angeschlossenen Ger\u00e4te beeinflusst und stabilisiert.<\/p>\n<p>Protectus wird \u00fcber ein spezielles Eartha-Kabel angeschlossen, das hochfrequente Str\u00f6me aus dem Geh\u00e4use der Komponenten ableitet und so Hochfrequenzrauschen und Magnetismus reduziert. Das Produkt ist in drei Leistungsstufen erh\u00e4ltlich: Stufe 1, Stufe 2 und Stufe 3, sowie in drei Gr\u00f6\u00dfen (mittel, gro\u00df und extra gro\u00df). Jede Stufe und Gr\u00f6\u00dfe ist so konzipiert, dass sie je nach den Anforderungen des Systems eine maximale D\u00e4mpfung bietet. Protectus kann so die Dynamik verbessern, St\u00f6rungen reduzieren und ein reineres Klangerlebnis bieten.<\/p>\n<p>Die Installation der Plattform ist einfach, und es ist m\u00f6glich, sie unter verschiedenen Audiokomponenten wie Verst\u00e4rkern oder Streamern zu platzieren, um deren Leistung zu optimieren. Bewertungen zeigen, dass Protectus eine sp\u00fcrbar tiefere und entspanntere Klangb\u00fchne erzeugt<\/p>","protected":false},"excerpt":{"rendered":"<p>Protectus von Entreq ist eine fortschrittliche Vibrationsplattform, die entwickelt wurde, um hochfrequente St\u00f6rungen und Vibrationen in Audiosystemen zu reduzieren. Durch die Verwendung von kreuzlaminierten Holz- und Metallkugeln absorbiert sie Vibrationen und wandelt sie in W\u00e4rme um, wodurch die Klangqualit\u00e4t verbessert wird. Die Plattform ist in drei Leistungsstufen und drei Gr\u00f6\u00dfen erh\u00e4ltlich, um unterschiedlichen Anforderungen und Komponenten von Audiosystemen gerecht zu werden.<\/p>\n<p>ntreq Protectus ist in drei verschiedenen Gr\u00f6\u00dfen erh\u00e4ltlich, die f\u00fcr unterschiedliche Arten von Audiokomponenten geeignet sind:<\/p>\n<ol>\n<li><strong>Mittel<\/strong>: Tiefe 390 mm, Breite 450 mm x H\u00f6he 30 mm. Diese Gr\u00f6\u00dfe ist gut geeignet f\u00fcr kleinere Komponenten wie Streamer oder kleinere Verst\u00e4rker.<\/li>\n<li><strong>Gro\u00df<\/strong>Tiefe: 450 mm, Breite 490 mm. Eine gr\u00f6\u00dfere Version, die besser f\u00fcr gr\u00f6\u00dfere Ger\u00e4te oder Verst\u00e4rker geeignet ist, die mehr Vibrationsd\u00e4mpfung ben\u00f6tigen.<\/li>\n<li><strong>Extra gro\u00df<\/strong>Tiefe 450 mm, Breite 590 mm.  Die gr\u00f6\u00dfte Version, entwickelt f\u00fcr die anspruchsvollsten Komponenten und Audiosysteme, bei denen maximale D\u00e4mpfung erforderlich ist.<\/li>\n<\/ol>\n<p>Alle Gr\u00f6\u00dfen sind in drei verschiedenen Leistungsstufen (Level 1, 2 und 3) erh\u00e4ltlich und bieten somit Flexibilit\u00e4t je nach Ihren Systemanforderungen<\/p>\n<p>Lesen Sie mehr unter den Registerkarten<\/p>","protected":false},"featured_media":20105,"template":"","meta":[],"product_brand":[],"product_cat":[176],"product_tag":[],"class_list":{"0":"post-20104","1":"product","2":"type-product","3":"status-publish","4":"has-post-thumbnail","6":"product_cat-rack","7":"product_shipping_class-standard","9":"first","10":"instock","11":"taxable","12":"shipping-taxable","13":"purchasable","14":"product-type-variable"},"bundled_by":[],"bundle_stock_status":"instock","bundle_stock_quantity":null,"bundle_virtual":false,"bundle_layout":"","bundle_add_to_cart_form_location":"","bundle_editable_in_cart":false,"bundle_sold_individually_context":"","bundle_item_grouping":"","bundle_min_size":"","bundle_max_size":"","bundle_price":[],"bundled_items":[],"bundle_sell_ids":[],"_links":{"self":[{"href":"https:\/\/studiokoncept.se\/de\/wp-json\/wp\/v2\/product\/20104","targetHints":{"allow":["GET"]}}],"collection":[{"href":"https:\/\/studiokoncept.se\/de\/wp-json\/wp\/v2\/product"}],"about":[{"href":"https:\/\/studiokoncept.se\/de\/wp-json\/wp\/v2\/types\/product"}],"version-history":[{"count":0,"href":"https:\/\/studiokoncept.se\/de\/wp-json\/wp\/v2\/product\/20104\/revisions"}],"wp:featuredmedia":[{"embeddable":true,"href":"https:\/\/studiokoncept.se\/de\/wp-json\/wp\/v2\/media\/20105"}],"wp:attachment":[{"href":"https:\/\/studiokoncept.se\/de\/wp-json\/wp\/v2\/media?parent=20104"}],"wp:term":[{"taxonomy":"product_brand","embeddable":true,"href":"https:\/\/studiokoncept.se\/de\/wp-json\/wp\/v2\/product_brand?post=20104"},{"taxonomy":"product_cat","embeddable":true,"href":"https:\/\/studiokoncept.se\/de\/wp-json\/wp\/v2\/product_cat?post=20104"},{"taxonomy":"product_tag","embeddable":true,"href":"https:\/\/studiokoncept.se\/de\/wp-json\/wp\/v2\/product_tag?post=20104"}],"curies":[{"name":"wp","href":"https:\/\/api.w.org\/{rel}","templated":true}]}}