{"id":20021,"date":"2024-08-01T08:48:16","date_gmt":"2024-08-01T06:48:16","guid":{"rendered":"https:\/\/studiokoncept.se\/?post_type=product&#038;p=20021"},"modified":"2024-08-01T09:46:09","modified_gmt":"2024-08-01T07:46:09","slug":"ifi-audio-zen-dac-3","status":"publish","type":"product","link":"https:\/\/studiokoncept.se\/de\/shop\/elektronik\/dac\/ifi-audio-zen-dac-3\/","title":{"rendered":"Ifi Audio ZEN DAC 3"},"content":{"rendered":"<p>Der ZEN DAC V3 von iFi Audio ist ein vielseitiger und erschwinglicher Digital-Analog-Wandler (DAC) und Kopfh\u00f6rerverst\u00e4rker, der Ihr Audioerlebnis auf ein neues Niveau hebt. Mit seinem schlanken und kompakten Design kombiniert er fortschrittliche Technologie mit benutzerfreundlichen Funktionen und ist damit ideal f\u00fcr Heim- und B\u00fcroumgebungen.<\/p>\n<h4>Hauptmerkmale und Spezifikationen<\/h4>\n<ul>\n<li><strong>Hochaufl\u00f6sendes Audio<\/strong>Der ZEN DAC V3 unterst\u00fctzt PCM mit bis zu 32 Bit\/768 kHz, DSD512 und vollst\u00e4ndige MQA-Dekodierung und sorgt so f\u00fcr eine unvergleichlich klare und detaillierte Audiowiedergabe.<\/li>\n<li><strong>USB-C-Anschluss<\/strong>F\u00fcr einfaches Kabelmanagement und \u00dcberstromschutz, der das Ger\u00e4t vor m\u00f6glichen Sch\u00e4den sch\u00fctzt.<\/li>\n<li><strong>Symmetrische und unsymmetrische Ausg\u00e4nge<\/strong>Ausgestattet mit symmetrischen 4,4-mm- und unsymmetrischen 6,3-mm-Kopfh\u00f6rerausg\u00e4ngen, die eine flexible Nutzung verschiedener Kopfh\u00f6rer erm\u00f6glichen.<\/li>\n<li><strong>XBass+ und PowerMatch<\/strong>XBass+ ist eine analoge Bassverst\u00e4rkung, die die Basswiedergabe verbessert, ohne den Mitteltonbereich zu beeintr\u00e4chtigen. PowerMatch passt die Verst\u00e4rkung perfekt an die Empfindlichkeit der verschiedenen Kopfh\u00f6rer an.<\/li>\n<li><strong>Variable und feste Leistung<\/strong>Kann als Vorverst\u00e4rker f\u00fcr Aktivlautsprecher oder als reiner DAC bei Anschluss an einen externen Verst\u00e4rker verwendet werden.<\/li>\n<li><strong>Verbesserte Klangqualit\u00e4t<\/strong>Der ZEN DAC V3 verf\u00fcgt \u00fcber einen Burr-Brown True Native DAC-Chip und einen 16-Core XMOS-Chip f\u00fcr die fortschrittliche Audioverarbeitung, der daf\u00fcr sorgt, dass das Audiosignal bei der Umwandlung von digital zu analog sauber und pr\u00e4zise bleibt.<\/li>\n<\/ul>\n<p>Der ZEN DAC V3 ist ein herausragendes Produkt, das fortschrittliche Audiotechnologie zu einem erschwinglichen Preis bietet. Ganz gleich, ob Sie ein ernsthafter Audiophiler sind oder einfach nur Ihr allt\u00e4gliches H\u00f6rerlebnis verbessern m\u00f6chten - der ZEN DAC V3 bietet kristallklaren Klang und eine starke Leistung in einem kompakten und eleganten Paket.<span class=\"\" data-state=\"closed\"><span class=\"text-token-text-secondary\"> (<\/span><a class=\"text-green-600 !no-underline\" href=\"https:\/\/ifi-audio.com\/products\/zen-dac-3\/\" target=\"_blank\" rel=\"noopener noreferrer\">iFi-Audio<\/a><span class=\"text-token-text-secondary\">)<\/span><\/span>.<\/p>","protected":false},"excerpt":{"rendered":"<p>Der ZEN DAC V3 von iFi Audio ist ein erschwinglicher und leistungsstarker DAC\/Kopfh\u00f6rerverst\u00e4rker mit USB-C-Konnektivit\u00e4t. Er unterst\u00fctzt hochaufl\u00f6sendes Audio mit bis zu 32 Bit\/768 kHz und bietet sowohl symmetrische als auch unsymmetrische Kopfh\u00f6rerausg\u00e4nge. Mit Funktionen wie XBass+ und PowerMatch ist er perfekt f\u00fcr Musikliebhaber, die ihr H\u00f6rerlebnis zu Hause oder im B\u00fcro verbessern m\u00f6chten.<\/p>","protected":false},"featured_media":20027,"template":"","meta":[],"product_brand":[],"product_cat":[164,163],"product_tag":[],"class_list":{"0":"post-20021","1":"product","2":"type-product","3":"status-publish","4":"has-post-thumbnail","6":"product_cat-dac","7":"product_cat-horlursforstarkare","9":"first","10":"instock","11":"taxable","12":"shipping-taxable","13":"purchasable","14":"product-type-simple"},"bundled_by":[],"bundle_stock_status":"instock","bundle_stock_quantity":null,"bundle_virtual":false,"bundle_layout":"","bundle_add_to_cart_form_location":"","bundle_editable_in_cart":false,"bundle_sold_individually_context":"","bundle_item_grouping":"","bundle_min_size":"","bundle_max_size":"","bundle_price":[],"bundled_items":[],"bundle_sell_ids":[],"_links":{"self":[{"href":"https:\/\/studiokoncept.se\/de\/wp-json\/wp\/v2\/product\/20021","targetHints":{"allow":["GET"]}}],"collection":[{"href":"https:\/\/studiokoncept.se\/de\/wp-json\/wp\/v2\/product"}],"about":[{"href":"https:\/\/studiokoncept.se\/de\/wp-json\/wp\/v2\/types\/product"}],"version-history":[{"count":0,"href":"https:\/\/studiokoncept.se\/de\/wp-json\/wp\/v2\/product\/20021\/revisions"}],"wp:featuredmedia":[{"embeddable":true,"href":"https:\/\/studiokoncept.se\/de\/wp-json\/wp\/v2\/media\/20027"}],"wp:attachment":[{"href":"https:\/\/studiokoncept.se\/de\/wp-json\/wp\/v2\/media?parent=20021"}],"wp:term":[{"taxonomy":"product_brand","embeddable":true,"href":"https:\/\/studiokoncept.se\/de\/wp-json\/wp\/v2\/product_brand?post=20021"},{"taxonomy":"product_cat","embeddable":true,"href":"https:\/\/studiokoncept.se\/de\/wp-json\/wp\/v2\/product_cat?post=20021"},{"taxonomy":"product_tag","embeddable":true,"href":"https:\/\/studiokoncept.se\/de\/wp-json\/wp\/v2\/product_tag?post=20021"}],"curies":[{"name":"wp","href":"https:\/\/api.w.org\/{rel}","templated":true}]}}