{"id":19982,"date":"2024-07-30T07:41:01","date_gmt":"2024-07-30T05:41:01","guid":{"rendered":"https:\/\/studiokoncept.se\/?post_type=product&#038;p=19982"},"modified":"2024-07-31T21:55:53","modified_gmt":"2024-07-31T19:55:53","slug":"ifi-audio-lan-ipurifier-pro","status":"publish","type":"product","link":"https:\/\/studiokoncept.se\/de\/shop\/elektronik\/streaming\/switchar\/ifi-audio-lan-ipurifier-pro\/","title":{"rendered":"Ifi Audio LAN iPurifier Pro"},"content":{"rendered":"<p>Der LAN iPurifier Pro von SilentPower nutzt die optische galvanische Isolationstechnologie, um elektrische St\u00f6rungen und Interferenzen von Netzwerkroutern oder Switches zu isolieren und zu eliminieren. Durch die Umwandlung von LAN-Signalen in optische Signale und zur\u00fcck wird eine saubere und leise Audiowiedergabe gew\u00e4hrleistet. Das Ger\u00e4t minimiert Jitter und verbessert das System-Timing durch aktive Signalregeneration. Durch die einfache Installation zwischen Router und Netzwerkger\u00e4t bietet es eine elegante L\u00f6sung f\u00fcr Audiophile, die die Leistung ihrer Musikstreamer, 4K-Medienboxen und PCs optimieren m\u00f6chten.<\/p>\n<div><\/div>\n<p>LAN iPurifier Pro wird \u00fcber USB-C mit Strom versorgt und kann mit iPower2 oder iPowerX f\u00fcr weitere Leistungsverbesserungen aufger\u00fcstet werden.<\/p>\n<p>Weitere Informationen finden Sie unter <a href=\"https:\/\/www.silentpower.tech\/products\/lan-ipurifier-pro\" target=\"_new\" rel=\"noreferrer noopener\">SilentPower<\/a>.<\/p>","protected":false},"excerpt":{"rendered":"<p>LAN iPurifier Pro ist eine Weiterentwicklung von LAN iSilencer. Es handelt sich um einen Ethernet-Rauschfilter mit optischer Isolierung, der elektrisches Rauschen und St\u00f6rungen von Netzwerk-Routern eliminiert.<\/p>\n<p>Er verbessert die Klangqualit\u00e4t von Musik-Streamern, 4K-Medienboxen und Streaming-PCs, indem er Signale isoliert und regeneriert und so Jitter und Systemrauschen minimiert.<\/p>\n<p>Ich empfehle dringend ein Upgrade mit <a href=\"https:\/\/studiokoncept.se\/de\/shop\/stromhantering\/stromrening\/ifi-audioipower-xnatdel\/\" target=\"_blank\" rel=\"noopener\">iPower X<\/a> f\u00fcr mehr Leistung.<\/p>","protected":false},"featured_media":20013,"template":"","meta":[],"product_brand":[],"product_cat":[237,684],"product_tag":[],"class_list":{"0":"post-19982","1":"product","2":"type-product","3":"status-publish","4":"has-post-thumbnail","6":"product_cat-signalrening","7":"product_cat-switchar","9":"first","10":"instock","11":"taxable","12":"shipping-taxable","13":"purchasable","14":"product-type-simple"},"bundled_by":[],"bundle_stock_status":"instock","bundle_stock_quantity":null,"bundle_virtual":false,"bundle_layout":"","bundle_add_to_cart_form_location":"","bundle_editable_in_cart":false,"bundle_sold_individually_context":"","bundle_item_grouping":"","bundle_min_size":"","bundle_max_size":"","bundle_price":[],"bundled_items":[],"bundle_sell_ids":[],"_links":{"self":[{"href":"https:\/\/studiokoncept.se\/de\/wp-json\/wp\/v2\/product\/19982","targetHints":{"allow":["GET"]}}],"collection":[{"href":"https:\/\/studiokoncept.se\/de\/wp-json\/wp\/v2\/product"}],"about":[{"href":"https:\/\/studiokoncept.se\/de\/wp-json\/wp\/v2\/types\/product"}],"version-history":[{"count":0,"href":"https:\/\/studiokoncept.se\/de\/wp-json\/wp\/v2\/product\/19982\/revisions"}],"wp:featuredmedia":[{"embeddable":true,"href":"https:\/\/studiokoncept.se\/de\/wp-json\/wp\/v2\/media\/20013"}],"wp:attachment":[{"href":"https:\/\/studiokoncept.se\/de\/wp-json\/wp\/v2\/media?parent=19982"}],"wp:term":[{"taxonomy":"product_brand","embeddable":true,"href":"https:\/\/studiokoncept.se\/de\/wp-json\/wp\/v2\/product_brand?post=19982"},{"taxonomy":"product_cat","embeddable":true,"href":"https:\/\/studiokoncept.se\/de\/wp-json\/wp\/v2\/product_cat?post=19982"},{"taxonomy":"product_tag","embeddable":true,"href":"https:\/\/studiokoncept.se\/de\/wp-json\/wp\/v2\/product_tag?post=19982"}],"curies":[{"name":"wp","href":"https:\/\/api.w.org\/{rel}","templated":true}]}}