{"id":19095,"date":"2024-01-29T03:59:39","date_gmt":"2024-01-29T02:59:39","guid":{"rendered":"https:\/\/studiokoncept.se\/?post_type=product&#038;p=19095"},"modified":"2024-01-29T04:03:34","modified_gmt":"2024-01-29T03:03:34","slug":"entreq-eartha-revelation","status":"publish","type":"product","link":"https:\/\/studiokoncept.se\/de\/shop\/jordning\/entreq-eartha-jordkablar\/entreq-eartha-revelation\/","title":{"rendered":"Entreq Eartha Offenbarung"},"content":{"rendered":"<h3><\/h3>","protected":false},"excerpt":{"rendered":"<h3>Eartha Offenbarung<\/h3>\n<p>Entreqs neues, brillantes Preis-Leistungs-Verh\u00e4ltnis.<\/p>\n<p>Bitte treffen Sie die folgenden Auswahlen:<\/p>\n<ol>\n<li>L\u00e4nge des Eartha-Kabels: Bitte kontaktieren Sie uns f\u00fcr Sonderl\u00e4ngen.<\/li>\n<li>W\u00e4hlen Sie den Stecker, den Sie f\u00fcr den Anschluss an Ihre Elektronik ben\u00f6tigen.<\/li>\n<li>W\u00e4hlen Sie, ob Sie einen festen Kontakt oder das Klicksystem w\u00fcnschen. Das Click-on-System hat den Vorteil, dass der Stecker schnell und einfach ausgetauscht werden kann. Allerdings wird dadurch die Qualit\u00e4t etwas beeintr\u00e4chtigt.<\/li>\n<\/ol>","protected":false},"featured_media":10936,"template":"","meta":[],"product_brand":[],"product_cat":[678,188],"product_tag":[692,701],"class_list":{"0":"post-19095","1":"product","2":"type-product","3":"status-publish","4":"has-post-thumbnail","6":"product_cat-entreq-eartha-jordkablar","7":"product_cat-entreq-jordkablar","8":"product_tag-entreq","9":"product_tag-entreq-eartha-kablar","10":"product_shipping_class-standard","12":"first","13":"instock","14":"taxable","15":"shipping-taxable","16":"purchasable","17":"product-type-variable","18":"has-default-attributes"},"bundled_by":[],"bundle_stock_status":"instock","bundle_stock_quantity":null,"bundle_virtual":false,"bundle_layout":"","bundle_add_to_cart_form_location":"","bundle_editable_in_cart":false,"bundle_sold_individually_context":"","bundle_item_grouping":"","bundle_min_size":"","bundle_max_size":"","bundle_price":[],"bundled_items":[],"bundle_sell_ids":[],"_links":{"self":[{"href":"https:\/\/studiokoncept.se\/de\/wp-json\/wp\/v2\/product\/19095","targetHints":{"allow":["GET"]}}],"collection":[{"href":"https:\/\/studiokoncept.se\/de\/wp-json\/wp\/v2\/product"}],"about":[{"href":"https:\/\/studiokoncept.se\/de\/wp-json\/wp\/v2\/types\/product"}],"version-history":[{"count":0,"href":"https:\/\/studiokoncept.se\/de\/wp-json\/wp\/v2\/product\/19095\/revisions"}],"wp:featuredmedia":[{"embeddable":true,"href":"https:\/\/studiokoncept.se\/de\/wp-json\/wp\/v2\/media\/10936"}],"wp:attachment":[{"href":"https:\/\/studiokoncept.se\/de\/wp-json\/wp\/v2\/media?parent=19095"}],"wp:term":[{"taxonomy":"product_brand","embeddable":true,"href":"https:\/\/studiokoncept.se\/de\/wp-json\/wp\/v2\/product_brand?post=19095"},{"taxonomy":"product_cat","embeddable":true,"href":"https:\/\/studiokoncept.se\/de\/wp-json\/wp\/v2\/product_cat?post=19095"},{"taxonomy":"product_tag","embeddable":true,"href":"https:\/\/studiokoncept.se\/de\/wp-json\/wp\/v2\/product_tag?post=19095"}],"curies":[{"name":"wp","href":"https:\/\/api.w.org\/{rel}","templated":true}]}}