{"id":18508,"date":"2023-08-03T15:22:37","date_gmt":"2023-08-03T13:22:37","guid":{"rendered":"https:\/\/studiokoncept.se\/?post_type=product&#038;p=18508"},"modified":"2025-05-31T20:02:49","modified_gmt":"2025-05-31T18:02:49","slug":"gold-note-psu-5","status":"publish","type":"product","link":"https:\/\/studiokoncept.se\/de\/produkt\/gold-note-psu-5\/","title":{"rendered":"Gold-Note PSU-5"},"content":{"rendered":"<p>Aktualisieren Sie Ihre Phonostufe<\/p>\n<p>Das PSU-5 ist ein externes Netzteil und das perfekte Upgrade f\u00fcr die Phonostufe! <a href=\"https:\/\/studiokoncept.se\/de\/shop\/vinyl\/riaa\/gold-note-ph-5\/\" target=\"_blank\" rel=\"noopener\">PH-5<\/a>. Es wurde von der gleichen Philosophie inspiriert, die auch hinter der gesamten Palette der externen Netzteile von Gold Notes steht, wie z. B. dem PSU-10 und dem PSU-1000. Das Design verwendet ein lineares Netzteil mit speziellen Transformatoren, die in Italien nach Spezifikationen hergestellt werden, um eine hohe Stromqualit\u00e4t zu gew\u00e4hrleisten. Dar\u00fcber hinaus verf\u00fcgt es \u00fcber einen induktiven Filter, um St\u00f6rungen und Interferenzen aus dem Stromnetz zu vermeiden.<\/p>\n<p>Das PSU-5 verf\u00fcgt \u00fcber eine 2-Transformator-Schaltung f\u00fcr die lineare Stromversorgungsstufe, um die besten Arbeitsbedingungen f\u00fcr den <a href=\"https:\/\/studiokoncept.se\/de\/shop\/vinyl\/riaa\/gold-note-ph-5\/\" target=\"_blank\" rel=\"noopener\">PH-5<\/a>mit viel sauberer Leistung. Dies erm\u00f6glicht es dem PSU-5, Rauschen aus dem Netz zu verhindern, das durch den doppelten Drosselfilter, der mit einem speziellen Transformator entwickelt wurde, der den PH-5 vollst\u00e4ndig abschirmt, noch weiter eliminiert wird. Die gro\u00dfe und saubere Leistung, die erzeugt wird, erm\u00f6glicht auch eine gr\u00f6\u00dfere Dynamik und feinere Audioinformationen, die den besten Realismus und die beste Szenenwiedergabe garantieren.<\/p>","protected":false},"excerpt":{"rendered":"<p>Separate Stromversorgung f\u00fcr <a href=\"https:\/\/studiokoncept.se\/de\/shop\/vinyl\/riaa\/gold-note-ph-5\/\" target=\"_blank\" rel=\"noopener\">PH-5<\/a><\/p>\n<p>PSU-5 ist speziell f\u00fcr die Phonostufe konzipiert <a href=\"https:\/\/studiokoncept.se\/de\/shop\/vinyl\/riaa\/gold-note-ph-5\/\" target=\"_blank\" rel=\"noopener\">PH-5<\/a> und gibt ihm die bestm\u00f6glichen Bedingungen, um seine Aufgabe zu erf\u00fcllen: die Freude am Vinyl zu vermitteln!<\/p>\n<p>&nbsp;<\/p>","protected":false},"featured_media":18511,"template":"","meta":[],"product_brand":[],"product_cat":[302],"product_tag":[],"class_list":{"0":"post-18508","1":"product","2":"type-product","3":"status-publish","4":"has-post-thumbnail","6":"product_cat-separat-natdel","7":"product_shipping_class-standard","9":"first","10":"instock","11":"taxable","12":"shipping-taxable","13":"purchasable","14":"product-type-simple"},"bundled_by":[],"bundle_stock_status":"instock","bundle_stock_quantity":null,"bundle_virtual":false,"bundle_layout":"","bundle_add_to_cart_form_location":"","bundle_editable_in_cart":false,"bundle_sold_individually_context":"","bundle_item_grouping":"","bundle_min_size":"","bundle_max_size":"","bundle_price":[],"bundled_items":[],"bundle_sell_ids":[],"_links":{"self":[{"href":"https:\/\/studiokoncept.se\/de\/wp-json\/wp\/v2\/product\/18508","targetHints":{"allow":["GET"]}}],"collection":[{"href":"https:\/\/studiokoncept.se\/de\/wp-json\/wp\/v2\/product"}],"about":[{"href":"https:\/\/studiokoncept.se\/de\/wp-json\/wp\/v2\/types\/product"}],"version-history":[{"count":0,"href":"https:\/\/studiokoncept.se\/de\/wp-json\/wp\/v2\/product\/18508\/revisions"}],"wp:featuredmedia":[{"embeddable":true,"href":"https:\/\/studiokoncept.se\/de\/wp-json\/wp\/v2\/media\/18511"}],"wp:attachment":[{"href":"https:\/\/studiokoncept.se\/de\/wp-json\/wp\/v2\/media?parent=18508"}],"wp:term":[{"taxonomy":"product_brand","embeddable":true,"href":"https:\/\/studiokoncept.se\/de\/wp-json\/wp\/v2\/product_brand?post=18508"},{"taxonomy":"product_cat","embeddable":true,"href":"https:\/\/studiokoncept.se\/de\/wp-json\/wp\/v2\/product_cat?post=18508"},{"taxonomy":"product_tag","embeddable":true,"href":"https:\/\/studiokoncept.se\/de\/wp-json\/wp\/v2\/product_tag?post=18508"}],"curies":[{"name":"wp","href":"https:\/\/api.w.org\/{rel}","templated":true}]}}