{"id":18168,"date":"2023-07-02T21:58:22","date_gmt":"2023-07-02T19:58:22","guid":{"rendered":"https:\/\/studiokoncept.se\/?post_type=product&#038;p=18168"},"modified":"2023-07-06T19:15:56","modified_gmt":"2023-07-06T17:15:56","slug":"pylon-audio-jasper-monitor-18","status":"publish","type":"product","link":"https:\/\/studiokoncept.se\/de\/shop\/hogtalare\/stativhogtalare\/pylon-audio-jasper-monitor-18\/","title":{"rendered":"Pylon Audio Jasper Monitor 18"},"content":{"rendered":"<p>Der Jasper Monitor 18 ist ein standfester Vertreter der Jasper-Linie. Wie seine gr\u00f6\u00dferen Br\u00fcder verf\u00fcgt er \u00fcber einen fortschrittlichen und ausgereiften Klang, der auf angenehme und effiziente Weise pr\u00e4sentiert wird.<\/p>\n<p>Die speziell nach technischen Parametern ausgew\u00e4hlten Schallwandler stammen vom d\u00e4nischen Hersteller Scan-Speak. Der 18 cm gro\u00dfe Revelator ist f\u00fcr die Wiedergabe von tiefen und mittleren T\u00f6nen zust\u00e4ndig - erkennbar an seiner einzigartigen, geschliffenen Membran. Dieses Verfahren wurde entwickelt, um Verzerrungen und so genannte \"Conmodes\" zu reduzieren, was zu einer un\u00fcbertroffenen Kontrolle und Elastizit\u00e4t der B\u00e4sse, Ausdruckskraft und gut definierten Stimmanstrengungen f\u00fchrt. Die Spitze des Bandes haben wir dem Hocht\u00f6ner anvertraut, der eines der leichtesten Schwingsysteme verwendet - eine nur 0,18 g schwere Kalotte gibt m\u00fchelos die kleinsten Nuancen und Details von Aufnahmen wieder.<br \/>\nDas Ergebnis dieser L\u00f6sungen ist ein pr\u00e4ziser, farbiger und originalgetreuer Klang.<\/p>\n<p>Die Komponenten sind in eine solide Struktur eingebettet, die eine originelle Form mit gekr\u00fcmmten Fl\u00e4chen aufweist, um die Bildung stehender Wellen im Geh\u00e4use zu verhindern, sowie eine entsprechende Neigung der Front. Eine weitere Aufgabe eines solchen Geh\u00e4uses ist die Anpassung der akustischen Zentren der Lautsprecher, wodurch die Konsistenz von Pr\u00e4sentationen und Szenen umgesetzt wird.<\/p>\n<p>Jasper Monitor 18 - Diskrete, aber ausgereifte S\u00e4ulen mit \u00fcberraschender Musikalit\u00e4t, Stereo und Skala, mit einer innovativen und raffinierten Form.<\/p>\n<p>Die S\u00e4ulen sind f\u00fcr R\u00e4ume von 15 - 32 m2 ausgelegt.<\/p>\n<p>Die Sets werden mit den gebrandeten St\u00e4ndern geliefert, die ein attraktives Angebot f\u00fcr Menschen darstellen, die das volle Potenzial der S\u00e4ulen in ihren r\u00e4umlichen F\u00e4higkeiten nutzen m\u00f6chten.<\/p>","protected":false},"excerpt":{"rendered":"<p>\u00c4u\u00dferst sch\u00f6ner Lautsprecher. Spielt mit einer eigent\u00fcmlichen Mischung aus Sauberkeit und Klarheit in Bezug auf Nuancen, Gr\u00f6\u00dfe und Bass.<br \/>\nEs ist sehr einfach, sie zu m\u00f6gen!<br \/>\nAuch das Design ist ideenreich und wirkt durch die geschwungene Linienf\u00fchrung modern und doch leicht schnittig.<br \/>\nAls Sonderauftrag werden alle <a href=\"http:\/\/www.ralcolor.co\" rel=\"noopener\" target=\"_blank\">RAL-Farben<\/a> angeboten werden. <\/p>\n<p>Preis pro Paar. <\/p>","protected":false},"featured_media":18170,"template":"","meta":[],"product_brand":[],"product_cat":[155],"product_tag":[],"class_list":{"0":"post-18168","1":"product","2":"type-product","3":"status-publish","4":"has-post-thumbnail","6":"product_cat-stativhogtalare","7":"product_shipping_class-standard","9":"first","10":"instock","11":"taxable","12":"shipping-taxable","13":"purchasable","14":"product-type-variable","15":"has-default-attributes"},"bundled_by":[],"bundle_stock_status":"instock","bundle_stock_quantity":null,"bundle_virtual":false,"bundle_layout":"","bundle_add_to_cart_form_location":"","bundle_editable_in_cart":false,"bundle_sold_individually_context":"","bundle_item_grouping":"","bundle_min_size":"","bundle_max_size":"","bundle_price":[],"bundled_items":[],"bundle_sell_ids":[],"_links":{"self":[{"href":"https:\/\/studiokoncept.se\/de\/wp-json\/wp\/v2\/product\/18168","targetHints":{"allow":["GET"]}}],"collection":[{"href":"https:\/\/studiokoncept.se\/de\/wp-json\/wp\/v2\/product"}],"about":[{"href":"https:\/\/studiokoncept.se\/de\/wp-json\/wp\/v2\/types\/product"}],"version-history":[{"count":0,"href":"https:\/\/studiokoncept.se\/de\/wp-json\/wp\/v2\/product\/18168\/revisions"}],"wp:featuredmedia":[{"embeddable":true,"href":"https:\/\/studiokoncept.se\/de\/wp-json\/wp\/v2\/media\/18170"}],"wp:attachment":[{"href":"https:\/\/studiokoncept.se\/de\/wp-json\/wp\/v2\/media?parent=18168"}],"wp:term":[{"taxonomy":"product_brand","embeddable":true,"href":"https:\/\/studiokoncept.se\/de\/wp-json\/wp\/v2\/product_brand?post=18168"},{"taxonomy":"product_cat","embeddable":true,"href":"https:\/\/studiokoncept.se\/de\/wp-json\/wp\/v2\/product_cat?post=18168"},{"taxonomy":"product_tag","embeddable":true,"href":"https:\/\/studiokoncept.se\/de\/wp-json\/wp\/v2\/product_tag?post=18168"}],"curies":[{"name":"wp","href":"https:\/\/api.w.org\/{rel}","templated":true}]}}