{"id":17971,"date":"2023-06-25T13:31:01","date_gmt":"2023-06-25T11:31:01","guid":{"rendered":"https:\/\/studiokoncept.se\/?post_type=product&#038;p=17971"},"modified":"2025-05-31T20:03:37","modified_gmt":"2025-05-31T18:03:37","slug":"gold-note-galileo-rack-for-monoblock","status":"publish","type":"product","link":"https:\/\/studiokoncept.se\/de\/produkt\/gold-note-galileo-rack-for-monoblock\/","title":{"rendered":"Gold Note Galileo Rack f\u00fcr Monoblock"},"content":{"rendered":"<p>Das Gold Note Galileo Rack ist Teil der Produktlinie des italienischen Unternehmens Gold Note. Das Rack wurde entwickelt, um eine perfekte Plattform f\u00fcr verschiedene HiFi-Produkte zu schaffen und so die Musikwiedergabe zu optimieren. <\/p>\n<p>Der Name GALILEO ist eine Hommage an das Florentiner Genie Galileo Galilei, der in der Mitte des 16. Jahrhunderts geboren wurde und ein bedeutender Physiker, Mathematiker, Astronom und Ingenieur war. Das Design des Regals erinnert an die von Michelangelo Buonarroti geschaffene \"Monumentaltreppe der Biblioteca (Bibliothek) Vasariana\" in Florenz sowie an die Michelangelo-Monumentalgr\u00e4ber von Lorenzo Dei Medici und bildet eine formvollendete Einheit mit z.B. dem Drehteller Mediterraneo.<\/p>\n<p>Das Galileo-Rack hat die folgenden technischen Spezifikationen:<\/p>\n<p>- Das Regal besteht aus 3 Schichten, wobei das Innere aus einer 3 mm dicken Edelstahlschicht besteht, die mit 16 Edelstahlbolzen verbunden ist. Jedes Modul wiegt 25 kg.<\/p>\n<p>- Das Regal ist jetzt in Nussbaum und Schwarz und in 2 Gr\u00f6\u00dfen erh\u00e4ltlich:<br \/>\n1. Breite: 1160mm, H\u00f6he: 42mm, Tiefe: 642mm.<br \/>\n2. Breite: 690mm, H\u00f6he: 42mm, Tiefe: 645mm, so dass es Ger\u00e4te von bis zu 100kg tragen kann. Es kann im Grunde jede Art von Audioger\u00e4ten f\u00fcr die beste Klangqualit\u00e4t Leistung behandeln.<\/p>\n<p>- Er wird mit massiven, feinst bearbeiteten Sanduhrf\u00fc\u00dfen aus Aluminium mit riesigen Bronzerahmen angeboten. Die Sanduhrform der F\u00fc\u00dfe hat einen gro\u00dfen D\u00e4mpfungseffekt, da die elliptische Form die L\u00e4ngskr\u00e4fte besser auf den Fu\u00df verteilt. Au\u00dferdem ist der Fu\u00df 10 mm in die Holzplatte eingelassen und mit einem 30x48 mm gro\u00dfen Bronzeeinsatz miteinander verbunden, der die beste Klangleistung erm\u00f6glicht.<\/p>\n<p>- Das Galileo-Rack ist au\u00dferdem vollst\u00e4ndig modular aufgebaut, so dass jedes kundenspezifische System gebaut werden kann, von einem einzelnen Regal bis hin zu mehreren horizontalen Tischen.<\/p>","protected":false},"excerpt":{"rendered":"<p>Gold Notes Rack f\u00fcr Monobl\u00f6cke.<br \/>\nAlles au\u00dfer Spikes und Spikepads ist im Lieferumfang enthalten. <\/p>","protected":false},"featured_media":0,"template":"","meta":[],"product_brand":[],"product_cat":[176],"product_tag":[],"class_list":{"0":"post-17971","1":"product","2":"type-product","3":"status-publish","5":"product_cat-rack","7":"first","8":"instock","9":"taxable","10":"shipping-taxable","11":"purchasable","12":"product-type-variable","13":"has-default-attributes"},"bundled_by":["18062"],"bundle_stock_status":"instock","bundle_stock_quantity":null,"bundle_virtual":false,"bundle_layout":"","bundle_add_to_cart_form_location":"","bundle_editable_in_cart":false,"bundle_sold_individually_context":"","bundle_item_grouping":"","bundle_min_size":"","bundle_max_size":"","bundle_price":[],"bundled_items":[],"bundle_sell_ids":[],"_links":{"self":[{"href":"https:\/\/studiokoncept.se\/de\/wp-json\/wp\/v2\/product\/17971","targetHints":{"allow":["GET"]}}],"collection":[{"href":"https:\/\/studiokoncept.se\/de\/wp-json\/wp\/v2\/product"}],"about":[{"href":"https:\/\/studiokoncept.se\/de\/wp-json\/wp\/v2\/types\/product"}],"version-history":[{"count":0,"href":"https:\/\/studiokoncept.se\/de\/wp-json\/wp\/v2\/product\/17971\/revisions"}],"wp:attachment":[{"href":"https:\/\/studiokoncept.se\/de\/wp-json\/wp\/v2\/media?parent=17971"}],"wp:term":[{"taxonomy":"product_brand","embeddable":true,"href":"https:\/\/studiokoncept.se\/de\/wp-json\/wp\/v2\/product_brand?post=17971"},{"taxonomy":"product_cat","embeddable":true,"href":"https:\/\/studiokoncept.se\/de\/wp-json\/wp\/v2\/product_cat?post=17971"},{"taxonomy":"product_tag","embeddable":true,"href":"https:\/\/studiokoncept.se\/de\/wp-json\/wp\/v2\/product_tag?post=17971"}],"curies":[{"name":"wp","href":"https:\/\/api.w.org\/{rel}","templated":true}]}}