{"id":17801,"date":"2023-06-18T21:31:19","date_gmt":"2023-06-18T19:31:19","guid":{"rendered":"https:\/\/studiokoncept.se\/?post_type=product&#038;p=17801"},"modified":"2023-06-19T09:59:29","modified_gmt":"2023-06-19T07:59:29","slug":"lab-12-knack-ii","status":"publish","type":"product","link":"https:\/\/studiokoncept.se\/de\/shop\/kablar\/natkablar\/ac-vaxelstrom\/lab-12-knack-ii\/","title":{"rendered":"Labor 12 Knack II 20Ampere"},"content":{"rendered":"<p>&nbsp;<\/p>\n<p>Das Knack mk2 20A-Netzkabel liefert Strom mit un\u00fcbertroffener Effizienz, was es zu einem wichtigen Faktor in einem System macht. Es kann auch st\u00f6renden EMI- und RFI-St\u00f6rungen entgegenwirken. Dieses Produkt ist das Ergebnis jahrelanger Experimente mit Tausenden von Leitern, Variationen in der Art und Weise, wie sie eingesetzt werden und wie Kapazit\u00e4t und Induktivit\u00e4t beeinflusst werden.<\/p>\n<p>Das Knack Stromkabel wurde zusammen mit dem bekannten Gordian Power Conditioner entwickelt. Diese beiden Produkte bilden eine nat\u00fcrliche Grundlage und werden als Partner f\u00fcr alle Lab12-Produkte empfohlen.<\/p>\n<p>Was die Spezifikationen betrifft, so bietet der knack mk2 verschiedene Versionen von Netzsteckern, darunter EU, USA, Gro\u00dfbritannien und die Schweiz. Er verf\u00fcgt \u00fcber eine 16A- oder 20A-IEC-Steckerversion, und das Kabel enth\u00e4lt eine unabh\u00e4ngige geflochtene Kupferabschirmung f\u00fcr die Phasen- und Neutralleiter. Die Steckverbinder bestehen aus hochwertigem rotem Kupfer und sind vergoldet.<\/p>\n<p>Das Kabel hat eine Nennleistung von 220-240Vac 16 Ampere Dauerstrom. Die gesamte Leiterst\u00e4rke betr\u00e4gt 3x6mm\u00b2 (10AWG). Der Widerstand betr\u00e4gt 3,40 mohm\/m, die innere Kapazit\u00e4t 150pF\/m und die innere Induktivit\u00e4t 2,80 uH\/m. Die Standardl\u00e4nge des Kabels betr\u00e4gt 1,5 m, aber auf Anfrage sind auch Sonderl\u00e4ngen erh\u00e4ltlich.<\/p>","protected":false},"excerpt":{"rendered":"<h4>20Ampere Stromkabel angepasst f\u00fcr z.B. Lab 12 Gordian<\/h4>\n<p>Gordians ben\u00f6tigen zum Anschluss ein Kabel mit einem 20A C-19 Stecker. Lab 12 knack mk2 ist ein hochwertiges Netzkabel, das den Lab 12 Gordian optimal mit Strom versorgt. Es spielt eine entscheidende Rolle bei der Erhaltung der urspr\u00fcnglichen Reinheit der Musik und tr\u00e4gt zur Gesamtbalance des gesamten Soundsystems bei.<\/p>","protected":false},"featured_media":17827,"template":"","meta":[],"product_brand":[],"product_cat":[631],"product_tag":[],"class_list":{"0":"post-17801","1":"product","2":"type-product","3":"status-publish","4":"has-post-thumbnail","6":"product_cat-ac-vaxelstrom","8":"first","9":"instock","10":"taxable","11":"shipping-taxable","12":"purchasable","13":"product-type-variable","14":"has-default-attributes"},"bundled_by":[],"bundle_stock_status":"instock","bundle_stock_quantity":null,"bundle_virtual":false,"bundle_layout":"","bundle_add_to_cart_form_location":"","bundle_editable_in_cart":false,"bundle_sold_individually_context":"","bundle_item_grouping":"","bundle_min_size":"","bundle_max_size":"","bundle_price":[],"bundled_items":[],"bundle_sell_ids":[],"_links":{"self":[{"href":"https:\/\/studiokoncept.se\/de\/wp-json\/wp\/v2\/product\/17801","targetHints":{"allow":["GET"]}}],"collection":[{"href":"https:\/\/studiokoncept.se\/de\/wp-json\/wp\/v2\/product"}],"about":[{"href":"https:\/\/studiokoncept.se\/de\/wp-json\/wp\/v2\/types\/product"}],"version-history":[{"count":0,"href":"https:\/\/studiokoncept.se\/de\/wp-json\/wp\/v2\/product\/17801\/revisions"}],"wp:featuredmedia":[{"embeddable":true,"href":"https:\/\/studiokoncept.se\/de\/wp-json\/wp\/v2\/media\/17827"}],"wp:attachment":[{"href":"https:\/\/studiokoncept.se\/de\/wp-json\/wp\/v2\/media?parent=17801"}],"wp:term":[{"taxonomy":"product_brand","embeddable":true,"href":"https:\/\/studiokoncept.se\/de\/wp-json\/wp\/v2\/product_brand?post=17801"},{"taxonomy":"product_cat","embeddable":true,"href":"https:\/\/studiokoncept.se\/de\/wp-json\/wp\/v2\/product_cat?post=17801"},{"taxonomy":"product_tag","embeddable":true,"href":"https:\/\/studiokoncept.se\/de\/wp-json\/wp\/v2\/product_tag?post=17801"}],"curies":[{"name":"wp","href":"https:\/\/api.w.org\/{rel}","templated":true}]}}