{"id":17627,"date":"2023-06-15T08:00:13","date_gmt":"2023-06-15T06:00:13","guid":{"rendered":"https:\/\/studiokoncept.se\/?post_type=product&#038;p=17627"},"modified":"2025-05-31T20:04:10","modified_gmt":"2025-05-31T18:04:10","slug":"hifiman-audivina","status":"publish","type":"product","link":"https:\/\/studiokoncept.se\/de\/shop\/horlurar\/hifiman-audivina\/","title":{"rendered":"Hifiman Audivina"},"content":{"rendered":"<p>HIFIMAN Audivina ist ein geschlossener Kopfh\u00f6rer in voller Gr\u00f6\u00dfe, der mit der neuesten Stealth-Magnettechnologie ausgestattet ist. HIFIMAN hat eine neue Neo Supernano-Membran verwendet, die nach eigenen Angaben eine brandneue NsD ist, die im Vergleich zu fr\u00fcheren Versionen 80% d\u00fcnner ist und ein hohes Ma\u00df an Details und eine realistische Tonalit\u00e4t bietet, zusammen mit einer szenischen Klangb\u00fchne, die gr\u00f6\u00dfer und genauer als der Durchschnitt ist.<\/p>\n<p>Design: Audivina hat gro\u00dfe Kuppeln, die zwar sch\u00f6n, aber auff\u00e4llig sind. Sie scheinen aus Buchenholz gefertigt zu sein und verwenden HIFIMANs neues internes Resonanzkammerdesign. Die Verbindung zu den Geh\u00e4usen ist der \u00fcbliche 3,5 mm Stecker, aber dieses Mal scheint HIFIMAN einen neuen Weg gefunden zu haben, die Stecker zu konstruieren, und man kann den Unterschied sp\u00fcren. Die Stecker sitzen sch\u00f6n fest und bieten eine solide Verbindung.<\/p>\n<p>Komfort: Das erste, was an der HIFIMAN Audivina auff\u00e4llt, ist die leichte Klemmkraft, die messbar geringer ist als bei der Sundara-Variante und weniger als z.B. bei der Edition X. Zusammen mit den gro\u00dfen Muscheln und Polstern sorgt dies f\u00fcr einen hohen Tragekomfort. Man sp\u00fcrt diesen Kopfh\u00f6rer kaum, abgesehen von einem leichten Druck auf die Muscheln und das Kopfband.<\/p>\n<p>HIFIMAN hat eine neue Neo-Supernano-Membran verwendet, bei der es sich um eine brandneue NsD handelt, die 80% d\u00fcnner ist als bisher. Dies verbessert theoretisch das Einschwingverhalten und die Geschwindigkeit, da sie nur 1 bis 2 Mikrometer d\u00fcnn und leicht wie Luft ist.<\/p>\n<p>Technische Daten: Die Audivina hat eine Impedanz von 20 Ohm, eine Empfindlichkeit von 97 dB, ein Gewicht von 470 Gramm und einen Frequenzgang von 5 Hz bis 55 kHz.<\/p>","protected":false},"excerpt":{"rendered":"<p>HIFIMAN Audivina ist ein geschlossener, magnetischer Kopfh\u00f6rer in voller Gr\u00f6\u00dfe, der die neueste Stealth-Magnettechnologie mit 80% d\u00fcnneren Membranen als fr\u00fchere Versionen verwendet. Sie bieten ein hohes Ma\u00df an Detailtreue und realistischer Tonalit\u00e4t, zusammen mit einem gr\u00f6\u00dferen und pr\u00e4ziseren Klangbild als der Durchschnitt.<br \/>\nSehr angenehmer Komfort. \t\t\t<link rel=\"stylesheet\" id=\"elementor-post-17634-css\" href=\"https:\/\/studiokoncept.se\/wp-content\/uploads\/elementor\/css\/post-17634.css?ver=1777031834\" type=\"text\/css\" media=\"all\">\n<div data-elementor-type=\"wp-post\" data-elementor-id=\"17634\" class=\"elementor elementor-17634\" data-elementor-post-type=\"cms_block\">\n<section class=\"wd-negative-gap elementor-section elementor-top-section elementor-element elementor-element-a3c1ea9 elementor-section-boxed elementor-section-height-default elementor-section-height-default\" data-id=\"a3c1ea9\" data-element_type=\"section\" data-e-type=\"section\">\n<div class=\"elementor-container elementor-column-gap-default\">\n<div class=\"elementor-column elementor-col-100 elementor-top-column elementor-element elementor-element-3453722\" data-id=\"3453722\" data-element_type=\"column\" data-e-type=\"column\">\n<div class=\"elementor-widget-wrap elementor-element-populated\">\n<div class=\"elementor-element elementor-element-e3aa083 elementor-widget elementor-widget-wd_popup\" data-id=\"e3aa083\" data-element_type=\"widget\" data-e-type=\"widget\" data-widget_type=\"wd_popup.default\">\n<div class=\"elementor-widget-container\">\n<div class=\"wd-button-wrapper text-center\" >\n\t\t\t<a class=\"btn btn-style-3d btn-shape-semi-round btn-size-default wd-open-popup btn-color-custom btn-icon-pos-right\"  href=\"#popup-648aa778c66a6\"><br \/>\n\t\t\t\t<span class=\"wd-btn-text\" data-elementor-setting-key=\"text\"><br \/>\n\t\t\t\t\tSpezifikationen\t\t\t\t<\/span><\/p>\n<p>\t\t\t\t\t\t\t<\/a>\n\t\t<\/div>\n<div id=\"popup-648aa778c66a6\" class=\"wd-popup wd-popup-element wd-entry-content mfp-hide\" style=\"--wd-popup-width:500px;\">\n<p>&nbsp;<\/p>\n<style>\n tbody {  box-shadow: 0 0 0 1px rgb(155,129,67);  border-radius: 40px;}   td { text-align: center; } .right-border-colored { border-right: 1px solid rgb(155,129,67); \/* \u00c4ndra #f00 till den f\u00e4rg du vill ha och 2px till den tjocklek du vill ha p\u00e5 kanten *\/} \n     ul, ol {\n    list-style-type: none;\n}<\/style>\n<p>&nbsp;<\/p>\n<table>\n<tbody>\n<tr>\n<th style=\"text-align: center; color: #9b8143; border-bottom-color: #9b8143\" colspan=\"2\">SPEZIFIKATIONEN<\/th>\n<\/tr>\n<tr>\n<td class=\"right-border-colored\">Typ<\/td>\n<td>Geschlossene planare magnetische<\/td>\n<\/tr>\n<tr>\n<td class=\"right-border-colored\">Antriebseinheit<\/td>\n<td>Planar magnetisch<\/td>\n<\/tr>\n<tr>\n<td class=\"right-border-colored\">Frequenzgang<\/td>\n<td>5 Hz bis 55 kHz<\/td>\n<\/tr>\n<tr>\n<td class=\"right-border-colored\">Impedanz<\/td>\n<td>20 \u03a9<\/td>\n<\/tr>\n<tr>\n<td class=\"right-border-colored\">Empfindlichkeit<\/td>\n<td>97 dB<\/td>\n<\/tr>\n<tr>\n<td class=\"right-border-colored\">Kabel<\/td>\n<td>\n<ul>\n<li>1 St\u00fcck 1,5m mit 3,5mm Stecker<\/li>\n<li>1 St\u00fcck 3m mit XLR-Stecker<\/li>\n<li>1 St\u00fcck 3m mit 6,35 mm Stecker<\/li>\n<\/ul>\n<\/td>\n<\/tr>\n<\/tbody>\n<\/table><\/div>\n<\/p><\/div>\n<\/p><\/div>\n<\/p><\/div>\n<\/p><\/div>\n<\/p><\/div>\n<\/section><\/div>\n<p>&nbsp;<\/p>","protected":false},"featured_media":17628,"template":"","meta":[],"product_brand":[],"product_cat":[157],"product_tag":[],"class_list":{"0":"post-17627","1":"product","2":"type-product","3":"status-publish","4":"has-post-thumbnail","6":"product_cat-horlurar","7":"product_shipping_class-standard","9":"first","10":"instock","11":"taxable","12":"shipping-taxable","13":"purchasable","14":"product-type-simple"},"bundled_by":[],"bundle_stock_status":"instock","bundle_stock_quantity":null,"bundle_virtual":false,"bundle_layout":"","bundle_add_to_cart_form_location":"","bundle_editable_in_cart":false,"bundle_sold_individually_context":"","bundle_item_grouping":"","bundle_min_size":"","bundle_max_size":"","bundle_price":[],"bundled_items":[],"bundle_sell_ids":[],"_links":{"self":[{"href":"https:\/\/studiokoncept.se\/de\/wp-json\/wp\/v2\/product\/17627","targetHints":{"allow":["GET"]}}],"collection":[{"href":"https:\/\/studiokoncept.se\/de\/wp-json\/wp\/v2\/product"}],"about":[{"href":"https:\/\/studiokoncept.se\/de\/wp-json\/wp\/v2\/types\/product"}],"version-history":[{"count":0,"href":"https:\/\/studiokoncept.se\/de\/wp-json\/wp\/v2\/product\/17627\/revisions"}],"wp:featuredmedia":[{"embeddable":true,"href":"https:\/\/studiokoncept.se\/de\/wp-json\/wp\/v2\/media\/17628"}],"wp:attachment":[{"href":"https:\/\/studiokoncept.se\/de\/wp-json\/wp\/v2\/media?parent=17627"}],"wp:term":[{"taxonomy":"product_brand","embeddable":true,"href":"https:\/\/studiokoncept.se\/de\/wp-json\/wp\/v2\/product_brand?post=17627"},{"taxonomy":"product_cat","embeddable":true,"href":"https:\/\/studiokoncept.se\/de\/wp-json\/wp\/v2\/product_cat?post=17627"},{"taxonomy":"product_tag","embeddable":true,"href":"https:\/\/studiokoncept.se\/de\/wp-json\/wp\/v2\/product_tag?post=17627"}],"curies":[{"name":"wp","href":"https:\/\/api.w.org\/{rel}","templated":true}]}}