{"id":17286,"date":"2023-06-05T22:20:22","date_gmt":"2023-06-05T20:20:22","guid":{"rendered":"https:\/\/studiokoncept.se\/?post_type=product&#038;p=17286"},"modified":"2025-05-31T20:04:37","modified_gmt":"2025-05-31T18:04:37","slug":"pylon-audio-jade","status":"publish","type":"product","link":"https:\/\/studiokoncept.se\/de\/shop\/hogtalare\/golvhogtalare\/pylon-audio-jade\/","title":{"rendered":"Pylon Audio Jade"},"content":{"rendered":"<div>\n<p>Der Pylon Audio Jade 20 ist ein moderner, technologisch fortschrittlicher Lautsprecher mit einem kr\u00e4ftigen, aber dennoch farbenfrohen und r\u00e4umlichen Klang, der in einem geschmackvollen, zeitlosen Geh\u00e4use im Vintage-Stil untergebracht ist. Dieses Zwei-Wege-Design verf\u00fcgt \u00fcber einen 12-Zoll-Mitteltieft\u00f6ner mit einer klassischen Papiermembran f\u00fcr die untere Bandbreite, die im eigenen Haus entwickelt wurde. Der BMS-Kompressionstreiber, der f\u00fcr das obere Ende verantwortlich ist, arbeitet in einer kurzen R\u00f6hre mit einem Tractrix-Profil, das speziell von den Ingenieuren der Firma entwickelt wurde. Dank der geeigneten Auswahl und der Effizienz der Wandler konnte ein Bandbreitensplit von etwa 1200 Hz erreicht werden. Die Jade 20 sind dank ihrer 8-Ohm-Impedanz und ihres Wirkungsgrads von 91 dB einfach einzustellen - sie k\u00f6nnen problemlos von einem Verst\u00e4rker mit geringer Leistung betrieben werden und zeigen ihr volles Potenzial mit einem leistungsstarken Transistorverst\u00e4rker.<\/p>\n<p>Die Lautsprechergeh\u00e4use bestehen aus massiven MDF-Platten, die zus\u00e4tzlich mit internen Rippen und Verstrebungen verst\u00e4rkt sind, um eine angemessene Steifigkeit der Struktur zu gew\u00e4hrleisten. Die Geh\u00e4use wurden so optimiert, dass sie sowohl auf einem niedrigen St\u00e4nder, der zur Standardausstattung geh\u00f6rt, als auch auf einem zus\u00e4tzlichen, h\u00f6heren St\u00e4nder funktionieren. Jade 20 ist mit einem nat\u00fcrlichen, ge\u00f6lten Furnier aus amerikanischem Walnussholz versehen, das die Vintage-\u00c4sthetik unterstreicht.<\/p>\n<p>Die Jade 20 ist wie ein prominenter konzertanter Darsteller: eine Kombination aus \"starkem Klang\" mit unbegrenzter Freiheit und der nat\u00fcrlichen Skala der Instrumente. Die Lautsprecher klingen vital, mit einem stark ausgepr\u00e4gten Vordergrund, rhythmischen und kr\u00e4ftigen B\u00e4ssen und farbigen H\u00f6hen. Dieses Set schafft eine freundliche Konzertatmosph\u00e4re w\u00e4hrend stundenlanger H\u00f6rsitzungen sowie einen anregenden Hintergrund f\u00fcr Arbeit und Entspannung.<\/p>\n<p>Die Lautsprecher sind f\u00fcr den Einsatz in R\u00e4umen mit einer Grundfl\u00e4che von 18 bis 45 m2 vorgesehen.<br \/>\n<br \/><\/br><\/p>\n<table>\n<tbody>\n<tr>\n<th colspan=\"2\">SPEZIFIKATIONEN<\/th>\n<\/tr>\n<tr>\n<td>Impedanz<\/td>\n<td>8 Ohm<\/td>\n<\/tr>\n<tr>\n<td>Frequenzgang<\/td>\n<td>\u00a035 Hz - 20 kHz<\/td>\n<\/tr>\n<tr>\n<td>Nennleistung<\/td>\n<td>140 W<\/td>\n<\/tr>\n<tr>\n<td>Maximale Leistung<\/td>\n<td>220 W<\/td>\n<\/tr>\n<tr>\n<td>Empfindlichkeit<\/td>\n<td>91 dB<\/td>\n<\/tr>\n<tr>\n<td>Gr\u00f6\u00dfe<\/td>\n<td>Breite: 200 mm<br \/>\nH\u00f6he: 1066 mm<br \/>\nTiefe: 413 mm<\/td>\n<\/tr>\n<tr>\n<td>Gewicht<\/td>\n<td>25 kg \/ St\u00fcck<\/td>\n<\/tr>\n<tr>\n<td>Diskant<\/td>\n<td>PST 25PO.8<\/td>\n<\/tr>\n<tr>\n<td>Tieft\u00f6ner<\/td>\n<td>PSW 32.8 CS (12Zoll)<\/td>\n<\/tr>\n<tr>\n<td>Schutz der Elemente<\/td>\n<td>Ja<\/td>\n<\/tr>\n<tr>\n<td>Spikes<\/td>\n<td>Ja<\/td>\n<\/tr>\n<tr>\n<td>Oberfl\u00e4che<\/td>\n<td>Amerikanischer Nussbaum, mit \u00d6lwachs PURE<\/td>\n<\/tr>\n<tr>\n<td>B\u00fcrgschaft<\/td>\n<td>4 Jahre<\/td>\n<\/tr>\n<\/tbody>\n<\/table>\n<\/div>","protected":false},"excerpt":{"rendered":"<p><h4>Jade von Pylon Audio im Vintage-Look auf dem Boden stehend<\/h4><\/p>\n<p>Ein aufregendes neues Produkt von Pylon Audio. Jade ist sowohl einfach zu fahren als auch einfach auf den Boden zu stellen. Sie brauchen keinen St\u00e4nder.<\/p>\n<p>Der Pylon Audio Jade 20 wurde von der Zeitschrift HighFidelity.pl mit dem Titel \"Produkt des Jahres\" ausgezeichnet.<\/p>\n<p>Jade ist f\u00fcr R\u00e4ume mit einer Grundfl\u00e4che zwischen 18 und 45 Quadratmetern konzipiert.<\/p>","protected":false},"featured_media":17289,"template":"","meta":[],"product_brand":[],"product_cat":[156],"product_tag":[],"class_list":{"0":"post-17286","1":"product","2":"type-product","3":"status-publish","4":"has-post-thumbnail","6":"product_cat-golvhogtalare","7":"product_shipping_class-standard","9":"first","10":"instock","11":"taxable","12":"shipping-taxable","13":"purchasable","14":"product-type-simple"},"bundled_by":[],"bundle_stock_status":"instock","bundle_stock_quantity":null,"bundle_virtual":false,"bundle_layout":"","bundle_add_to_cart_form_location":"","bundle_editable_in_cart":false,"bundle_sold_individually_context":"","bundle_item_grouping":"","bundle_min_size":"","bundle_max_size":"","bundle_price":[],"bundled_items":[],"bundle_sell_ids":[],"_links":{"self":[{"href":"https:\/\/studiokoncept.se\/de\/wp-json\/wp\/v2\/product\/17286","targetHints":{"allow":["GET"]}}],"collection":[{"href":"https:\/\/studiokoncept.se\/de\/wp-json\/wp\/v2\/product"}],"about":[{"href":"https:\/\/studiokoncept.se\/de\/wp-json\/wp\/v2\/types\/product"}],"version-history":[{"count":0,"href":"https:\/\/studiokoncept.se\/de\/wp-json\/wp\/v2\/product\/17286\/revisions"}],"wp:featuredmedia":[{"embeddable":true,"href":"https:\/\/studiokoncept.se\/de\/wp-json\/wp\/v2\/media\/17289"}],"wp:attachment":[{"href":"https:\/\/studiokoncept.se\/de\/wp-json\/wp\/v2\/media?parent=17286"}],"wp:term":[{"taxonomy":"product_brand","embeddable":true,"href":"https:\/\/studiokoncept.se\/de\/wp-json\/wp\/v2\/product_brand?post=17286"},{"taxonomy":"product_cat","embeddable":true,"href":"https:\/\/studiokoncept.se\/de\/wp-json\/wp\/v2\/product_cat?post=17286"},{"taxonomy":"product_tag","embeddable":true,"href":"https:\/\/studiokoncept.se\/de\/wp-json\/wp\/v2\/product_tag?post=17286"}],"curies":[{"name":"wp","href":"https:\/\/api.w.org\/{rel}","templated":true}]}}