{"id":17276,"date":"2023-06-05T08:04:14","date_gmt":"2023-06-05T06:04:14","guid":{"rendered":"https:\/\/studiokoncept.se\/?post_type=product&#038;p=17276"},"modified":"2025-05-31T20:04:58","modified_gmt":"2025-05-31T18:04:58","slug":"gold-note-mediterraneo-x","status":"publish","type":"product","link":"https:\/\/studiokoncept.se\/de\/produkt\/gold-note-mediterraneo-x\/","title":{"rendered":"Gold-Note Mediterraneo X"},"content":{"rendered":"<h4>Touchscreen-Anzeige<\/h4>\n<p>Alle Funktionen des Plattenspielers k\u00f6nnen \u00fcber das Touchscreen-Display gesteuert werden, so dass die Geschwindigkeit und das Drehmoment des Motors perfekt auf den Typ der LP und die abgespielte Musik abgestimmt werden k\u00f6nnen.<\/p>\n<h4>Timerfunktion f\u00fcr Nadelverschlei\u00df<\/h4>\n<p>Eine neue Timer-Funktion zeichnet die Zeit auf, in der die Nadel benutzt wird, so dass die Abnutzung der Nadelsch\u00e4rfe \u00fcberwacht werden kann.<\/p>\n<h4>Der Plattenteller<\/h4>\n<p>Der Plattenteller ist aus massivem, gefr\u00e4stem Aluminium gefertigt und hat dank der Zugabe von POM eine Verbundkonstruktion, um Vibrationen zu minimieren. Er wiegt insgesamt 7 kg, was eine ausgezeichnete Stabilit\u00e4t und maximale Pr\u00e4zision der Drehgeschwindigkeit gew\u00e4hrleistet.<\/p>\n<h4>Sockel des Plattenspielers<\/h4>\n<p>besteht aus drei Komponenten: einem Aluminiumgeh\u00e4use (ebenfalls aus dem Vollen gefr\u00e4st), einer 3 mm dicken Edelstahlplatte und schlie\u00dflich dem unteren Sockel aus italienischem Massivholz, der die Kettenlinie nachbildet, die ber\u00fchmte Form, die Gold Note den Werken von Michelangelo und Galilei entlehnt und auf seine Plattenspieler angewandt hat, um die gr\u00f6\u00dftm\u00f6gliche strukturelle Steifigkeit bei gleichbleibender Masse und Abmessungen zu erreichen. Dies erm\u00f6glicht dem Plattenspieler eine hervorragende Leistung in Bezug auf Details, Dynamik und Wiedergabe. Die drei eleganten F\u00fc\u00dfe aus eloxiertem Aluminium sind h\u00f6henverstellbar und die R\u00fcckseite ist mit hochwertigen RCA-Anschl\u00fcssen ausgestattet.<\/p>\n<h4>Riemenantrieb<\/h4>\n<p>Der Plattenspieler ist riemengetrieben und wird von einem propriet\u00e4ren, auf einem Quadral-Core-Mikrocontroller entwickelten Steuersystem angetrieben, das durch einen Audiowandler verst\u00e4rkt wird. Dies gew\u00e4hrleistet ein perfektes Funktionieren des 12-V-Synchronmotors, ohne Vibrationen oder Geschwindigkeitsschwankungen. Das Netzteil steuert den Motor elektronisch und erm\u00f6glicht eine Feinabstimmung der Geschwindigkeiten von 33\u2153rpm und 45rpm. Die Einstellungen werden selbstverst\u00e4ndlich gespeichert.<\/p>\n<p>Mediterraneo X wird mit einem eigenen Phonokabel geliefert<\/p>\n<p><a href=\"https:\/\/studiokoncept.se\/de\/shop\/elektronik\/separat-natdel\/gold-note-pst-10\/\" target=\"_blank\" rel=\"noopener\">Aufr\u00fcstung mit dem separaten PST-10-Netzteil.<\/a><\/p>","protected":false},"excerpt":{"rendered":"<h4>Gold Note feiert 10-j\u00e4hriges Jubil\u00e4um mit neuem Plattenspieler<\/h4>\n<p>Der Gold Note Mediterraneo X ist ein innovativer Plattenspieler, der Tradition mit Technologie verbindet, um die Bed\u00fcrfnisse von Analog-Enthusiasten zu erf\u00fcllen, die einen Plattenspieler der n\u00e4chsten Generation mit fortschrittlichen und authentisch hochwertigen Funktionen suchen. Dieser Plattenspieler ist vom kultigen Mediterraneo inspiriert und feiert das 10-j\u00e4hrige Jubil\u00e4um von Gold Note. Im Lieferumfang enthalten: B-7-Keramik-Tonarm und Staubschutzhaube aus ger\u00e4uchertem Acryl.<\/p>\n<p><strong>Aufr\u00fcstung mit dem separaten PST-10-Netzteil unten.<\/strong><\/p>","protected":false},"featured_media":19439,"template":"","meta":[],"product_brand":[],"product_cat":[320],"product_tag":[],"class_list":{"0":"post-17276","1":"product","2":"type-product","3":"status-publish","4":"has-post-thumbnail","6":"product_cat-skivspelare","7":"product_shipping_class-standard","9":"first","10":"instock","11":"taxable","12":"shipping-taxable","13":"purchasable","14":"product-type-variable"},"bundled_by":[],"bundle_stock_status":"instock","bundle_stock_quantity":null,"bundle_virtual":false,"bundle_layout":"","bundle_add_to_cart_form_location":"","bundle_editable_in_cart":false,"bundle_sold_individually_context":"","bundle_item_grouping":"","bundle_min_size":"","bundle_max_size":"","bundle_price":[],"bundled_items":[],"bundle_sell_ids":[],"_links":{"self":[{"href":"https:\/\/studiokoncept.se\/de\/wp-json\/wp\/v2\/product\/17276","targetHints":{"allow":["GET"]}}],"collection":[{"href":"https:\/\/studiokoncept.se\/de\/wp-json\/wp\/v2\/product"}],"about":[{"href":"https:\/\/studiokoncept.se\/de\/wp-json\/wp\/v2\/types\/product"}],"version-history":[{"count":0,"href":"https:\/\/studiokoncept.se\/de\/wp-json\/wp\/v2\/product\/17276\/revisions"}],"wp:featuredmedia":[{"embeddable":true,"href":"https:\/\/studiokoncept.se\/de\/wp-json\/wp\/v2\/media\/19439"}],"wp:attachment":[{"href":"https:\/\/studiokoncept.se\/de\/wp-json\/wp\/v2\/media?parent=17276"}],"wp:term":[{"taxonomy":"product_brand","embeddable":true,"href":"https:\/\/studiokoncept.se\/de\/wp-json\/wp\/v2\/product_brand?post=17276"},{"taxonomy":"product_cat","embeddable":true,"href":"https:\/\/studiokoncept.se\/de\/wp-json\/wp\/v2\/product_cat?post=17276"},{"taxonomy":"product_tag","embeddable":true,"href":"https:\/\/studiokoncept.se\/de\/wp-json\/wp\/v2\/product_tag?post=17276"}],"curies":[{"name":"wp","href":"https:\/\/api.w.org\/{rel}","templated":true}]}}