{"id":15704,"date":"2023-03-29T09:18:37","date_gmt":"2023-03-29T07:18:37","guid":{"rendered":"https:\/\/studiokoncept.se\/?post_type=product&#038;p=15704"},"modified":"2025-01-26T09:34:55","modified_gmt":"2025-01-26T08:34:55","slug":"gold-note-ph-5","status":"publish","type":"product","link":"https:\/\/studiokoncept.se\/de\/produkt\/gold-note-ph-5\/","title":{"rendered":"Gold-Note PH-5"},"content":{"rendered":"<p>Die Gold Note PH-5 Phonostufe ist eine hochwertige und erschwingliche Option f\u00fcr Musikliebhaber. Sie enth\u00e4lt Funktionen der beliebten Modelle von Gold Note <a href=\"https:\/\/studiokoncept.se\/de\/shop\/vinyl\/riaa\/gold-note-ph-10-phono-forsteg\/\" target=\"_blank\" rel=\"noopener\">PH-10<\/a> und <a href=\"https:\/\/studiokoncept.se\/de\/shop\/vinyl\/riaa\/gold-note-ph-1000-phono-forsteg\/\" target=\"_blank\" rel=\"noopener\">PH-1000<\/a>Dazu geh\u00f6ren die Auswahl der EQ-Kurve, LOAD- und GAIN-Einstellungen und die M\u00f6glichkeit, sowohl MM- als auch MC-Tonabnehmer anzuschlie\u00dfen. Der PH-5 zeichnet sich durch seine Touchscreen-Bedienoberfl\u00e4che aus, mit der Sie die Einstellungen einfach verwalten k\u00f6nnen, w\u00e4hrend Sie Musik h\u00f6ren. Die Phonostufe verf\u00fcgt au\u00dferdem \u00fcber einen analogen Pfad mit diskreten Komponenten und Einzelschaltern, der eine hohe Klangqualit\u00e4t und minimale Eingriffe gew\u00e4hrleistet. Jeder Vinyl-Scheibe kann eine eigene EQ-Kurve zugewiesen werden, mit der M\u00f6glichkeit, diese f\u00fcr einen besseren Frequenzgang zu verbessern. Gold Note bietet auch ein nat\u00fcrliches Upgrade des externen Netzteils, <a href=\"https:\/\/studiokoncept.se\/de\/shop\/elektronik\/separat-natdel\/gold-note-psu-5\/\" target=\"_blank\" rel=\"noopener\">PSU-5<\/a>die speziell f\u00fcr den PH-5 entwickelt wurde und seine Leistung weiter verbessert.<\/p>","protected":false},"excerpt":{"rendered":"<p>Der Gold Notes PH-5 Phonoverst\u00e4rker ist eine preisg\u00fcnstige Option f\u00fcr MM- und MC-Tonabnehmer. Mit EQ-Kurven-Optionen, einschlie\u00dflich RIAA, Decca London und American Columbia, sowie LOAD- und GAIN-Einstellungen ist er ideal f\u00fcr jedes analoge System.<br \/>\nDieses Produkt verf\u00fcgt \u00fcber einen Touchscreen, \u00fcber den die Einstellungen w\u00e4hrend der Musikwiedergabe ge\u00e4ndert werden k\u00f6nnen. Jede Entzerrungskurve kann \"verbessert\" werden, um den Frequenzgang zu erweitern. Die diskreten Audiokomponenten des PH-5 befinden sich im Signalweg. Der PH-5 verf\u00fcgt \u00fcber eine eigene externe Stromversorgung, <a href=\"https:\/\/studiokoncept.se\/de\/shop\/elektronik\/separat-natdel\/gold-note-psu-5\/\" target=\"_blank\" rel=\"noopener\">PSU-5<\/a>Dadurch wird sie noch besser und bietet einen h\u00f6heren Grad an musikalischem Realismus.<\/p>","protected":false},"featured_media":19442,"template":"","meta":[],"product_brand":[],"product_cat":[162],"product_tag":[803],"class_list":{"0":"post-15704","1":"product","2":"type-product","3":"status-publish","4":"has-post-thumbnail","6":"product_cat-riaa","7":"product_tag-gold-note-ph-5","8":"product_shipping_class-standard","10":"first","11":"instock","12":"taxable","13":"shipping-taxable","14":"purchasable","15":"product-type-simple"},"bundled_by":[],"bundle_stock_status":"instock","bundle_stock_quantity":null,"bundle_virtual":false,"bundle_layout":"","bundle_add_to_cart_form_location":"","bundle_editable_in_cart":false,"bundle_sold_individually_context":"","bundle_item_grouping":"","bundle_min_size":"","bundle_max_size":"","bundle_price":[],"bundled_items":[],"bundle_sell_ids":[],"_links":{"self":[{"href":"https:\/\/studiokoncept.se\/de\/wp-json\/wp\/v2\/product\/15704","targetHints":{"allow":["GET"]}}],"collection":[{"href":"https:\/\/studiokoncept.se\/de\/wp-json\/wp\/v2\/product"}],"about":[{"href":"https:\/\/studiokoncept.se\/de\/wp-json\/wp\/v2\/types\/product"}],"version-history":[{"count":0,"href":"https:\/\/studiokoncept.se\/de\/wp-json\/wp\/v2\/product\/15704\/revisions"}],"wp:featuredmedia":[{"embeddable":true,"href":"https:\/\/studiokoncept.se\/de\/wp-json\/wp\/v2\/media\/19442"}],"wp:attachment":[{"href":"https:\/\/studiokoncept.se\/de\/wp-json\/wp\/v2\/media?parent=15704"}],"wp:term":[{"taxonomy":"product_brand","embeddable":true,"href":"https:\/\/studiokoncept.se\/de\/wp-json\/wp\/v2\/product_brand?post=15704"},{"taxonomy":"product_cat","embeddable":true,"href":"https:\/\/studiokoncept.se\/de\/wp-json\/wp\/v2\/product_cat?post=15704"},{"taxonomy":"product_tag","embeddable":true,"href":"https:\/\/studiokoncept.se\/de\/wp-json\/wp\/v2\/product_tag?post=15704"}],"curies":[{"name":"wp","href":"https:\/\/api.w.org\/{rel}","templated":true}]}}