{"id":15264,"date":"2023-02-14T23:33:27","date_gmt":"2023-02-14T22:33:27","guid":{"rendered":"https:\/\/studiokoncept.se\/?post_type=product&#038;p=15264"},"modified":"2024-01-27T07:51:24","modified_gmt":"2024-01-27T06:51:24","slug":"entreq-argo-hogtalarkabel","status":"publish","type":"product","link":"https:\/\/studiokoncept.se\/de\/shop\/kablar\/analoga-kablar\/hogtalarkablar\/entreq-argo-hogtalarkabel\/","title":{"rendered":"Entreq Argo Lautsprecherkabel"},"content":{"rendered":"<p><strong>Optionen:<\/strong><\/p>\n<p>Sie w\u00e4hlen die folgenden M\u00f6glichkeiten:<\/p>\n<ol>\n<li>Die L\u00e4nge des Lautsprecherkabels.<\/li>\n<li>Steckverbinder f\u00fcr das Lautsprecherkabel. Die Reihenfolge ist Verst\u00e4rker - Lautsprecher.<\/li>\n<li>L\u00e4nge des Drainagekabels. Dies ist ein Eartha-Kabel. W\u00e4hlen Sie die entsprechende L\u00e4nge so, dass es die Stelle erreicht, an der Sie Ihren Erdungskasten haben.<\/li>\n<\/ol>","protected":false},"excerpt":{"rendered":"<h4>Entreq-Lautsprecherkabel der Argo-Serie<\/h4>\n<p>Eine geflochtene Konstruktion mit 3 Leitern.<\/p>\n<p>Das Kabel besteht aus 2 Teilen:<\/p>\n<ol>\n<li>Das Signalkabel mit seinen Flachsteckern oder Bananensteckern an jedem Ende. W\u00e4hlen Sie unten die L\u00e4nge und die Stecker aus.<\/li>\n<li>Das Drainagekabel, das auch als Isolierung dient. Das Ende ragt als Parallelkabel heraus und ist standardm\u00e4\u00dfig 55 cm lang mit einem Haken am Ende f\u00fcr den Anschluss an eine Erdungsbox. Die L\u00e4nge wird unten ausgew\u00e4hlt.<\/li>\n<\/ol>\n<p>Nachstehend finden Sie eine l\u00e4ngere Erl\u00e4uterung der verschiedenen Optionen.<\/p>\n<p>Bitte setzen Sie sich mit uns in Verbindung, wenn Sie Fragen oder Unklarheiten haben.<\/p>","protected":false},"featured_media":10872,"template":"","meta":[],"product_brand":[],"product_cat":[171],"product_tag":[692,695],"class_list":{"0":"post-15264","1":"product","2":"type-product","3":"status-publish","4":"has-post-thumbnail","6":"product_cat-hogtalarkablar","7":"product_tag-entreq","8":"product_tag-entreq-hogtalarkablar","9":"product_shipping_class-standard","11":"first","12":"instock","13":"taxable","14":"shipping-taxable","15":"purchasable","16":"product-type-variable","17":"has-default-attributes"},"bundled_by":[],"bundle_stock_status":"instock","bundle_stock_quantity":null,"bundle_virtual":false,"bundle_layout":"","bundle_add_to_cart_form_location":"","bundle_editable_in_cart":false,"bundle_sold_individually_context":"","bundle_item_grouping":"","bundle_min_size":"","bundle_max_size":"","bundle_price":[],"bundled_items":[],"bundle_sell_ids":[],"_links":{"self":[{"href":"https:\/\/studiokoncept.se\/de\/wp-json\/wp\/v2\/product\/15264","targetHints":{"allow":["GET"]}}],"collection":[{"href":"https:\/\/studiokoncept.se\/de\/wp-json\/wp\/v2\/product"}],"about":[{"href":"https:\/\/studiokoncept.se\/de\/wp-json\/wp\/v2\/types\/product"}],"version-history":[{"count":0,"href":"https:\/\/studiokoncept.se\/de\/wp-json\/wp\/v2\/product\/15264\/revisions"}],"wp:featuredmedia":[{"embeddable":true,"href":"https:\/\/studiokoncept.se\/de\/wp-json\/wp\/v2\/media\/10872"}],"wp:attachment":[{"href":"https:\/\/studiokoncept.se\/de\/wp-json\/wp\/v2\/media?parent=15264"}],"wp:term":[{"taxonomy":"product_brand","embeddable":true,"href":"https:\/\/studiokoncept.se\/de\/wp-json\/wp\/v2\/product_brand?post=15264"},{"taxonomy":"product_cat","embeddable":true,"href":"https:\/\/studiokoncept.se\/de\/wp-json\/wp\/v2\/product_cat?post=15264"},{"taxonomy":"product_tag","embeddable":true,"href":"https:\/\/studiokoncept.se\/de\/wp-json\/wp\/v2\/product_tag?post=15264"}],"curies":[{"name":"wp","href":"https:\/\/api.w.org\/{rel}","templated":true}]}}