{"id":15099,"date":"2023-02-12T23:40:32","date_gmt":"2023-02-12T22:40:32","guid":{"rendered":"https:\/\/studiokoncept.se\/?post_type=product&#038;p=15099"},"modified":"2024-07-09T08:16:06","modified_gmt":"2024-07-09T06:16:06","slug":"entreq-power-digital-ac-olympus-infinity","status":"publish","type":"product","link":"https:\/\/studiokoncept.se\/de\/shop\/kablar\/natkablar\/stromkablar-for-digitalt\/entreq-power-digital-ac-olympus-infinity\/","title":{"rendered":"Entreq Power Digital AC Olympus Infinity"},"content":{"rendered":"<p><h3><\/h3><\/p>","protected":false},"excerpt":{"rendered":"<p><h3>Ma\u00dfgeschneidertes AC-Netzkabel f\u00fcr Produkte, die weniger Strom ben\u00f6tigen.<\/h3><br \/>\nDie Entreq Power Digial Olympus Infinity ist so konzipiert, dass sie beispielsweise perfekt zu einem DAC passt, der weniger Strom verbraucht als eine Endstufe. Es handelt sich nicht um eine \"Schleichvariante\", sondern um eine Qualit\u00e4tsanpassung. Es bietet die Erfahrung einer gr\u00f6\u00dferen Freigabe und Geschwindigkeit.<br \/>\n(Die Abbildung zeigt das Standard-AC-Kabel)<\/p>","protected":false},"featured_media":10881,"template":"","meta":[],"product_brand":[],"product_cat":[724],"product_tag":[692,714],"class_list":{"0":"post-15099","1":"product","2":"type-product","3":"status-publish","4":"has-post-thumbnail","6":"product_cat-stromkablar-for-digitalt","7":"product_tag-entreq","8":"product_tag-entreq-ac-digitalkabel","9":"product_shipping_class-standard","11":"first","12":"instock","13":"taxable","14":"shipping-taxable","15":"purchasable","16":"product-type-variable","17":"has-default-attributes"},"bundled_by":[],"bundle_stock_status":"instock","bundle_stock_quantity":null,"bundle_virtual":false,"bundle_layout":"","bundle_add_to_cart_form_location":"","bundle_editable_in_cart":false,"bundle_sold_individually_context":"","bundle_item_grouping":"","bundle_min_size":"","bundle_max_size":"","bundle_price":[],"bundled_items":[],"bundle_sell_ids":[],"_links":{"self":[{"href":"https:\/\/studiokoncept.se\/de\/wp-json\/wp\/v2\/product\/15099","targetHints":{"allow":["GET"]}}],"collection":[{"href":"https:\/\/studiokoncept.se\/de\/wp-json\/wp\/v2\/product"}],"about":[{"href":"https:\/\/studiokoncept.se\/de\/wp-json\/wp\/v2\/types\/product"}],"version-history":[{"count":0,"href":"https:\/\/studiokoncept.se\/de\/wp-json\/wp\/v2\/product\/15099\/revisions"}],"wp:featuredmedia":[{"embeddable":true,"href":"https:\/\/studiokoncept.se\/de\/wp-json\/wp\/v2\/media\/10881"}],"wp:attachment":[{"href":"https:\/\/studiokoncept.se\/de\/wp-json\/wp\/v2\/media?parent=15099"}],"wp:term":[{"taxonomy":"product_brand","embeddable":true,"href":"https:\/\/studiokoncept.se\/de\/wp-json\/wp\/v2\/product_brand?post=15099"},{"taxonomy":"product_cat","embeddable":true,"href":"https:\/\/studiokoncept.se\/de\/wp-json\/wp\/v2\/product_cat?post=15099"},{"taxonomy":"product_tag","embeddable":true,"href":"https:\/\/studiokoncept.se\/de\/wp-json\/wp\/v2\/product_tag?post=15099"}],"curies":[{"name":"wp","href":"https:\/\/api.w.org\/{rel}","templated":true}]}}