{"id":15094,"date":"2023-02-12T23:23:22","date_gmt":"2023-02-12T22:23:22","guid":{"rendered":"https:\/\/studiokoncept.se\/?post_type=product&#038;p=15094"},"modified":"2024-01-27T07:09:28","modified_gmt":"2024-01-27T06:09:28","slug":"entreq-power-ac-argo","status":"publish","type":"product","link":"https:\/\/studiokoncept.se\/de\/shop\/kablar\/natkablar\/ac-vaxelstrom\/entreq-power-ac-argo\/","title":{"rendered":"Entreq Power AC Argo"},"content":{"rendered":"<h3><\/h3>","protected":false},"excerpt":{"rendered":"<h3>Netzkabel der neuen geflochtenen Argo-Serie<\/h3>\n<p>3-adriges AC-Netzkabel in der unteren Reihe der neuen geflochtenen Kabel.<\/p>\n<p>Au\u00dferdem fehlt ein Entw\u00e4sserungskabel.<\/p>\n<p>Dieses Kabel ist f\u00fcr Vollverst\u00e4rker und Leistungsverst\u00e4rker konzipiert. Das hei\u00dft, Produkte, die viel Strom ben\u00f6tigen. F\u00fcr Produkte, die weniger Strom ben\u00f6tigen, wie z. B. Vorverst\u00e4rker und digitale Produkte, empfehle ich <a href=\"https:\/\/studiokoncept.se\/de\/produkt\/entreq-power-ac-digital-argo\/\" target=\"_blank\" rel=\"noopener\">Entreq Power Digital AC Argo<\/a><\/p>","protected":false},"featured_media":10830,"template":"","meta":[],"product_brand":[],"product_cat":[631],"product_tag":[692,708],"class_list":{"0":"post-15094","1":"product","2":"type-product","3":"status-publish","4":"has-post-thumbnail","6":"product_cat-ac-vaxelstrom","7":"product_tag-entreq","8":"product_tag-entreq-ac-stromkablar","9":"product_shipping_class-standard","11":"first","12":"instock","13":"taxable","14":"shipping-taxable","15":"purchasable","16":"product-type-variable","17":"has-default-attributes"},"bundled_by":[],"bundle_stock_status":"instock","bundle_stock_quantity":null,"bundle_virtual":false,"bundle_layout":"","bundle_add_to_cart_form_location":"","bundle_editable_in_cart":false,"bundle_sold_individually_context":"","bundle_item_grouping":"","bundle_min_size":"","bundle_max_size":"","bundle_price":[],"bundled_items":[],"bundle_sell_ids":[],"_links":{"self":[{"href":"https:\/\/studiokoncept.se\/de\/wp-json\/wp\/v2\/product\/15094","targetHints":{"allow":["GET"]}}],"collection":[{"href":"https:\/\/studiokoncept.se\/de\/wp-json\/wp\/v2\/product"}],"about":[{"href":"https:\/\/studiokoncept.se\/de\/wp-json\/wp\/v2\/types\/product"}],"version-history":[{"count":0,"href":"https:\/\/studiokoncept.se\/de\/wp-json\/wp\/v2\/product\/15094\/revisions"}],"wp:featuredmedia":[{"embeddable":true,"href":"https:\/\/studiokoncept.se\/de\/wp-json\/wp\/v2\/media\/10830"}],"wp:attachment":[{"href":"https:\/\/studiokoncept.se\/de\/wp-json\/wp\/v2\/media?parent=15094"}],"wp:term":[{"taxonomy":"product_brand","embeddable":true,"href":"https:\/\/studiokoncept.se\/de\/wp-json\/wp\/v2\/product_brand?post=15094"},{"taxonomy":"product_cat","embeddable":true,"href":"https:\/\/studiokoncept.se\/de\/wp-json\/wp\/v2\/product_cat?post=15094"},{"taxonomy":"product_tag","embeddable":true,"href":"https:\/\/studiokoncept.se\/de\/wp-json\/wp\/v2\/product_tag?post=15094"}],"curies":[{"name":"wp","href":"https:\/\/api.w.org\/{rel}","templated":true}]}}