{"id":15083,"date":"2023-02-12T22:49:26","date_gmt":"2023-02-12T21:49:26","guid":{"rendered":"https:\/\/studiokoncept.se\/?post_type=product&#038;p=15083"},"modified":"2024-07-09T08:19:21","modified_gmt":"2024-07-09T06:19:21","slug":"entreq-power-ac-apollo-infinity","status":"publish","type":"product","link":"https:\/\/studiokoncept.se\/de\/shop\/kablar\/natkablar\/ac-vaxelstrom\/entreq-power-ac-apollo-infinity\/","title":{"rendered":"Entreq Power AC Apollo Infinity"},"content":{"rendered":"<p><h3><\/h3><\/p>\n<h3><\/h3>","protected":false},"excerpt":{"rendered":"<h3>Entreqs zweitbestes Stromkabel<\/h3>\n<p>AC-Netzkabel der klassischen Apollo-Serie.<br \/>\nDas Kabel ist f\u00fcr leistungshungrige Produkte wie Leistungsverst\u00e4rker und Vollverst\u00e4rker konzipiert. Wenn Sie ein Stromkabel f\u00fcr Vorverst\u00e4rker und digitale Produkte suchen, die nicht so stromhungrig sind, w\u00e4hlen Sie das <a href=\"https:\/\/studiokoncept.se\/de\/produkt\/entreq-power-digital-ac-apollo-infinity\/\" target=\"_blank\" rel=\"noopener\">Entreq Power AC Digital Apollo<\/a><\/p>","protected":false},"featured_media":14210,"template":"","meta":[],"product_brand":[],"product_cat":[631],"product_tag":[692,708],"class_list":{"0":"post-15083","1":"product","2":"type-product","3":"status-publish","4":"has-post-thumbnail","6":"product_cat-ac-vaxelstrom","7":"product_tag-entreq","8":"product_tag-entreq-ac-stromkablar","9":"product_shipping_class-standard","11":"first","12":"instock","13":"taxable","14":"shipping-taxable","15":"purchasable","16":"product-type-variable","17":"has-default-attributes"},"bundled_by":[],"bundle_stock_status":"instock","bundle_stock_quantity":null,"bundle_virtual":false,"bundle_layout":"","bundle_add_to_cart_form_location":"","bundle_editable_in_cart":false,"bundle_sold_individually_context":"","bundle_item_grouping":"","bundle_min_size":"","bundle_max_size":"","bundle_price":[],"bundled_items":[],"bundle_sell_ids":[],"_links":{"self":[{"href":"https:\/\/studiokoncept.se\/de\/wp-json\/wp\/v2\/product\/15083","targetHints":{"allow":["GET"]}}],"collection":[{"href":"https:\/\/studiokoncept.se\/de\/wp-json\/wp\/v2\/product"}],"about":[{"href":"https:\/\/studiokoncept.se\/de\/wp-json\/wp\/v2\/types\/product"}],"version-history":[{"count":0,"href":"https:\/\/studiokoncept.se\/de\/wp-json\/wp\/v2\/product\/15083\/revisions"}],"wp:featuredmedia":[{"embeddable":true,"href":"https:\/\/studiokoncept.se\/de\/wp-json\/wp\/v2\/media\/14210"}],"wp:attachment":[{"href":"https:\/\/studiokoncept.se\/de\/wp-json\/wp\/v2\/media?parent=15083"}],"wp:term":[{"taxonomy":"product_brand","embeddable":true,"href":"https:\/\/studiokoncept.se\/de\/wp-json\/wp\/v2\/product_brand?post=15083"},{"taxonomy":"product_cat","embeddable":true,"href":"https:\/\/studiokoncept.se\/de\/wp-json\/wp\/v2\/product_cat?post=15083"},{"taxonomy":"product_tag","embeddable":true,"href":"https:\/\/studiokoncept.se\/de\/wp-json\/wp\/v2\/product_tag?post=15083"}],"curies":[{"name":"wp","href":"https:\/\/api.w.org\/{rel}","templated":true}]}}