{"id":15077,"date":"2023-02-12T22:43:38","date_gmt":"2023-02-12T21:43:38","guid":{"rendered":"https:\/\/studiokoncept.se\/?post_type=product&#038;p=15077"},"modified":"2024-07-09T07:19:50","modified_gmt":"2024-07-09T05:19:50","slug":"entreq-olympus-infinity-power","status":"publish","type":"product","link":"https:\/\/studiokoncept.se\/de\/shop\/kablar\/natkablar\/ac-vaxelstrom\/entreq-olympus-infinity-power\/","title":{"rendered":"Entreq Power AC Olympus Infinity"},"content":{"rendered":"<p><h3><\/h3><\/p>\n<h3><\/h3>","protected":false},"excerpt":{"rendered":"<h3>Das beste Stromkabel von Entreq<\/h3>\n<p>Die Olympus Infinity-Serie in ihrer ganzen Pracht.<br \/>\nEr ist f\u00fcr leistungshungrige Produkte wie Leistungsverst\u00e4rker und Vollverst\u00e4rker gedacht. F\u00fcr Vorverst\u00e4rker und digitale Elektronik empfehle ich <a href=\"https:\/\/studiokoncept.se\/de\/produkt\/entreq-power-digital-ac-olympus-infinity\/\" target=\"_blank\" rel=\"noopener\">Entreq Power AC digital Olympus Infinity<\/a><\/p>","protected":false},"featured_media":10881,"template":"","meta":[],"product_brand":[],"product_cat":[631],"product_tag":[692,708],"class_list":{"0":"post-15077","1":"product","2":"type-product","3":"status-publish","4":"has-post-thumbnail","6":"product_cat-ac-vaxelstrom","7":"product_tag-entreq","8":"product_tag-entreq-ac-stromkablar","9":"product_shipping_class-standard","11":"first","12":"instock","13":"taxable","14":"shipping-taxable","15":"purchasable","16":"product-type-variable","17":"has-default-attributes"},"bundled_by":[],"bundle_stock_status":"instock","bundle_stock_quantity":null,"bundle_virtual":false,"bundle_layout":"","bundle_add_to_cart_form_location":"","bundle_editable_in_cart":false,"bundle_sold_individually_context":"","bundle_item_grouping":"","bundle_min_size":"","bundle_max_size":"","bundle_price":[],"bundled_items":[],"bundle_sell_ids":[],"_links":{"self":[{"href":"https:\/\/studiokoncept.se\/de\/wp-json\/wp\/v2\/product\/15077","targetHints":{"allow":["GET"]}}],"collection":[{"href":"https:\/\/studiokoncept.se\/de\/wp-json\/wp\/v2\/product"}],"about":[{"href":"https:\/\/studiokoncept.se\/de\/wp-json\/wp\/v2\/types\/product"}],"version-history":[{"count":0,"href":"https:\/\/studiokoncept.se\/de\/wp-json\/wp\/v2\/product\/15077\/revisions"}],"wp:featuredmedia":[{"embeddable":true,"href":"https:\/\/studiokoncept.se\/de\/wp-json\/wp\/v2\/media\/10881"}],"wp:attachment":[{"href":"https:\/\/studiokoncept.se\/de\/wp-json\/wp\/v2\/media?parent=15077"}],"wp:term":[{"taxonomy":"product_brand","embeddable":true,"href":"https:\/\/studiokoncept.se\/de\/wp-json\/wp\/v2\/product_brand?post=15077"},{"taxonomy":"product_cat","embeddable":true,"href":"https:\/\/studiokoncept.se\/de\/wp-json\/wp\/v2\/product_cat?post=15077"},{"taxonomy":"product_tag","embeddable":true,"href":"https:\/\/studiokoncept.se\/de\/wp-json\/wp\/v2\/product_tag?post=15077"}],"curies":[{"name":"wp","href":"https:\/\/api.w.org\/{rel}","templated":true}]}}