{"id":14672,"date":"2023-02-11T17:08:02","date_gmt":"2023-02-11T16:08:02","guid":{"rendered":"https:\/\/studiokoncept.se\/?post_type=product&#038;p=14672"},"modified":"2024-01-28T07:50:56","modified_gmt":"2024-01-28T06:50:56","slug":"entreq-argo-signalkabel-xlr","status":"publish","type":"product","link":"https:\/\/studiokoncept.se\/de\/shop\/kablar\/analoga-kablar\/xlr-balanserade-signalkablar\/entreq-argo-signalkabel-xlr\/","title":{"rendered":"Entreq Argo-Signalkabel XLR"},"content":{"rendered":"","protected":false},"excerpt":{"rendered":"<h4>Entreqs-Signalkabel mit XLR-Steckern aus der Argo-Serie.<\/h4>\n<p>Ein symmetrisches Signalkabel mit XLR-Steckern aus der neuen geflochtenen Argo-Serie.<\/p>\n<p>Das Kabel besteht aus 2 Teilen:<\/p>\n<ol>\n<li>Das Signalkabel mit seinen beiden Cinch-Steckern an jedem Ende. Die L\u00e4nge wird unten ausgew\u00e4hlt.<\/li>\n<li>Das Drainagekabel, das auch als Isolierung dient, ist ein eingebautes Eartha-Kabel, das standardm\u00e4\u00dfig 55 cm lang ist und am Ende einen Haken f\u00fcr den Anschluss an einen Erdungskasten hat. W\u00e4hlen Sie unten die L\u00e4nge aus.<\/li>\n<\/ol>\n<p>Bitte setzen Sie sich mit uns in Verbindung, wenn Sie Fragen oder Unklarheiten haben.<\/p>","protected":false},"featured_media":10879,"template":"","meta":[],"product_brand":[],"product_cat":[630],"product_tag":[692,694],"class_list":{"0":"post-14672","1":"product","2":"type-product","3":"status-publish","4":"has-post-thumbnail","6":"product_cat-xlr-balanserade-signalkablar","7":"product_tag-entreq","8":"product_tag-entreq-analoga-xlr-kablar","9":"product_shipping_class-standard","11":"first","12":"instock","13":"taxable","14":"shipping-taxable","15":"purchasable","16":"product-type-variable","17":"has-default-attributes"},"bundled_by":[],"bundle_stock_status":"instock","bundle_stock_quantity":null,"bundle_virtual":false,"bundle_layout":"","bundle_add_to_cart_form_location":"","bundle_editable_in_cart":false,"bundle_sold_individually_context":"","bundle_item_grouping":"","bundle_min_size":"","bundle_max_size":"","bundle_price":[],"bundled_items":[],"bundle_sell_ids":[],"_links":{"self":[{"href":"https:\/\/studiokoncept.se\/de\/wp-json\/wp\/v2\/product\/14672","targetHints":{"allow":["GET"]}}],"collection":[{"href":"https:\/\/studiokoncept.se\/de\/wp-json\/wp\/v2\/product"}],"about":[{"href":"https:\/\/studiokoncept.se\/de\/wp-json\/wp\/v2\/types\/product"}],"version-history":[{"count":0,"href":"https:\/\/studiokoncept.se\/de\/wp-json\/wp\/v2\/product\/14672\/revisions"}],"wp:featuredmedia":[{"embeddable":true,"href":"https:\/\/studiokoncept.se\/de\/wp-json\/wp\/v2\/media\/10879"}],"wp:attachment":[{"href":"https:\/\/studiokoncept.se\/de\/wp-json\/wp\/v2\/media?parent=14672"}],"wp:term":[{"taxonomy":"product_brand","embeddable":true,"href":"https:\/\/studiokoncept.se\/de\/wp-json\/wp\/v2\/product_brand?post=14672"},{"taxonomy":"product_cat","embeddable":true,"href":"https:\/\/studiokoncept.se\/de\/wp-json\/wp\/v2\/product_cat?post=14672"},{"taxonomy":"product_tag","embeddable":true,"href":"https:\/\/studiokoncept.se\/de\/wp-json\/wp\/v2\/product_tag?post=14672"}],"curies":[{"name":"wp","href":"https:\/\/api.w.org\/{rel}","templated":true}]}}