{"id":14646,"date":"2023-02-11T16:45:28","date_gmt":"2023-02-11T15:45:28","guid":{"rendered":"https:\/\/studiokoncept.se\/?post_type=product&#038;p=14646"},"modified":"2024-01-28T12:14:10","modified_gmt":"2024-01-28T11:14:10","slug":"entreq-argo-usb-kabel","status":"publish","type":"product","link":"https:\/\/studiokoncept.se\/de\/shop\/kablar\/digitala-kablar\/usb-kablar\/entreq-argo-usb-kabel\/","title":{"rendered":"Entreq Argo USB-Kabel"},"content":{"rendered":"","protected":false},"excerpt":{"rendered":"<h4>USB-Kabel aus der Argo-Serie von Entreq.<\/h4>\n<p>Ein USB-Kabel der neuen geflochtenen Argo-Serie mit 3 Leitern.<\/p>\n<p>Ein w\u00fcrdiger Ersatz f\u00fcr die Konstantin-Serie.<\/p>\n<p>Das Kabel besteht aus 2 Teilen:<\/p>\n<ol>\n<li>Das digitale Kabel mit USB-Steckern an jedem Ende. W\u00e4hlen Sie die L\u00e4nge unten.<\/li>\n<li>Entw\u00e4sserungskabel, das ein Eartha-Kabel ist. Das Ende ragt als Parallelkabel heraus und ist standardm\u00e4\u00dfig 55 cm lang mit einem Haken am Ende f\u00fcr den Anschluss an einen Erdungskasten. W\u00e4hlen Sie die L\u00e4nge, die Sie ben\u00f6tigen, um den Erdungskasten zu erreichen.<\/li>\n<\/ol>\n<p>Bitte setzen Sie sich mit uns in Verbindung, wenn Sie Fragen oder Unklarheiten haben.<\/p>","protected":false},"featured_media":10926,"template":"","meta":[],"product_brand":[],"product_cat":[172],"product_tag":[692,699],"class_list":{"0":"post-14646","1":"product","2":"type-product","3":"status-publish","4":"has-post-thumbnail","6":"product_cat-usb-kablar","7":"product_tag-entreq","8":"product_tag-entreq-usb-kablar","9":"product_shipping_class-standard","11":"first","12":"instock","13":"taxable","14":"shipping-taxable","15":"purchasable","16":"product-type-variable","17":"has-default-attributes"},"bundled_by":[],"bundle_stock_status":"instock","bundle_stock_quantity":null,"bundle_virtual":false,"bundle_layout":"","bundle_add_to_cart_form_location":"","bundle_editable_in_cart":false,"bundle_sold_individually_context":"","bundle_item_grouping":"","bundle_min_size":"","bundle_max_size":"","bundle_price":[],"bundled_items":[],"bundle_sell_ids":[],"_links":{"self":[{"href":"https:\/\/studiokoncept.se\/de\/wp-json\/wp\/v2\/product\/14646","targetHints":{"allow":["GET"]}}],"collection":[{"href":"https:\/\/studiokoncept.se\/de\/wp-json\/wp\/v2\/product"}],"about":[{"href":"https:\/\/studiokoncept.se\/de\/wp-json\/wp\/v2\/types\/product"}],"version-history":[{"count":0,"href":"https:\/\/studiokoncept.se\/de\/wp-json\/wp\/v2\/product\/14646\/revisions"}],"wp:featuredmedia":[{"embeddable":true,"href":"https:\/\/studiokoncept.se\/de\/wp-json\/wp\/v2\/media\/10926"}],"wp:attachment":[{"href":"https:\/\/studiokoncept.se\/de\/wp-json\/wp\/v2\/media?parent=14646"}],"wp:term":[{"taxonomy":"product_brand","embeddable":true,"href":"https:\/\/studiokoncept.se\/de\/wp-json\/wp\/v2\/product_brand?post=14646"},{"taxonomy":"product_cat","embeddable":true,"href":"https:\/\/studiokoncept.se\/de\/wp-json\/wp\/v2\/product_cat?post=14646"},{"taxonomy":"product_tag","embeddable":true,"href":"https:\/\/studiokoncept.se\/de\/wp-json\/wp\/v2\/product_tag?post=14646"}],"curies":[{"name":"wp","href":"https:\/\/api.w.org\/{rel}","templated":true}]}}