{"id":14596,"date":"2023-02-11T16:36:30","date_gmt":"2023-02-11T15:36:30","guid":{"rendered":"https:\/\/studiokoncept.se\/?post_type=product&#038;p=14596"},"modified":"2024-01-28T12:17:53","modified_gmt":"2024-01-28T11:17:53","slug":"entreq-argo-digitalkabel-bnc-2","status":"publish","type":"product","link":"https:\/\/studiokoncept.se\/de\/shop\/kablar\/digitala-kablar\/bnc-digitalkablar\/entreq-argo-digitalkabel-bnc-2\/","title":{"rendered":"Entreq Argo Digitalkabel BNC"},"content":{"rendered":"","protected":false},"excerpt":{"rendered":"<h4>Digitalkabel mit BNC-Steckern aus der Argo-Serie von Entreq.<\/h4>\n<p>Ein digitales Kabel aus der neuen geflochtenen Argo-Serie.<\/p>\n<p>Ein w\u00fcrdiger Ersatz f\u00fcr die Konstantin-Serie.<\/p>\n<p>Das Kabel besteht aus 2 Teilen:<\/p>\n<ol>\n<li>Digitales Kabel mit BNC-Steckern an jedem Ende. W\u00e4hlen Sie die L\u00e4nge unten.<\/li>\n<li>Das Drainagekabel ist ein Eartha-Kabel. W\u00e4hlen Sie die L\u00e4nge, die Sie f\u00fcr den Anschluss an Ihren Erdungskasten ben\u00f6tigen.<\/li>\n<\/ol>\n<p>Bitte setzen Sie sich mit uns in Verbindung, wenn Sie Fragen oder Unklarheiten haben.<\/p>","protected":false},"featured_media":10923,"template":"","meta":[],"product_brand":[],"product_cat":[633],"product_tag":[692,698],"class_list":{"0":"post-14596","1":"product","2":"type-product","3":"status-publish","4":"has-post-thumbnail","6":"product_cat-bnc-digitalkablar","7":"product_tag-entreq","8":"product_tag-entreq-digitala-bnc-kablar","9":"product_shipping_class-standard","11":"first","12":"instock","13":"taxable","14":"shipping-taxable","15":"purchasable","16":"product-type-variable","17":"has-default-attributes"},"bundled_by":[],"bundle_stock_status":"instock","bundle_stock_quantity":null,"bundle_virtual":false,"bundle_layout":"","bundle_add_to_cart_form_location":"","bundle_editable_in_cart":false,"bundle_sold_individually_context":"","bundle_item_grouping":"","bundle_min_size":"","bundle_max_size":"","bundle_price":[],"bundled_items":[],"bundle_sell_ids":[],"_links":{"self":[{"href":"https:\/\/studiokoncept.se\/de\/wp-json\/wp\/v2\/product\/14596","targetHints":{"allow":["GET"]}}],"collection":[{"href":"https:\/\/studiokoncept.se\/de\/wp-json\/wp\/v2\/product"}],"about":[{"href":"https:\/\/studiokoncept.se\/de\/wp-json\/wp\/v2\/types\/product"}],"version-history":[{"count":0,"href":"https:\/\/studiokoncept.se\/de\/wp-json\/wp\/v2\/product\/14596\/revisions"}],"wp:featuredmedia":[{"embeddable":true,"href":"https:\/\/studiokoncept.se\/de\/wp-json\/wp\/v2\/media\/10923"}],"wp:attachment":[{"href":"https:\/\/studiokoncept.se\/de\/wp-json\/wp\/v2\/media?parent=14596"}],"wp:term":[{"taxonomy":"product_brand","embeddable":true,"href":"https:\/\/studiokoncept.se\/de\/wp-json\/wp\/v2\/product_brand?post=14596"},{"taxonomy":"product_cat","embeddable":true,"href":"https:\/\/studiokoncept.se\/de\/wp-json\/wp\/v2\/product_cat?post=14596"},{"taxonomy":"product_tag","embeddable":true,"href":"https:\/\/studiokoncept.se\/de\/wp-json\/wp\/v2\/product_tag?post=14596"}],"curies":[{"name":"wp","href":"https:\/\/api.w.org\/{rel}","templated":true}]}}