{"id":14353,"date":"2023-02-05T10:37:41","date_gmt":"2023-02-05T09:37:41","guid":{"rendered":"https:\/\/studiokoncept.se\/?post_type=product&#038;p=14353"},"modified":"2024-01-29T18:25:43","modified_gmt":"2024-01-29T17:25:43","slug":"entreq-eartha-infinity-olympus","status":"publish","type":"product","link":"https:\/\/studiokoncept.se\/de\/shop\/jordning\/entreq-eartha-jordkablar\/entreq-eartha-infinity-olympus\/","title":{"rendered":"Entreq Eartha Unendlichkeit Olympus"},"content":{"rendered":"<h3><\/h3>\n<h3><\/h3>","protected":false},"excerpt":{"rendered":"<h3>Eartha Olympus; das beste Erdungskabel von Entreq.<\/h3>\n<p>Das Olympus-Modell ist bei weitem das beste Erdungskabel. Alle meine Kunden, die verglichen haben, in der Hoffnung, Geld zu sparen, haben sich schlie\u00dflich f\u00fcr das Eartha von Olympus entschieden. Eben weil der Qualit\u00e4tsgewinn, den es bietet, nicht zu \u00fcbersehen ist; wenn Sie k\u00f6nnen, w\u00e4hlen Sie Olympus! Das Aufl\u00f6sungsverm\u00f6gen der Zeitrafferaufnahmen ist gro\u00dfartig.<\/p>\n<p>Es handelt sich um ein Silberkabel, das aus reinen, verdrillten Silberdr\u00e4hten besteht, die das Enteq-eigene Hochdruckverfahren durchlaufen haben.<br \/>\nSilberner Haken an einem Ende zum Anschluss an die Entreq-Erdungsbox.<\/p>\n<p>Bitte treffen Sie die folgenden Auswahlen:<\/p>\n<ol>\n<li>L\u00e4nge des Eartha-Kabels: Bitte kontaktieren Sie uns f\u00fcr Sonderl\u00e4ngen.<\/li>\n<li>W\u00e4hlen Sie den Stecker, den Sie f\u00fcr den Anschluss an Ihre Elektronik ben\u00f6tigen.<\/li>\n<li>W\u00e4hlen Sie, ob Sie einen festen Stecker oder das Bajonettsystem w\u00fcnschen. Das Bajonettsystem hat den Vorteil, dass Sie den Stecker schnell und einfach austauschen k\u00f6nnen. Leider ist es mit einer leichten Qualit\u00e4tseinbu\u00dfe verbunden.<\/li>\n<\/ol>","protected":false},"featured_media":14357,"template":"","meta":[],"product_brand":[],"product_cat":[678,188],"product_tag":[692,701],"class_list":{"0":"post-14353","1":"product","2":"type-product","3":"status-publish","4":"has-post-thumbnail","6":"product_cat-entreq-eartha-jordkablar","7":"product_cat-entreq-jordkablar","8":"product_tag-entreq","9":"product_tag-entreq-eartha-kablar","10":"product_shipping_class-standard","12":"first","13":"instock","14":"taxable","15":"shipping-taxable","16":"purchasable","17":"product-type-variable","18":"has-default-attributes"},"bundled_by":[],"bundle_stock_status":"instock","bundle_stock_quantity":null,"bundle_virtual":false,"bundle_layout":"","bundle_add_to_cart_form_location":"","bundle_editable_in_cart":false,"bundle_sold_individually_context":"","bundle_item_grouping":"","bundle_min_size":"","bundle_max_size":"","bundle_price":[],"bundled_items":[],"bundle_sell_ids":[],"_links":{"self":[{"href":"https:\/\/studiokoncept.se\/de\/wp-json\/wp\/v2\/product\/14353","targetHints":{"allow":["GET"]}}],"collection":[{"href":"https:\/\/studiokoncept.se\/de\/wp-json\/wp\/v2\/product"}],"about":[{"href":"https:\/\/studiokoncept.se\/de\/wp-json\/wp\/v2\/types\/product"}],"version-history":[{"count":0,"href":"https:\/\/studiokoncept.se\/de\/wp-json\/wp\/v2\/product\/14353\/revisions"}],"wp:featuredmedia":[{"embeddable":true,"href":"https:\/\/studiokoncept.se\/de\/wp-json\/wp\/v2\/media\/14357"}],"wp:attachment":[{"href":"https:\/\/studiokoncept.se\/de\/wp-json\/wp\/v2\/media?parent=14353"}],"wp:term":[{"taxonomy":"product_brand","embeddable":true,"href":"https:\/\/studiokoncept.se\/de\/wp-json\/wp\/v2\/product_brand?post=14353"},{"taxonomy":"product_cat","embeddable":true,"href":"https:\/\/studiokoncept.se\/de\/wp-json\/wp\/v2\/product_cat?post=14353"},{"taxonomy":"product_tag","embeddable":true,"href":"https:\/\/studiokoncept.se\/de\/wp-json\/wp\/v2\/product_tag?post=14353"}],"curies":[{"name":"wp","href":"https:\/\/api.w.org\/{rel}","templated":true}]}}