{"id":14340,"date":"2023-02-05T09:34:19","date_gmt":"2023-02-05T08:34:19","guid":{"rendered":"https:\/\/studiokoncept.se\/?post_type=product&#038;p=14340"},"modified":"2024-01-29T03:51:03","modified_gmt":"2024-01-29T02:51:03","slug":"entreq-infinity-silver","status":"publish","type":"product","link":"https:\/\/studiokoncept.se\/de\/shop\/jordning\/entreq-eartha-jordkablar\/entreq-infinity-silver\/","title":{"rendered":"Entreq Eartha Unendlichkeit Silber"},"content":{"rendered":"<h3><\/h3>","protected":false},"excerpt":{"rendered":"<h3>Eartha Silver; f\u00fcr diejenigen, die einen etwas dumpfen und tr\u00e4gen Klang haben.<\/h3>\n<p>Eartha Infinity Silver ist ein reines Silberkabel mit Infinity-Technologie. Es wird verwendet, um das Klangbild aufzuhellen und zu beschleunigen.<br \/>\nSilberner Haken an einem Ende zum Anschluss an die Entreq-Erdungsbox.<\/p>\n<p>Bitte treffen Sie die folgenden Auswahlen:<\/p>\n<ol>\n<li>L\u00e4nge des Eartha-Kabels: Bitte kontaktieren Sie uns f\u00fcr Sonderl\u00e4ngen.<\/li>\n<li>W\u00e4hlen Sie den Stecker, den Sie f\u00fcr den Anschluss an Ihre Elektronik ben\u00f6tigen.<\/li>\n<li>W\u00e4hlen Sie, ob Sie einen festen Kontakt oder das Bajonettsystem w\u00fcnschen. Das Bajonettsystem hat den Vorteil, dass der Stecker schnell und einfach ausgetauscht werden kann. Und im Gegensatz zum Click-on-System beeintr\u00e4chtigt es die Qualit\u00e4t nicht wesentlich.<\/li>\n<\/ol>","protected":false},"featured_media":14345,"template":"","meta":[],"product_brand":[],"product_cat":[678,169,188],"product_tag":[692,701],"class_list":{"0":"post-14340","1":"product","2":"type-product","3":"status-publish","4":"has-post-thumbnail","6":"product_cat-entreq-eartha-jordkablar","7":"product_cat-kablar","8":"product_cat-entreq-jordkablar","9":"product_tag-entreq","10":"product_tag-entreq-eartha-kablar","11":"product_shipping_class-standard","13":"first","14":"instock","15":"taxable","16":"shipping-taxable","17":"purchasable","18":"product-type-variable","19":"has-default-attributes"},"bundled_by":[],"bundle_stock_status":"instock","bundle_stock_quantity":null,"bundle_virtual":false,"bundle_layout":"","bundle_add_to_cart_form_location":"","bundle_editable_in_cart":false,"bundle_sold_individually_context":"","bundle_item_grouping":"","bundle_min_size":"","bundle_max_size":"","bundle_price":[],"bundled_items":[],"bundle_sell_ids":[],"_links":{"self":[{"href":"https:\/\/studiokoncept.se\/de\/wp-json\/wp\/v2\/product\/14340","targetHints":{"allow":["GET"]}}],"collection":[{"href":"https:\/\/studiokoncept.se\/de\/wp-json\/wp\/v2\/product"}],"about":[{"href":"https:\/\/studiokoncept.se\/de\/wp-json\/wp\/v2\/types\/product"}],"version-history":[{"count":0,"href":"https:\/\/studiokoncept.se\/de\/wp-json\/wp\/v2\/product\/14340\/revisions"}],"wp:featuredmedia":[{"embeddable":true,"href":"https:\/\/studiokoncept.se\/de\/wp-json\/wp\/v2\/media\/14345"}],"wp:attachment":[{"href":"https:\/\/studiokoncept.se\/de\/wp-json\/wp\/v2\/media?parent=14340"}],"wp:term":[{"taxonomy":"product_brand","embeddable":true,"href":"https:\/\/studiokoncept.se\/de\/wp-json\/wp\/v2\/product_brand?post=14340"},{"taxonomy":"product_cat","embeddable":true,"href":"https:\/\/studiokoncept.se\/de\/wp-json\/wp\/v2\/product_cat?post=14340"},{"taxonomy":"product_tag","embeddable":true,"href":"https:\/\/studiokoncept.se\/de\/wp-json\/wp\/v2\/product_tag?post=14340"}],"curies":[{"name":"wp","href":"https:\/\/api.w.org\/{rel}","templated":true}]}}