{"id":14279,"date":"2023-02-05T06:44:54","date_gmt":"2023-02-05T05:44:54","guid":{"rendered":"https:\/\/studiokoncept.se\/?post_type=product&#038;p=14279"},"modified":"2024-01-28T20:12:35","modified_gmt":"2024-01-28T19:12:35","slug":"entreq-eartha-argo","status":"publish","type":"product","link":"https:\/\/studiokoncept.se\/de\/shop\/jordning\/entreq-eartha-jordkablar\/entreq-eartha-argo\/","title":{"rendered":"Entreq Eartha Argo"},"content":{"rendered":"<h3><\/h3>","protected":false},"excerpt":{"rendered":"<h3>Eartha Argo; die neue Einstiegsserie von Entreq.<\/h3>\n<p>Argo ist ein Hybridkabel mit hervorragenden Eigenschaften in Bezug auf Detailtreue und Neutralit\u00e4t.<br \/>\nEs ist eine geflochtene Konstruktion mit 3 Leitern und Kupferhaken f\u00fcr den Anschluss an Entreq-Erdungsboxen.<\/p>\n<p>Sie w\u00e4hlen:<\/p>\n<ol>\n<li>L\u00e4nge des Eartha-Kabels: Bitte kontaktieren Sie uns f\u00fcr Sonderl\u00e4ngen.<\/li>\n<li>W\u00e4hlen Sie den Stecker, den Sie f\u00fcr den Anschluss an Ihre Elektronik ben\u00f6tigen.<\/li>\n<li>W\u00e4hlen Sie, ob Sie einen festen Kontakt oder das Klicksystem w\u00fcnschen. Das Click-on-System hat den Vorteil, dass der Stecker schnell und einfach ausgetauscht werden kann. Allerdings wird dadurch die Qualit\u00e4t etwas beeintr\u00e4chtigt.<\/li>\n<\/ol>","protected":false},"featured_media":10927,"template":"","meta":[],"product_brand":[],"product_cat":[678,188],"product_tag":[692,701],"class_list":{"0":"post-14279","1":"product","2":"type-product","3":"status-publish","4":"has-post-thumbnail","6":"product_cat-entreq-eartha-jordkablar","7":"product_cat-entreq-jordkablar","8":"product_tag-entreq","9":"product_tag-entreq-eartha-kablar","10":"product_shipping_class-standard","12":"first","13":"instock","14":"taxable","15":"shipping-taxable","16":"purchasable","17":"product-type-variable","18":"has-default-attributes"},"bundled_by":[],"bundle_stock_status":"instock","bundle_stock_quantity":null,"bundle_virtual":false,"bundle_layout":"","bundle_add_to_cart_form_location":"","bundle_editable_in_cart":false,"bundle_sold_individually_context":"","bundle_item_grouping":"","bundle_min_size":"","bundle_max_size":"","bundle_price":[],"bundled_items":[],"bundle_sell_ids":[],"_links":{"self":[{"href":"https:\/\/studiokoncept.se\/de\/wp-json\/wp\/v2\/product\/14279","targetHints":{"allow":["GET"]}}],"collection":[{"href":"https:\/\/studiokoncept.se\/de\/wp-json\/wp\/v2\/product"}],"about":[{"href":"https:\/\/studiokoncept.se\/de\/wp-json\/wp\/v2\/types\/product"}],"version-history":[{"count":0,"href":"https:\/\/studiokoncept.se\/de\/wp-json\/wp\/v2\/product\/14279\/revisions"}],"wp:featuredmedia":[{"embeddable":true,"href":"https:\/\/studiokoncept.se\/de\/wp-json\/wp\/v2\/media\/10927"}],"wp:attachment":[{"href":"https:\/\/studiokoncept.se\/de\/wp-json\/wp\/v2\/media?parent=14279"}],"wp:term":[{"taxonomy":"product_brand","embeddable":true,"href":"https:\/\/studiokoncept.se\/de\/wp-json\/wp\/v2\/product_brand?post=14279"},{"taxonomy":"product_cat","embeddable":true,"href":"https:\/\/studiokoncept.se\/de\/wp-json\/wp\/v2\/product_cat?post=14279"},{"taxonomy":"product_tag","embeddable":true,"href":"https:\/\/studiokoncept.se\/de\/wp-json\/wp\/v2\/product_tag?post=14279"}],"curies":[{"name":"wp","href":"https:\/\/api.w.org\/{rel}","templated":true}]}}