{"id":14215,"date":"2023-02-02T06:50:56","date_gmt":"2023-02-02T05:50:56","guid":{"rendered":"https:\/\/studiokoncept.se\/?post_type=product&#038;p=14215"},"modified":"2024-07-09T09:36:36","modified_gmt":"2024-07-09T07:36:36","slug":"infinity-lan-kabel-rj-45","status":"publish","type":"product","link":"https:\/\/studiokoncept.se\/de\/shop\/kablar\/digitala-kablar\/natverkskablar\/infinity-lan-kabel-rj-45\/","title":{"rendered":"Entreq Apollo Infinity Lan-Kabel RJ 45"},"content":{"rendered":"<p><strong>Optionen:<\/strong><\/p>\n<p>Sie w\u00e4hlen wohlwollend.<\/p>\n<ol>\n<li>Die L\u00e4nge des LAN-Kabels.<\/li>\n<li>F\u00fcr das Entw\u00e4sserungskabel (ein Eartha-Kabel) gibt es zwei M\u00f6glichkeiten:\n<ol style=\"list-style-type: lower-alpha;\">\n<li>Wenn Sie eine gr\u00f6\u00dfere Entfernung als 55 cm zum Erdungskasten haben, ben\u00f6tigen Sie ein l\u00e4ngeres Drainagekabel.  Sie k\u00f6nnen es hier ausw\u00e4hlen.<\/li>\n<li>Das Drainagekabel hat am Ende einen Hakenverbinder, der auf 2 Arten montiert werden kann:\n<ol>\n<li>einen festen Haken<\/li>\n<li>oder das Bajonettsystem (ein System zum einfachen Austausch von Steckern), das in diesem Fall die M\u00f6glichkeit bietet, ein Verl\u00e4ngerungskabel hinzuzuf\u00fcgen.<\/li>\n<\/ol>\n<\/li>\n<\/ol>\n<\/li>\n<\/ol>","protected":false},"excerpt":{"rendered":"<h4>Entreqs LAN-Netzwerkkabel der Apollo-Serie.<\/h4>\n<p>Ein LAN-Kabel aus der klassischen Apollo-Serie, jetzt nat\u00fcrlich in der Infinity-Version.<\/p>\n<p>Das Kabel besteht aus 2 Teilen:<\/p>\n<ol>\n<li>Lan-Kabel mit zwei RJ-45-Steckern an jedem Ende. W\u00e4hlen Sie die L\u00e4nge unten.<\/li>\n<li>Das Drainagekabel, das auch als Isolierung dient. Das Ende ragt als Parallelkabel heraus und ist standardm\u00e4\u00dfig 55 cm lang mit einem Haken am Ende f\u00fcr den Anschluss an eine Erdungsbox. Die L\u00e4nge und Befestigungsart des Hakens wird unten ausgew\u00e4hlt.<\/li>\n<\/ol>\n<p>Nachstehend finden Sie eine l\u00e4ngere Erl\u00e4uterung der verschiedenen Optionen.<\/p>\n<p>Bitte setzen Sie sich mit uns in Verbindung, wenn Sie Fragen oder Unklarheiten haben.<\/p>","protected":false},"featured_media":14243,"template":"","meta":[],"product_brand":[],"product_cat":[494],"product_tag":[692,700],"class_list":{"0":"post-14215","1":"product","2":"type-product","3":"status-publish","4":"has-post-thumbnail","6":"product_cat-natverkskablar","7":"product_tag-entreq","8":"product_tag-entreq-lan-kablar","9":"product_shipping_class-standard","11":"first","12":"instock","13":"taxable","14":"shipping-taxable","15":"purchasable","16":"product-type-variable","17":"has-default-attributes"},"bundled_by":[],"bundle_stock_status":"instock","bundle_stock_quantity":null,"bundle_virtual":false,"bundle_layout":"","bundle_add_to_cart_form_location":"","bundle_editable_in_cart":false,"bundle_sold_individually_context":"","bundle_item_grouping":"","bundle_min_size":"","bundle_max_size":"","bundle_price":[],"bundled_items":[],"bundle_sell_ids":[],"_links":{"self":[{"href":"https:\/\/studiokoncept.se\/de\/wp-json\/wp\/v2\/product\/14215","targetHints":{"allow":["GET"]}}],"collection":[{"href":"https:\/\/studiokoncept.se\/de\/wp-json\/wp\/v2\/product"}],"about":[{"href":"https:\/\/studiokoncept.se\/de\/wp-json\/wp\/v2\/types\/product"}],"version-history":[{"count":0,"href":"https:\/\/studiokoncept.se\/de\/wp-json\/wp\/v2\/product\/14215\/revisions"}],"wp:featuredmedia":[{"embeddable":true,"href":"https:\/\/studiokoncept.se\/de\/wp-json\/wp\/v2\/media\/14243"}],"wp:attachment":[{"href":"https:\/\/studiokoncept.se\/de\/wp-json\/wp\/v2\/media?parent=14215"}],"wp:term":[{"taxonomy":"product_brand","embeddable":true,"href":"https:\/\/studiokoncept.se\/de\/wp-json\/wp\/v2\/product_brand?post=14215"},{"taxonomy":"product_cat","embeddable":true,"href":"https:\/\/studiokoncept.se\/de\/wp-json\/wp\/v2\/product_cat?post=14215"},{"taxonomy":"product_tag","embeddable":true,"href":"https:\/\/studiokoncept.se\/de\/wp-json\/wp\/v2\/product_tag?post=14215"}],"curies":[{"name":"wp","href":"https:\/\/api.w.org\/{rel}","templated":true}]}}