{"id":11751,"date":"2022-09-11T07:32:07","date_gmt":"2022-09-11T05:32:07","guid":{"rendered":"https:\/\/studiokoncept.se\/?post_type=product&#038;p=11751"},"modified":"2025-08-02T08:32:54","modified_gmt":"2025-08-02T06:32:54","slug":"rel-acoustics-no-32","status":"publish","type":"product","link":"https:\/\/studiokoncept.se\/de\/shop\/hogtalare\/subwoofers\/rel-acoustics-no-32\/","title":{"rendered":"Rel Acoustics Nr.32"},"content":{"rendered":"<p>Rel Acoustics NO.32<\/p>\n<p>No.32 ist Teil der Referenzserie von REL Acoustics. Es hat eine besondere Position, die die Referenzreihe des Unternehmens auf ein noch h\u00f6heres Niveau bringt. Die No.32 beh\u00e4lt das sch\u00f6ne Design des gebogenen Referenzgeh\u00e4uses des Unternehmens bei und verf\u00fcgt \u00fcber ein aktualisiertes 15-Zoll-Element (380 mm) aus echter Kohlefaser. Angetrieben wird sie von einem extrem zuverl\u00e4ssigen NextGen 7 Class-D-Verst\u00e4rker mit 1.000 Watt, der mit D\u00fcnnschichtkondensatoren ausgestattet ist. Das Ergebnis ist ein Flaggschiffmodell, das eine \u00fcberlegene Dynamik, eine reichere Klangfarbe und einen freieren, ausdrucksst\u00e4rkeren Charakter bietet.<\/p>\n<p>Gestaltung<br \/>\nDie Schr\u00e4nke von No.32 folgen einer geschwungenen Linie, die vor \u00fcber einem Jahrzehnt entwickelt wurde. Die Oberseite des Schranks f\u00e4llt an den hinteren Ecken ab, was einen sehr sch\u00f6nen Effekt erzeugt. Au\u00dferdem verf\u00fcgt er \u00fcber dreifache Stahlgriffe, die in Ellipsen eingebettet sind, um einen sicheren Griff zu gew\u00e4hrleisten, was beim Anheben eines Objekts mit einem Gewicht von \u00fcber 90 kg erforderlich ist.<\/p>\n<p>Artikel<br \/>\nDas Herz und die Seele des No.32 ist sein 15-Zoll-Treiber (380 mm). Die Treibermembran ist vollst\u00e4ndig aus Kohlefaser gefertigt. Zus\u00e4tzlich ist die prim\u00e4re Konusoberfl\u00e4che mit einer Kohlefaser-Mittelkappe \u00fcberzogen. Diese Konstruktion f\u00fchrt zu einem wesentlich steiferen Treiber, der \u00fcber hervorragende Selbstd\u00e4mpfungseigenschaften verf\u00fcgt.<\/p>\n<p>Verst\u00e4rker<br \/>\nDer NextGen 7 Class D 1.000-Watt-Verst\u00e4rker von No.32 wird seit \u00fcber sieben Jahren in seinem Vorg\u00e4nger eingesetzt. Dieser Verst\u00e4rker ist f\u00fcr seine Zuverl\u00e4ssigkeit bekannt. Seine Implementierung im No.32 kombiniert einen neuen Limiter mit einer viel breiteren H\u00fcllkurve, um den gr\u00f6\u00dftm\u00f6glichen Dynamikbereich zu erm\u00f6glichen.<\/p>\n<p>Fernsteuerung<br \/>\nNr. 32 wird mit einer REL-Referenzfernbedienung geliefert. Diese Fernbedienung ist perfekt entworfen, um in die Handfl\u00e4che zu passen und bietet ein Gef\u00fchl von Qualit\u00e4t und Haltbarkeit.<\/p>\n<p>Ein Benutzerbericht erw\u00e4hnt, dass er nach einem Monat mit einem Paar neuer REL 32 sagen kann, dass sie absolut fantastisch sind und seine Vorstellungen \u00fcbertreffen. Sie bieten sehr tiefen Bass, der schnell, sauber, realistisch und kraftvoll ist.<\/p>","protected":false},"excerpt":{"rendered":"<h3>Nr.32<\/h3>\n<h1><em>Das Meisterwerk!<\/em><\/h1>\n<p>Repr\u00e4sentiert das gesamte angesammelte Subwoofer-Wissen, das Rel Acoustics im Laufe der Jahre aufgebaut hat!<\/p>\n<p>Er bietet 1.000 W mit 15-Zoll-Kohlefaserelementen in einem Geh\u00e4use, dessen Fertigstellung allein drei Wochen dauert.<\/p>\n<p>Die REL-Referenzfernbedienung ist nat\u00fcrlich im Lieferumfang enthalten.<\/p>\n<p><strong>Lesen Sie mehr auf den folgenden Registerkarten<\/strong><\/p>","protected":false},"featured_media":11754,"template":"","meta":[],"product_brand":[],"product_cat":[321],"product_tag":[],"class_list":{"0":"post-11751","1":"product","2":"type-product","3":"status-publish","4":"has-post-thumbnail","6":"product_cat-subwoofers","7":"product_shipping_class-standard","9":"first","10":"instock","11":"taxable","12":"shipping-taxable","13":"purchasable","14":"product-type-simple"},"bundled_by":[],"bundle_stock_status":"instock","bundle_stock_quantity":null,"bundle_virtual":false,"bundle_layout":"","bundle_add_to_cart_form_location":"","bundle_editable_in_cart":false,"bundle_sold_individually_context":"","bundle_item_grouping":"","bundle_min_size":"","bundle_max_size":"","bundle_price":[],"bundled_items":[],"bundle_sell_ids":[],"_links":{"self":[{"href":"https:\/\/studiokoncept.se\/de\/wp-json\/wp\/v2\/product\/11751","targetHints":{"allow":["GET"]}}],"collection":[{"href":"https:\/\/studiokoncept.se\/de\/wp-json\/wp\/v2\/product"}],"about":[{"href":"https:\/\/studiokoncept.se\/de\/wp-json\/wp\/v2\/types\/product"}],"version-history":[{"count":0,"href":"https:\/\/studiokoncept.se\/de\/wp-json\/wp\/v2\/product\/11751\/revisions"}],"wp:featuredmedia":[{"embeddable":true,"href":"https:\/\/studiokoncept.se\/de\/wp-json\/wp\/v2\/media\/11754"}],"wp:attachment":[{"href":"https:\/\/studiokoncept.se\/de\/wp-json\/wp\/v2\/media?parent=11751"}],"wp:term":[{"taxonomy":"product_brand","embeddable":true,"href":"https:\/\/studiokoncept.se\/de\/wp-json\/wp\/v2\/product_brand?post=11751"},{"taxonomy":"product_cat","embeddable":true,"href":"https:\/\/studiokoncept.se\/de\/wp-json\/wp\/v2\/product_cat?post=11751"},{"taxonomy":"product_tag","embeddable":true,"href":"https:\/\/studiokoncept.se\/de\/wp-json\/wp\/v2\/product_tag?post=11751"}],"curies":[{"name":"wp","href":"https:\/\/api.w.org\/{rel}","templated":true}]}}