{"id":11228,"date":"2022-05-27T12:22:11","date_gmt":"2022-05-27T10:22:11","guid":{"rendered":"https:\/\/studiokoncept.se\/?post_type=product&#038;p=11228"},"modified":"2025-01-26T09:29:28","modified_gmt":"2025-01-26T08:29:28","slug":"gold-note-machiavelli-mkii-pickup","status":"publish","type":"product","link":"https:\/\/studiokoncept.se\/de\/shop\/vinyl\/pickuper\/gold-note-machiavelli-mkii-pickup\/","title":{"rendered":"Gold Note MACHIAVELLI Gold MKII Tonabnehmer"},"content":{"rendered":"<p><h3><\/h3><\/p>","protected":false},"excerpt":{"rendered":"<p>Der Machiavelli MkII Tonabnehmer ist ein hochwertiges Audioprodukt, das den h\u00f6chsten Standards der Branche gerecht wird. Mit seiner herausragenden dynamischen Leistung und einnehmenden Musikalit\u00e4t ist dieser Tonabnehmer perfekt f\u00fcr die Erkundung Ihrer Vinylsammlung geeignet. Der Tonabnehmer ist in einem elegant geformten Aluminiumgeh\u00e4use untergebracht, das nicht nur funktional, sondern auch optisch ansprechend ist. Der Machiavelli Gold hat einen Ausgangspegel von 0,4 mV und ein besonders steifes Nadelrohr, das sicherstellt, dass der Diamantstift auf den Kontaktpunkt ausgerichtet ist.<\/p>\n<p>Es ist eine hervorragende Erg\u00e4nzung f\u00fcr <a href=\"https:\/\/studiokoncept.se\/de\/shop\/vinyl\/skivspelare\/gold-note-giglio-med-tillbehor\/\" target=\"_blank\" rel=\"noopener\">Der Giglio-Plattenspieler<\/a> f\u00fcr diejenigen, die es vorziehen, alle Arten von Musik zu spielen, mit Ausnahme von wirklich schwerem und hartem Rock-Metal usw. Das RED-Modell k\u00f6nnte vorzuziehen sein.<\/p>","protected":false},"featured_media":19444,"template":"","meta":[],"product_brand":[],"product_cat":[317],"product_tag":[804],"class_list":{"0":"post-11228","1":"product","2":"type-product","3":"status-publish","4":"has-post-thumbnail","6":"product_cat-pickuper","7":"product_tag-gold-note-machiavelli","8":"product_shipping_class-standard","10":"first","11":"instock","12":"taxable","13":"shipping-taxable","14":"purchasable","15":"product-type-simple"},"bundled_by":[],"bundle_stock_status":"instock","bundle_stock_quantity":null,"bundle_virtual":false,"bundle_layout":"","bundle_add_to_cart_form_location":"","bundle_editable_in_cart":false,"bundle_sold_individually_context":"","bundle_item_grouping":"","bundle_min_size":"","bundle_max_size":"","bundle_price":[],"bundled_items":[],"bundle_sell_ids":[],"_links":{"self":[{"href":"https:\/\/studiokoncept.se\/de\/wp-json\/wp\/v2\/product\/11228","targetHints":{"allow":["GET"]}}],"collection":[{"href":"https:\/\/studiokoncept.se\/de\/wp-json\/wp\/v2\/product"}],"about":[{"href":"https:\/\/studiokoncept.se\/de\/wp-json\/wp\/v2\/types\/product"}],"version-history":[{"count":0,"href":"https:\/\/studiokoncept.se\/de\/wp-json\/wp\/v2\/product\/11228\/revisions"}],"wp:featuredmedia":[{"embeddable":true,"href":"https:\/\/studiokoncept.se\/de\/wp-json\/wp\/v2\/media\/19444"}],"wp:attachment":[{"href":"https:\/\/studiokoncept.se\/de\/wp-json\/wp\/v2\/media?parent=11228"}],"wp:term":[{"taxonomy":"product_brand","embeddable":true,"href":"https:\/\/studiokoncept.se\/de\/wp-json\/wp\/v2\/product_brand?post=11228"},{"taxonomy":"product_cat","embeddable":true,"href":"https:\/\/studiokoncept.se\/de\/wp-json\/wp\/v2\/product_cat?post=11228"},{"taxonomy":"product_tag","embeddable":true,"href":"https:\/\/studiokoncept.se\/de\/wp-json\/wp\/v2\/product_tag?post=11228"}],"curies":[{"name":"wp","href":"https:\/\/api.w.org\/{rel}","templated":true}]}}