{"id":11167,"date":"2022-04-16T11:51:44","date_gmt":"2022-04-16T09:51:44","guid":{"rendered":"https:\/\/studiokoncept.se\/?post_type=product&#038;p=11167"},"modified":"2025-01-26T13:34:03","modified_gmt":"2025-01-26T12:34:03","slug":"gold-note-tube-1012linjesteg-med-ror","status":"publish","type":"product","link":"https:\/\/studiokoncept.se\/de\/shop\/elektronik\/forsteg\/gold-note-tube-1012linjesteg-med-ror\/","title":{"rendered":"Gold Note Tube-1012 &amp; Tube-1006"},"content":{"rendered":"<p>Die TUBE-1012\/1006 ist die beste M\u00f6glichkeit, Gold Note-Elektronik oder Produkte anderer Hersteller zu verbessern und eine ganz neue Leistungsstufe im Musikleben zu erreichen. Vor allem, wenn Sie Transistorprodukte haben, k\u00f6nnen Sie das Beste aus beiden Welten bekommen; zum Beispiel die Leistung von Transistoren gemischt mit den R\u00f6hren dieses Produkts. Perfekt!<br \/>\nEs handelt sich um eine Class-A-R\u00f6hrenausgangsstufe in Totem-Pole-Bauweise mit 12 6n1p-R\u00f6hren f\u00fcr das Modell 1012 und 6 6n1p-R\u00f6hren f\u00fcr das Modell 1006. F\u00fcr Ersatzr\u00f6hren, siehe bitte <a href=\"https:\/\/www.goldnote.it\/download\/manual\/TUBE-1012-1006.pdf\" target=\"_blank\" rel=\"noopener\">die Handb\u00fccher<\/a>. Sechs unabh\u00e4ngige Audiostufen pro R\u00f6hre sorgen f\u00fcr einen extrem breiten Frequenzgang und extrem niedrige Verzerrungen, um das reinste Audiosignal aller Zeiten zu liefern.<\/p>\n<p><strong>Platzierung<\/strong>Die R\u00f6hre wird zwischen einer Quelle wie einem DAC, DAC\/Streamer, CD-Player, einer Phonostufe und einem Vollverst\u00e4rker oder Vorverst\u00e4rker platziert. Wenn Sie eine Vor- und Endstufe haben, kann sie zwischen der Vor- und Endstufe platziert werden. R\u00f6hren und Verst\u00e4rker sind in der Lage, eine erstaunliche Kontrolle und Definition zu bieten, die einen hervorragenden Realismus bei der Wiedergabe von Musik erm\u00f6glicht. Wenn Sie jedoch den warmen Klang von R\u00f6hren bevorzugen und Ihr System zu H\u00f6chstleistungen bringen wollen, ist der TUBE-1012 oder TUBE-1012 die richtige Wahl. Schlie\u00dfen Sie ihn an Ihre Gold Note-Elektronik an, und Sie werden h\u00f6ren, wie Halbleiter und R\u00f6hren in perfekter Harmonie spielen, um das beste High-End-H\u00f6rerlebnis zu bieten.<\/p>\n<p><strong>Verbindungen:<\/strong> Dank der 3 Audio-Eing\u00e4nge auf der R\u00fcckseite des Ger\u00e4ts kann die TUBE-R\u00f6hrenendstufe an bis zu 3 Quellen gleichzeitig angeschlossen werden: TUBE INPUT f\u00fcr Gold Note-Quellen (ein 5-poliger XLR-Anschluss, der sowohl den Eingang als auch den Ausgang steuert) und 2 LINE INPUT + 2 LINE OUTPUT (RCA und XLR) f\u00fcr andere Hersteller. Der Eingang wird \u00fcber die Frontplatte ausgew\u00e4hlt, um die Bedienung zu vereinfachen. Eine TUBE kann jedoch immer nur 1 Produkt gleichzeitig bedienen.<\/p>\n<p><strong>Einfache Handhabung:\u00a0<\/strong>Keine Bias-Einstellung. Lange Lebensdauer der TUBE-R\u00f6hren, da keine Leistungsr\u00f6hren ben\u00f6tigt werden. Das Fehlen von Leistungsr\u00f6hren bedeutet auch, dass es nicht ann\u00e4hernd so viel W\u00e4rme erzeugt.<\/p>","protected":false},"excerpt":{"rendered":"<h4>Der Geniestreich von Gold Note! Eine universelle Rohraustrittsstufe!<\/h4>\n<p>Gold Note hat ein unglaublich spannendes R\u00f6hrenprodukt geschaffen: ein Ausgangspunkt f\u00fcr eine wunderbar lebendige, reiche und nuancierte Musikwiedergabe mit R\u00f6hren.<br \/>\nSie k\u00f6nnen ihn zum Beispiel zwischen Vor- und Endstufe oder vielleicht zwischen einem CD-Player\/DAC\/Phono-Stufe und einem Vollverst\u00e4rker platzieren und so die Magie der R\u00f6hren, den Nerv der Instrumente und den musikalischen Klangfluss hinzuf\u00fcgen. Klanglich kann man die beiden Modelle so zusammenfassen, dass der Tube 1012 mehr R\u00f6hrenqualit\u00e4t liefert als das Modell 1006.<\/p>\n<p>Die Tube ist nicht an die Goldnote gebunden und kann frei verwendet werden.<\/p>","protected":false},"featured_media":19379,"template":"","meta":[],"product_brand":[],"product_cat":[160,275],"product_tag":[807],"class_list":{"0":"post-11167","1":"product","2":"type-product","3":"status-publish","4":"has-post-thumbnail","6":"product_cat-forsteg","7":"product_cat-rorforstarkare","8":"product_tag-gold-note-tube","9":"product_shipping_class-standard","11":"first","12":"instock","13":"taxable","14":"shipping-taxable","15":"purchasable","16":"product-type-variable","17":"has-default-attributes"},"bundled_by":["16004","19284"],"bundle_stock_status":"instock","bundle_stock_quantity":null,"bundle_virtual":false,"bundle_layout":"","bundle_add_to_cart_form_location":"","bundle_editable_in_cart":false,"bundle_sold_individually_context":"","bundle_item_grouping":"","bundle_min_size":"","bundle_max_size":"","bundle_price":[],"bundled_items":[],"bundle_sell_ids":[],"_links":{"self":[{"href":"https:\/\/studiokoncept.se\/de\/wp-json\/wp\/v2\/product\/11167","targetHints":{"allow":["GET"]}}],"collection":[{"href":"https:\/\/studiokoncept.se\/de\/wp-json\/wp\/v2\/product"}],"about":[{"href":"https:\/\/studiokoncept.se\/de\/wp-json\/wp\/v2\/types\/product"}],"version-history":[{"count":0,"href":"https:\/\/studiokoncept.se\/de\/wp-json\/wp\/v2\/product\/11167\/revisions"}],"wp:featuredmedia":[{"embeddable":true,"href":"https:\/\/studiokoncept.se\/de\/wp-json\/wp\/v2\/media\/19379"}],"wp:attachment":[{"href":"https:\/\/studiokoncept.se\/de\/wp-json\/wp\/v2\/media?parent=11167"}],"wp:term":[{"taxonomy":"product_brand","embeddable":true,"href":"https:\/\/studiokoncept.se\/de\/wp-json\/wp\/v2\/product_brand?post=11167"},{"taxonomy":"product_cat","embeddable":true,"href":"https:\/\/studiokoncept.se\/de\/wp-json\/wp\/v2\/product_cat?post=11167"},{"taxonomy":"product_tag","embeddable":true,"href":"https:\/\/studiokoncept.se\/de\/wp-json\/wp\/v2\/product_tag?post=11167"}],"curies":[{"name":"wp","href":"https:\/\/api.w.org\/{rel}","templated":true}]}}