{"id":11153,"date":"2022-04-16T07:57:05","date_gmt":"2022-04-16T05:57:05","guid":{"rendered":"https:\/\/studiokoncept.se\/?post_type=product&#038;p=11153"},"modified":"2025-01-26T13:35:32","modified_gmt":"2025-01-26T12:35:32","slug":"gold-note-psu-1000psu-1000-serien-externa-natdelar","status":"publish","type":"product","link":"https:\/\/studiokoncept.se\/de\/shop\/elektronik\/separat-natdel\/gold-note-psu-1000psu-1000-serien-externa-natdelar\/","title":{"rendered":"Externe Netzteile der Serie PSU-1000 von Gold Note"},"content":{"rendered":"<p>Schafft ideale Betriebsbedingungen f\u00fcr die Gold Notes 1000-Serie.<\/p>\n<p>Die PSU-1250 und PSU-1000 sind superinduktive externe Netzteile f\u00fcr die Gold Note 1000 Serie, wie z.B. <a href=\"https:\/\/studiokoncept.se\/de\/shop\/elektronik\/dac\/gold-note-cd-1000-mkii-deluxe\/\" target=\"_blank\" rel=\"noopener\">CD-1000<\/a>, <a href=\"https:\/\/studiokoncept.se\/de\/shop\/elektronik\/forsteg\/gold-note-ds-1000-mkii\/\" target=\"_blank\" rel=\"noopener\">DS-1000 EVO,<\/a> <a href=\"https:\/\/studiokoncept.se\/de\/shop\/vinyl\/riaa\/gold-note-ph-1000-phono-forsteg\/\" target=\"_blank\" rel=\"noopener\">PH-1000<\/a>und <a href=\"https:\/\/studiokoncept.se\/de\/shop\/elektronik\/forsteg\/gold-note-p-1000-forsteg\/\" target=\"_blank\" rel=\"noopener\">P-1000 MK II Deluxe<\/a>.<\/p>\n<p>Das PSU-1250 verf\u00fcgt \u00fcber ein Design mit 7 Transformatoren. 4 Transformatoren sind ausschlie\u00dflich f\u00fcr den Strom bestimmt, einer f\u00fcr die galvanische Trennung des Klangs und 3 f\u00fcr den induktiven Doppeldrosselfilter.<\/p>\n<p>Das PSU-1000 wird von einem 5-Transformator-Design gespeist, wobei 4 Transformatoren f\u00fcr die Stromversorgung und die galvanische Trennung und ein Transformator f\u00fcr den induktiven Doppeldrosselfilter verwendet werden.<\/p>\n<p>ULTRA CLEAR POWER Die externen Netzteile filtern den Wechselstrom perfekt und entfernen St\u00f6rungen und elektrisches Rauschen aus dem Stromnetz, so dass die Elektronik ihre volle Leistung entfalten kann. Vor allem aber sorgen sie daf\u00fcr, dass die Elektronik immer mit der optimalen Strommenge versorgt wird, ohne EMI (elektromagnetische Interferenz) oder RFI (Radiofrequenz-Interferenz) zu erzeugen, die das Audiosignal beeintr\u00e4chtigen k\u00f6nnen. Mit dem PSU-1250 und dem PSU-1000 liefert Ihr System eine h\u00f6here Dynamik, eine bessere Aufl\u00f6sung und feinere Details f\u00fcr einen verbesserten Realismus \u00fcberall und ein h\u00f6heres Ma\u00df an Musikalit\u00e4t.<\/p>\n<p>H\u00d6REN\/Erleben: Ich empfehle das 1250er Modell, da es ein sehr gutes Preis-Leistungs-Verh\u00e4ltnis bietet. Der Sprung hinunter zum 1000er Modell ist gr\u00f6\u00dfer als man denkt.<\/p>","protected":false},"excerpt":{"rendered":"<h4>Reiner Strom \u21d2 Reinen Klang<\/h4>\n<p>Die Gold Note PSU-1000 Serie stellt eine hochmoderne Stromversorgungsl\u00f6sung dar und wurde exklusiv entwickelt, um die Leistung der Produkte der 1000er Serie von Gold Note zu verbessern.<\/p>\n<ul>\n<li><a style=\"font-size: 16px;\" href=\"https:\/\/studiokoncept.se\/de\/produkt\/gold-note-cd-1000-mkii-deluxe\/\" target=\"_blank\" rel=\"noopener\">CD-1000<\/a><\/li>\n<li><a href=\"https:\/\/studiokoncept.se\/de\/shop\/elektronik\/forsteg\/gold-note-ds-1000-mkii\/\" target=\"_blank\" rel=\"noopener\">DS-1000 EVO<\/a><\/li>\n<li><a href=\"https:\/\/studiokoncept.se\/de\/produkt\/gold-note-p-1000-forsteg\/\" target=\"_blank\" rel=\"noopener noreferrer\">P-1000 MK II Deluxe<\/a><\/li>\n<li><a href=\"https:\/\/studiokoncept.se\/de\/produkt\/gold-note-ph-1000-phono-forsteg\/#ph-1000-och-ph-1000-line\" target=\"_blank\" rel=\"noopener\">PH-1000<\/a><\/li>\n<\/ul>\n<p>Mit innovativer Technologie und italienischem Design liefert dieses hochwertige Netzteil saubere, ununterbrochene Energie f\u00fcr Ihr Soundsystem.<\/p>\n<p><strong>Weitere Informationen finden Sie auf den nachstehenden Registerkarten. <\/strong><\/p>","protected":false},"featured_media":19372,"template":"","meta":[],"product_brand":[],"product_cat":[302],"product_tag":[808],"class_list":{"0":"post-11153","1":"product","2":"type-product","3":"status-publish","4":"has-post-thumbnail","6":"product_cat-separat-natdel","7":"product_tag-gold-note-psu-1000","8":"product_shipping_class-standard","10":"first","11":"instock","12":"taxable","13":"shipping-taxable","14":"purchasable","15":"product-type-variable","16":"has-default-attributes"},"bundled_by":["16004","19284"],"bundle_stock_status":"instock","bundle_stock_quantity":null,"bundle_virtual":false,"bundle_layout":"","bundle_add_to_cart_form_location":"","bundle_editable_in_cart":false,"bundle_sold_individually_context":"","bundle_item_grouping":"","bundle_min_size":"","bundle_max_size":"","bundle_price":[],"bundled_items":[],"bundle_sell_ids":[],"_links":{"self":[{"href":"https:\/\/studiokoncept.se\/de\/wp-json\/wp\/v2\/product\/11153","targetHints":{"allow":["GET"]}}],"collection":[{"href":"https:\/\/studiokoncept.se\/de\/wp-json\/wp\/v2\/product"}],"about":[{"href":"https:\/\/studiokoncept.se\/de\/wp-json\/wp\/v2\/types\/product"}],"version-history":[{"count":0,"href":"https:\/\/studiokoncept.se\/de\/wp-json\/wp\/v2\/product\/11153\/revisions"}],"wp:featuredmedia":[{"embeddable":true,"href":"https:\/\/studiokoncept.se\/de\/wp-json\/wp\/v2\/media\/19372"}],"wp:attachment":[{"href":"https:\/\/studiokoncept.se\/de\/wp-json\/wp\/v2\/media?parent=11153"}],"wp:term":[{"taxonomy":"product_brand","embeddable":true,"href":"https:\/\/studiokoncept.se\/de\/wp-json\/wp\/v2\/product_brand?post=11153"},{"taxonomy":"product_cat","embeddable":true,"href":"https:\/\/studiokoncept.se\/de\/wp-json\/wp\/v2\/product_cat?post=11153"},{"taxonomy":"product_tag","embeddable":true,"href":"https:\/\/studiokoncept.se\/de\/wp-json\/wp\/v2\/product_tag?post=11153"}],"curies":[{"name":"wp","href":"https:\/\/api.w.org\/{rel}","templated":true}]}}