{"id":11019,"date":"2022-02-06T21:42:08","date_gmt":"2022-02-06T20:42:08","guid":{"rendered":"https:\/\/studiokoncept.se\/?post_type=product&#038;p=11019"},"modified":"2024-01-22T12:39:46","modified_gmt":"2024-01-22T11:39:46","slug":"entreq-magma-slim-tungsten","status":"publish","type":"product","link":"https:\/\/studiokoncept.se\/de\/produkt\/entreq-magma-slim-tungsten\/","title":{"rendered":"Entreq Magma Slim Wolfram 22mm"},"content":{"rendered":"<p><h3><\/h3><\/p>","protected":false},"excerpt":{"rendered":"<h4>Bester Fu\u00df f\u00fcr alle, die wenig Platz haben<\/h4>\n<p>Universalfu\u00df, der 1 - 80 kg mit einer Mischung aus 6 verschiedenen Metallen aush\u00e4lt<\/p>\n<p>H\u00f6he 22 mm.<\/p>\n<p>Das Fundament des Fu\u00dfes ist die 3-schichtige Holzkonstruktion, die den gr\u00f6\u00dften Teil der mechanischen Energien absorbiert. Im Inneren wird eine Mischung aus Silber, Edelstahl, Wolfram, Kupfer, Magnesium, Zink, Stahl und Keramik verwendet, um mechanische Energie in W\u00e4rme umzuwandeln. Diese Mischung aus Metallen und Mineralien erzeugt auch ein Magnetfeld um jedes Magma, das sich positiv auf die Elektronik auswirkt.<br \/>\n3 Magmen sind in der Regel basisch. Da man aber je nach der Anzahl der verwendeten Produkte unterschiedliche Ergebnisse erzielt, muss man experimentieren, wenn man ein optimales Ergebnis erzielen will.<\/p>","protected":false},"featured_media":10801,"template":"","meta":[],"product_brand":[],"product_cat":[175,177],"product_tag":[692,716,717],"class_list":{"0":"post-11019","1":"product","2":"type-product","3":"status-publish","4":"has-post-thumbnail","6":"product_cat-fotter","7":"product_cat-ovrigt","8":"product_tag-entreq","9":"product_tag-entreq-fotter","10":"product_tag-fotter","11":"product_shipping_class-standard","13":"first","14":"instock","15":"taxable","16":"shipping-taxable","17":"purchasable","18":"product-type-variable"},"bundled_by":[],"bundle_stock_status":"instock","bundle_stock_quantity":null,"bundle_virtual":false,"bundle_layout":"","bundle_add_to_cart_form_location":"","bundle_editable_in_cart":false,"bundle_sold_individually_context":"","bundle_item_grouping":"","bundle_min_size":"","bundle_max_size":"","bundle_price":[],"bundled_items":[],"bundle_sell_ids":[],"_links":{"self":[{"href":"https:\/\/studiokoncept.se\/de\/wp-json\/wp\/v2\/product\/11019","targetHints":{"allow":["GET"]}}],"collection":[{"href":"https:\/\/studiokoncept.se\/de\/wp-json\/wp\/v2\/product"}],"about":[{"href":"https:\/\/studiokoncept.se\/de\/wp-json\/wp\/v2\/types\/product"}],"version-history":[{"count":0,"href":"https:\/\/studiokoncept.se\/de\/wp-json\/wp\/v2\/product\/11019\/revisions"}],"wp:featuredmedia":[{"embeddable":true,"href":"https:\/\/studiokoncept.se\/de\/wp-json\/wp\/v2\/media\/10801"}],"wp:attachment":[{"href":"https:\/\/studiokoncept.se\/de\/wp-json\/wp\/v2\/media?parent=11019"}],"wp:term":[{"taxonomy":"product_brand","embeddable":true,"href":"https:\/\/studiokoncept.se\/de\/wp-json\/wp\/v2\/product_brand?post=11019"},{"taxonomy":"product_cat","embeddable":true,"href":"https:\/\/studiokoncept.se\/de\/wp-json\/wp\/v2\/product_cat?post=11019"},{"taxonomy":"product_tag","embeddable":true,"href":"https:\/\/studiokoncept.se\/de\/wp-json\/wp\/v2\/product_tag?post=11019"}],"curies":[{"name":"wp","href":"https:\/\/api.w.org\/{rel}","templated":true}]}}