{"id":10933,"date":"2022-01-26T21:46:47","date_gmt":"2022-01-26T20:46:47","guid":{"rendered":"https:\/\/studiokoncept.se\/?post_type=product&#038;p=10933"},"modified":"2024-07-09T12:26:46","modified_gmt":"2024-07-09T10:26:46","slug":"entreq-argo-hogtalarkablar","status":"publish","type":"product","link":"https:\/\/studiokoncept.se\/de\/shop\/kablar\/analoga-kablar\/hogtalarkablar\/entreq-argo-hogtalarkablar\/","title":{"rendered":"Entreq Argo Lautsprecherkabel"},"content":{"rendered":"","protected":false},"excerpt":{"rendered":"<h3>Lautsprecherkabel aus der einfacheren geflochtenen Argo-Serie von Entreq.<\/h3>\n<p>Geflochtene Konstruktion mit 3 Leitern.<br \/>\n0,55 m Abflussleitung mit Haken und dem neuen Klicksystem als Standard.<br \/>\nBitte kontaktieren Sie uns:<\/p>\n<ol>\n<li>Wenn Sie einen festen Anschluss anstelle eines Klickanschlusses w\u00fcnschen (3,5-mm-System)<\/li>\n<li>f\u00fcr eine andere Wahl des Erdungskontakts.<\/li>\n<li>f\u00fcr andere L\u00e4ngen von Entw\u00e4sserungskabeln<\/li>\n<\/ol>","protected":false},"featured_media":10876,"template":"","meta":[],"product_brand":[],"product_cat":[171],"product_tag":[692,695],"class_list":{"0":"post-10933","1":"product","2":"type-product","3":"status-publish","4":"has-post-thumbnail","6":"product_cat-hogtalarkablar","7":"product_tag-entreq","8":"product_tag-entreq-hogtalarkablar","9":"product_shipping_class-standard","11":"first","12":"instock","13":"taxable","14":"shipping-taxable","15":"purchasable","16":"product-type-variable","17":"has-default-attributes"},"bundled_by":[],"bundle_stock_status":"instock","bundle_stock_quantity":null,"bundle_virtual":false,"bundle_layout":"","bundle_add_to_cart_form_location":"","bundle_editable_in_cart":false,"bundle_sold_individually_context":"","bundle_item_grouping":"","bundle_min_size":"","bundle_max_size":"","bundle_price":[],"bundled_items":[],"bundle_sell_ids":[],"_links":{"self":[{"href":"https:\/\/studiokoncept.se\/de\/wp-json\/wp\/v2\/product\/10933","targetHints":{"allow":["GET"]}}],"collection":[{"href":"https:\/\/studiokoncept.se\/de\/wp-json\/wp\/v2\/product"}],"about":[{"href":"https:\/\/studiokoncept.se\/de\/wp-json\/wp\/v2\/types\/product"}],"version-history":[{"count":0,"href":"https:\/\/studiokoncept.se\/de\/wp-json\/wp\/v2\/product\/10933\/revisions"}],"wp:featuredmedia":[{"embeddable":true,"href":"https:\/\/studiokoncept.se\/de\/wp-json\/wp\/v2\/media\/10876"}],"wp:attachment":[{"href":"https:\/\/studiokoncept.se\/de\/wp-json\/wp\/v2\/media?parent=10933"}],"wp:term":[{"taxonomy":"product_brand","embeddable":true,"href":"https:\/\/studiokoncept.se\/de\/wp-json\/wp\/v2\/product_brand?post=10933"},{"taxonomy":"product_cat","embeddable":true,"href":"https:\/\/studiokoncept.se\/de\/wp-json\/wp\/v2\/product_cat?post=10933"},{"taxonomy":"product_tag","embeddable":true,"href":"https:\/\/studiokoncept.se\/de\/wp-json\/wp\/v2\/product_tag?post=10933"}],"curies":[{"name":"wp","href":"https:\/\/api.w.org\/{rel}","templated":true}]}}