{"id":10826,"date":"2022-01-13T11:41:44","date_gmt":"2022-01-13T10:41:44","guid":{"rendered":"https:\/\/studiokoncept.se\/?post_type=product&#038;p=10826"},"modified":"2025-01-27T06:07:48","modified_gmt":"2025-01-27T05:07:48","slug":"hifiman-edition-xs-2","status":"publish","type":"product","link":"https:\/\/studiokoncept.se\/de\/shop\/horlurar\/hifiman-edition-xs-2\/","title":{"rendered":"Hifiman Ausgabe XS"},"content":{"rendered":"<p><h3><\/h3><\/p>","protected":false},"excerpt":{"rendered":"<p><h3>Ein Kopfh\u00f6rer f\u00fcr alle, die ein klares Upgrade von Sundara w\u00fcnschen<\/h3><br \/>\nDer Edition XS von Hifiman ist ein offener magnetischer Kopfh\u00f6rer und ein Upgrade des Edition X. Er verf\u00fcgt \u00fcber das neue \"Stealth Magnets Design\", das es den Schallwellen erlaubt, die Magnete zu passieren, ohne Interferenzen zu erzeugen. Die neue Membran ist auch 75% d\u00fcnner als sein Vorg\u00e4nger mit den musikalischen Vorteilen, die es bietet. <br \/>Hergestellt f\u00fcr Komfort und Haltbarkeit. <br \/>\nEmpfindlichkeit : 92dB<br \/>\nFrequenzbereich: 8Hz - 50.000Hz<br \/>\nImpedanz : 18 Ohm<br \/>\nGewicht : 405g <\/p>","protected":false},"featured_media":10825,"template":"","meta":[],"product_brand":[],"product_cat":[157],"product_tag":[],"class_list":{"0":"post-10826","1":"product","2":"type-product","3":"status-publish","4":"has-post-thumbnail","6":"product_cat-horlurar","7":"product_shipping_class-standard","9":"first","10":"instock","11":"taxable","12":"shipping-taxable","13":"purchasable","14":"product-type-simple"},"bundled_by":[],"bundle_stock_status":"instock","bundle_stock_quantity":null,"bundle_virtual":false,"bundle_layout":"","bundle_add_to_cart_form_location":"","bundle_editable_in_cart":false,"bundle_sold_individually_context":"","bundle_item_grouping":"","bundle_min_size":"","bundle_max_size":"","bundle_price":[],"bundled_items":[],"bundle_sell_ids":[],"_links":{"self":[{"href":"https:\/\/studiokoncept.se\/de\/wp-json\/wp\/v2\/product\/10826","targetHints":{"allow":["GET"]}}],"collection":[{"href":"https:\/\/studiokoncept.se\/de\/wp-json\/wp\/v2\/product"}],"about":[{"href":"https:\/\/studiokoncept.se\/de\/wp-json\/wp\/v2\/types\/product"}],"version-history":[{"count":0,"href":"https:\/\/studiokoncept.se\/de\/wp-json\/wp\/v2\/product\/10826\/revisions"}],"wp:featuredmedia":[{"embeddable":true,"href":"https:\/\/studiokoncept.se\/de\/wp-json\/wp\/v2\/media\/10825"}],"wp:attachment":[{"href":"https:\/\/studiokoncept.se\/de\/wp-json\/wp\/v2\/media?parent=10826"}],"wp:term":[{"taxonomy":"product_brand","embeddable":true,"href":"https:\/\/studiokoncept.se\/de\/wp-json\/wp\/v2\/product_brand?post=10826"},{"taxonomy":"product_cat","embeddable":true,"href":"https:\/\/studiokoncept.se\/de\/wp-json\/wp\/v2\/product_cat?post=10826"},{"taxonomy":"product_tag","embeddable":true,"href":"https:\/\/studiokoncept.se\/de\/wp-json\/wp\/v2\/product_tag?post=10826"}],"curies":[{"name":"wp","href":"https:\/\/api.w.org\/{rel}","templated":true}]}}