{"id":10807,"date":"2022-01-10T23:25:05","date_gmt":"2022-01-10T22:25:05","guid":{"rendered":"https:\/\/studiokoncept.se\/?post_type=product&#038;p=10807"},"modified":"2024-07-09T12:58:03","modified_gmt":"2024-07-09T10:58:03","slug":"olympus-infinity-tungsten","status":"publish","type":"product","link":"https:\/\/studiokoncept.se\/de\/shop\/jordning\/entreq-jordlador\/jordboxar-tungsten-line\/olympus-infinity-tungsten\/","title":{"rendered":"Entreq Olympus Infinity Wolfram"},"content":{"rendered":"<p><h3><\/h3><\/p>","protected":false},"excerpt":{"rendered":"<p>Die Olympus Infinity Tungsten von Entreq ist eine Erdbox, die so gut ist, dass man versucht ist, zu der \u00fcblichen dreidimensionalen Beschreibung noch die Zeit hinzuzuf\u00fcgen, um sie zu beschreiben, die vierte Dimension, die Dimension der Musik, weshalb Musik auch als \"Kunst der Zeit\" bezeichnet wird. <\/p>\n<p>2 Erdungsschrauben.<br \/>\nGewicht: 9kg. Generell geeignet f\u00fcr Produkte zwischen 9 - 50kg<br \/>\nGr\u00f6\u00dfe: Breite 22cm, H\u00f6he 14cm, Tiefe 25cm.<\/p>\n<p>Eartha Kabel f\u00fcr den Anschluss an Ihr Produkt finden Sie unten. <\/p>","protected":false},"featured_media":10806,"template":"","meta":[],"product_brand":[],"product_cat":[189,596],"product_tag":[692,703],"class_list":{"0":"post-10807","1":"product","2":"type-product","3":"status-publish","4":"has-post-thumbnail","6":"product_cat-entreq-jordlador","7":"product_cat-jordboxar-tungsten-line","8":"product_tag-entreq","9":"product_tag-entreq-jordboxar-tungsten","10":"product_shipping_class-standard","12":"first","13":"instock","14":"taxable","15":"shipping-taxable","16":"purchasable","17":"product-type-variable"},"bundled_by":[],"bundle_stock_status":"instock","bundle_stock_quantity":null,"bundle_virtual":false,"bundle_layout":"","bundle_add_to_cart_form_location":"","bundle_editable_in_cart":false,"bundle_sold_individually_context":"","bundle_item_grouping":"","bundle_min_size":"","bundle_max_size":"","bundle_price":[],"bundled_items":[],"bundle_sell_ids":[],"_links":{"self":[{"href":"https:\/\/studiokoncept.se\/de\/wp-json\/wp\/v2\/product\/10807","targetHints":{"allow":["GET"]}}],"collection":[{"href":"https:\/\/studiokoncept.se\/de\/wp-json\/wp\/v2\/product"}],"about":[{"href":"https:\/\/studiokoncept.se\/de\/wp-json\/wp\/v2\/types\/product"}],"version-history":[{"count":0,"href":"https:\/\/studiokoncept.se\/de\/wp-json\/wp\/v2\/product\/10807\/revisions"}],"wp:featuredmedia":[{"embeddable":true,"href":"https:\/\/studiokoncept.se\/de\/wp-json\/wp\/v2\/media\/10806"}],"wp:attachment":[{"href":"https:\/\/studiokoncept.se\/de\/wp-json\/wp\/v2\/media?parent=10807"}],"wp:term":[{"taxonomy":"product_brand","embeddable":true,"href":"https:\/\/studiokoncept.se\/de\/wp-json\/wp\/v2\/product_brand?post=10807"},{"taxonomy":"product_cat","embeddable":true,"href":"https:\/\/studiokoncept.se\/de\/wp-json\/wp\/v2\/product_cat?post=10807"},{"taxonomy":"product_tag","embeddable":true,"href":"https:\/\/studiokoncept.se\/de\/wp-json\/wp\/v2\/product_tag?post=10807"}],"curies":[{"name":"wp","href":"https:\/\/api.w.org\/{rel}","templated":true}]}}