{"id":10698,"date":"2021-12-06T19:27:16","date_gmt":"2021-12-06T18:27:16","guid":{"rendered":"https:\/\/studiokoncept.se\/?post_type=product&#038;p=10698"},"modified":"2023-09-06T14:33:16","modified_gmt":"2023-09-06T12:33:16","slug":"ifi-audio-go-blu-horlursforstarkare-dac-med-bluetooth","status":"publish","type":"product","link":"https:\/\/studiokoncept.se\/de\/produkt\/ifi-audio-go-blu-horlursforstarkare-dac-med-bluetooth\/","title":{"rendered":"Ifi Audio Go Blu Kopfh\u00f6rerverst\u00e4rker\/DAC mit bluetooth"},"content":{"rendered":"<p>Der iFi Go Blu ist ein superkleiner DAC\/Kopfh\u00f6rerverst\u00e4rker, der gro\u00dfartige Dinge mit Ihrer Musik anstellen kann. Es ist ein tragbares Ger\u00e4t, das eine Bluetooth 5.1-Verbindung zu Ihrem Quellger\u00e4t bietet, obwohl Ihre Kopfh\u00f6rer noch mit dem Ger\u00e4t verbunden sein m\u00fcssen.<\/p>\n<p>Zu den Vorteilen des iFi Go Blu geh\u00f6ren seine detaillierte, umfassende Darstellung, die kabelgebundene oder kabellose Konnektivit\u00e4t sowie die symmetrischen und unsymmetrischen Eing\u00e4nge. Der einzige erw\u00e4hnte Nachteil ist die fehlende Benachrichtigung \u00fcber die Bitrate.<\/p>\n<p>Trotz seiner geringen Gr\u00f6\u00dfe - vergleichbar mit zwei britischen Briefmarken nebeneinander und einem Gewicht von nur 26 g - ist der iFi Go Blu sehr attraktiv. In der oberen rechten Ecke befindet sich ein Drehrad, das zur Lautst\u00e4rkeregelung gedreht oder auf verschiedene Weise gedr\u00fcckt werden kann, um Titel abzuspielen, zu pausieren, zu \u00fcberspringen oder den Sprachassistenten Ihres Telefons aufzurufen.<\/p>\n<p>Zu den technischen Daten geh\u00f6ren eine Akkulaufzeit von 10 Stunden (Ladezeit: 40 Minuten), Bluetooth 5.1 mit aptX HD, aptX Low Latency, aptX Adaptive, LDAC sowie 3,5 mm und 4,4 mm Kopfh\u00f6rerausg\u00e4nge.<\/p>\n<p>Das Ger\u00e4t verf\u00fcgt \u00fcber eine Einstellungs- und Bluetooth-Funktionstaste, die gedr\u00fcckt werden kann, um zwischen verschiedenen Klangeffekten zu wechseln: XBass, XSpace, die beiden kombiniert oder komplett ausgeschaltet. Es verf\u00fcgt \u00fcber symmetrische und unsymmetrische Kopfh\u00f6rerbuchsen, die die propriet\u00e4re S-Balanced-Schaltung von iFi verwenden.<\/p>\n<p>Auf der linken Seite des Ger\u00e4ts befindet sich eine dedizierte Einschalttaste, und an der Unterseite befindet sich ein Mehrzweck-USB-C-Anschluss. Dieser USB-C-Anschluss dient nicht nur zum Aufladen, sondern auch als Audioeingang, an den Sie USB von Ihrem Quellger\u00e4t anschlie\u00dfen k\u00f6nnen. Hochaufl\u00f6sende PCM-Dateien mit bis zu 24-bit\/96kHz werden unterst\u00fctzt, wenn der Go Blu auf diese Weise angeschlossen wird.<\/p>","protected":false},"excerpt":{"rendered":"<p>Der neue Go Blu von Ifi Audio ist ein kombinierter DAC\/Lautsprecherverst\u00e4rker. Es wurde speziell f\u00fcr eine hochwertige Bluetooth-\u00dcbertragung entwickelt, bei der sogar das Geh\u00e4use so gestaltet ist, dass es die drahtlose \u00dcbertragung nicht beeintr\u00e4chtigt. Er ist extrem klein und leicht (23 g) und bietet bis zu 10 Stunden Spielzeit.<br \/>\nAu\u00dferdem verf\u00fcgt es \u00fcber ein integriertes Mikrofon, das freih\u00e4ndiges Telefonieren, Voice-Chat und Sprachassistenz wie Apple Siri und Google Assistant erm\u00f6glicht.<br \/>\nDer Ladeanschluss, USB-C, dient gleichzeitig als Audioeingang, der eine USB-Verbindung von Nicht-Bluetooth-Ger\u00e4ten erm\u00f6glicht und Ihnen die M\u00f6glichkeit bietet, hochaufl\u00f6sendes Material (24\/96) zu h\u00f6ren.<\/p>","protected":false},"featured_media":10695,"template":"","meta":[],"product_brand":[],"product_cat":[163],"product_tag":[],"class_list":{"0":"post-10698","1":"product","2":"type-product","3":"status-publish","4":"has-post-thumbnail","6":"product_cat-horlursforstarkare","7":"product_shipping_class-standard","9":"first","10":"instock","11":"taxable","12":"shipping-taxable","13":"purchasable","14":"product-type-simple"},"bundled_by":[],"bundle_stock_status":"instock","bundle_stock_quantity":null,"bundle_virtual":false,"bundle_layout":"","bundle_add_to_cart_form_location":"","bundle_editable_in_cart":false,"bundle_sold_individually_context":"","bundle_item_grouping":"","bundle_min_size":"","bundle_max_size":"","bundle_price":[],"bundled_items":[],"bundle_sell_ids":[],"_links":{"self":[{"href":"https:\/\/studiokoncept.se\/de\/wp-json\/wp\/v2\/product\/10698","targetHints":{"allow":["GET"]}}],"collection":[{"href":"https:\/\/studiokoncept.se\/de\/wp-json\/wp\/v2\/product"}],"about":[{"href":"https:\/\/studiokoncept.se\/de\/wp-json\/wp\/v2\/types\/product"}],"version-history":[{"count":0,"href":"https:\/\/studiokoncept.se\/de\/wp-json\/wp\/v2\/product\/10698\/revisions"}],"wp:featuredmedia":[{"embeddable":true,"href":"https:\/\/studiokoncept.se\/de\/wp-json\/wp\/v2\/media\/10695"}],"wp:attachment":[{"href":"https:\/\/studiokoncept.se\/de\/wp-json\/wp\/v2\/media?parent=10698"}],"wp:term":[{"taxonomy":"product_brand","embeddable":true,"href":"https:\/\/studiokoncept.se\/de\/wp-json\/wp\/v2\/product_brand?post=10698"},{"taxonomy":"product_cat","embeddable":true,"href":"https:\/\/studiokoncept.se\/de\/wp-json\/wp\/v2\/product_cat?post=10698"},{"taxonomy":"product_tag","embeddable":true,"href":"https:\/\/studiokoncept.se\/de\/wp-json\/wp\/v2\/product_tag?post=10698"}],"curies":[{"name":"wp","href":"https:\/\/api.w.org\/{rel}","templated":true}]}}