{"id":10689,"date":"2021-12-03T09:59:06","date_gmt":"2021-12-03T08:59:06","guid":{"rendered":"https:\/\/studiokoncept.se\/?post_type=product&#038;p=10689"},"modified":"2023-09-06T14:33:21","modified_gmt":"2023-09-06T12:33:21","slug":"ifi-audio-gryphon-horlursforstarkare-m-dac-o-batteri","status":"publish","type":"product","link":"https:\/\/studiokoncept.se\/de\/produkt\/ifi-audio-gryphon-horlursforstarkare-m-dac-o-batteri\/","title":{"rendered":"Ifi Audio xDSD Gryphon"},"content":{"rendered":"<p>Der iFi Audio xDSD Gryphon ist ein tragbarer Digital-Analog-Wandler (DAC) und Verst\u00e4rker, der ein hochwertiges Audioerlebnis bieten soll. Er ist als vielseitiges Ger\u00e4t konzipiert, das sowohl in seiner digitalen als auch in seiner analogen Leistung brilliert, was ihn zu einem Zwei-in-Eins-Ger\u00e4t macht, ganz wie sein mythischer Namensvetter.<\/p>\n<p>Zu den wichtigsten Merkmalen von xDSD Gryphon geh\u00f6ren:<\/p>\n<p>1. HD-DAC und symmetrischer Kopfh\u00f6rerverst\u00e4rker: Der xDSD Gryphon verwendet einen Burr-Brown MultiBit in seiner Ultra-Res-Digitalstufe und eine analoge PureWave-Endstufe mit einer Ausgangsleistung von 1.000 mW. Er ist f\u00fcr die Zusammenarbeit mit hochwertigen Kopfh\u00f6rern konzipiert.<\/p>\n<p>2. Anschl\u00fcsse: Der xDSD Gryphon verf\u00fcgt \u00fcber separate Bluetooth-, DAC- und Verst\u00e4rkerstufen, die jeweils f\u00fcr maximale Leistung optimiert sind. Er kann sich mit digitalen Quellen \u00fcber USB, S\/PDIF oder Bluetooth und mit analogen Quellen \u00fcber 4,4-mm- oder 3,5-mm-Eing\u00e4nge verbinden.<\/p>\n<p>3) Bluetooth: Das Ger\u00e4t verwendet die neueste QCC 5100 Serie Bluetooth v5.1 und unterst\u00fctzt aptX Adaptive, aptX HD, LDAC, HWA\/LHDC, normales aptX, aptX Low Latency, AAC und SBC. Er verf\u00fcgt \u00fcber verschiedene Bereiche f\u00fcr Empfang, Jitter und DAC-Konvertierung.<\/p>\n<p>4. Kabelverbindungen: F\u00fcr Kabelverbindungen verarbeitet der xDSD Gryphon eine breite Palette von Formaten mit einem hybriden Burr-Brown DAC-Chipsatz. Er unterst\u00fctzt verschiedene Stufen von PCM, DSD, DXD und MQA \u00fcber USB sowie PCM und DoP \u00fcber S\/PDIF.<\/p>\n<p>5. Leistung: Die PureWave-Verst\u00e4rkerschaltung von Gryphon kann 1.000 mW bei 32 Ohm und maximal 6,7 V ausgeben. Er wurde entwickelt, um hochohmige Kopfh\u00f6rer mit Leichtigkeit zu betreiben und verf\u00fcgt \u00fcber spezielle Ausg\u00e4nge f\u00fcr symmetrische und unsymmetrische Kopfh\u00f6rer. Au\u00dferdem verf\u00fcgt er \u00fcber die iEMatch-Technologie, die das Rauschen von hochempfindlichen Kopfh\u00f6rern reduziert, ohne den Dynamikbereich zu beeintr\u00e4chtigen.<\/p>\n<p>6. anpassbares Audio: xDSD Gryphon bietet XSpace, um die Klangb\u00fchne von Aufnahmen wiederherzustellen und XBass II, um den Bass f\u00fcr offene Kopfh\u00f6rer oder bestimmte Aufnahmen anzupassen. Unter XBass II kann der Benutzer \"Bass\" und\/oder \"Presence\" ausw\u00e4hlen, um die oberen Mitteltonfrequenzen zu verst\u00e4rken. Das Ger\u00e4t bietet au\u00dferdem drei digitale Filter (Bit-Perfect, Standard und GTO) zur Feinabstimmung des Klangs.<\/p>\n<p>7. Display: xDSD Gryphon verf\u00fcgt \u00fcber ein OLED-Display, das alle notwendigen Informationen vom Soundformat bis zum Batteriestand anzeigt.<\/p>","protected":false},"excerpt":{"rendered":"<h3>Der xDSD Gryphon von Ifi Audio ist ein leistungsstarker Kopfh\u00f6rerverst\u00e4rker mit integriertem DAC.<\/h3>\n<p>Der eingebaute Akku hat eine Betriebsdauer von bis zu 8 Stunden und ist somit auch f\u00fcr Reisen geeignet.<br \/>\nEr verf\u00fcgt \u00fcber separate DAC-, Bluetooth- und Verst\u00e4rkerkomponenten und unterst\u00fctzt hochaufl\u00f6sende Audiosignale einschlie\u00dflich vollst\u00e4ndiger MQA-Dekodierung.<br \/>\nSymmetrische Schaltungsl\u00f6sung mit sowohl analogen als auch digitalen Eing\u00e4ngen.<br \/>\nXSpace, XBass II und iEMatch<br \/>\n3 digitale Filter: Bit-Perfect, Standard und GTO.<br \/>\nGestochen scharfes OLED-Display.<\/p>","protected":false},"featured_media":10683,"template":"","meta":[],"product_brand":[],"product_cat":[163],"product_tag":[],"class_list":{"0":"post-10689","1":"product","2":"type-product","3":"status-publish","4":"has-post-thumbnail","6":"product_cat-horlursforstarkare","7":"product_shipping_class-standard","9":"first","10":"instock","11":"taxable","12":"shipping-taxable","13":"purchasable","14":"product-type-simple"},"bundled_by":[],"bundle_stock_status":"instock","bundle_stock_quantity":null,"bundle_virtual":false,"bundle_layout":"","bundle_add_to_cart_form_location":"","bundle_editable_in_cart":false,"bundle_sold_individually_context":"","bundle_item_grouping":"","bundle_min_size":"","bundle_max_size":"","bundle_price":[],"bundled_items":[],"bundle_sell_ids":[],"_links":{"self":[{"href":"https:\/\/studiokoncept.se\/de\/wp-json\/wp\/v2\/product\/10689","targetHints":{"allow":["GET"]}}],"collection":[{"href":"https:\/\/studiokoncept.se\/de\/wp-json\/wp\/v2\/product"}],"about":[{"href":"https:\/\/studiokoncept.se\/de\/wp-json\/wp\/v2\/types\/product"}],"version-history":[{"count":0,"href":"https:\/\/studiokoncept.se\/de\/wp-json\/wp\/v2\/product\/10689\/revisions"}],"wp:featuredmedia":[{"embeddable":true,"href":"https:\/\/studiokoncept.se\/de\/wp-json\/wp\/v2\/media\/10683"}],"wp:attachment":[{"href":"https:\/\/studiokoncept.se\/de\/wp-json\/wp\/v2\/media?parent=10689"}],"wp:term":[{"taxonomy":"product_brand","embeddable":true,"href":"https:\/\/studiokoncept.se\/de\/wp-json\/wp\/v2\/product_brand?post=10689"},{"taxonomy":"product_cat","embeddable":true,"href":"https:\/\/studiokoncept.se\/de\/wp-json\/wp\/v2\/product_cat?post=10689"},{"taxonomy":"product_tag","embeddable":true,"href":"https:\/\/studiokoncept.se\/de\/wp-json\/wp\/v2\/product_tag?post=10689"}],"curies":[{"name":"wp","href":"https:\/\/api.w.org\/{rel}","templated":true}]}}