{"id":10514,"date":"2021-08-10T12:22:50","date_gmt":"2021-08-10T10:22:50","guid":{"rendered":"https:\/\/studiokoncept.se\/?post_type=product&#038;p=10514"},"modified":"2023-10-17T13:44:51","modified_gmt":"2023-10-17T11:44:51","slug":"ifi-audio-zen-stream","status":"publish","type":"product","link":"https:\/\/studiokoncept.se\/de\/shop\/elektronik\/streaming\/streamers\/ifi-audio-zen-stream\/","title":{"rendered":"Ifi Audio ZEN Strom"},"content":{"rendered":"<p>Ifi Audio Zen Stream ist ein Netzwerk-Streaming-Ger\u00e4t und eine innovative L\u00f6sung f\u00fcr das Streaming von Musik. Es ist als umfassende L\u00f6sung f\u00fcr Besitzer konzipiert, die ein Streaming-Ger\u00e4t w\u00fcnschen, das mit einer Vielzahl von Systemen und Einstellungen funktioniert.<\/p>\n<p>Einige der wichtigsten Merkmale des Ifi Audio Zen Stream sind:<\/p>\n<p>- Flexibel: Das Ger\u00e4t kann auf vielf\u00e4ltige Weise angepasst und verwendet werden. Dazu geh\u00f6rt die Steuerung \u00fcber eine eigene UPnP-App sowie \u00fcber UPnP-Apps von Drittanbietern wie Kinsky, Bubble und MConnect. Dar\u00fcber hinaus unterst\u00fctzt Stream Tidal Connect und Spotify Connect und ist damit f\u00fcr alle geeignet, die diese Dienste als prim\u00e4re Musikquellen nutzen. Stream fungiert auch als Roon-Endpunkt, was sehr praktisch sein kann. Dar\u00fcber hinaus verf\u00fcgt es \u00fcber eine spezielle Network Audio Adapter-Software, die f\u00fcr die Zusammenarbeit mit der HQ-Player-Software entwickelt wurde.<\/p>\n<p>- Gut gebaut: Der Ifi Audio Zen Stream ist ein robustes und zuverl\u00e4ssiges Ger\u00e4t. Es basiert auf einem ARM Cortex-Prozessor und verwendet eine Vielzahl von Hochleistungskomponenten, darunter TDK C0G-Kondensatoren und Murata-Induktoren. Au\u00dferdem verf\u00fcgt er \u00fcber GMT-Taktschaltungen (Global Master Timing).<\/p>\n<p>- Erschwinglich: Es soll einen hohen Gegenwert f\u00fcr den Preis bieten, so dass es f\u00fcr ein breites Spektrum an potenziellen Eigent\u00fcmern zug\u00e4nglich ist.<\/p>\n<p>- Drahtlose und kabelgebundene Verbindung: Der Ifi Audio Zen Stream kann sowohl mit dem drahtlosen als auch mit dem kabelgebundenen Internet verbunden werden und verf\u00fcgt \u00fcber eine externe Antenne zur Verbesserung des drahtlosen Empfangs. Es unterst\u00fctzt 802.11a\/b\/g\/n\/ac.<\/p>\n<p>- Design: Stream nutzt das Metallgeh\u00e4use als K\u00fchlk\u00f6rper und verf\u00fcgt \u00fcber keine L\u00fcfter, L\u00fcftungs\u00f6ffnungen oder andere Konvektionssysteme, was bedeutet, dass es im Betrieb v\u00f6llig ger\u00e4uschlos ist.<\/p>\n<p>Zu den Nachteilen des Ifi Audio Zen Stream geh\u00f6ren einige kleinere Stabilit\u00e4ts- und Installationsprobleme sowie ein etwas unhandliches Frontpanel. Dar\u00fcber hinaus ist er noch nicht so stabil wie ein SOtM.<\/p>","protected":false},"excerpt":{"rendered":"<h3>Ein einfacher Streamer f\u00fcr alle, die nur die Spotify-App nutzen<\/h3>\n<p>Es sagt viel \u00fcber andere Funktionen aus, aber leider scheinen sie nicht stabil zu sein. Erwarten Sie gute Kenntnisse und Geduld, um die anderen Funktionen zum Laufen zu bringen.<\/p>\n<p>&nbsp;<\/p>","protected":false},"featured_media":10516,"template":"","meta":[],"product_brand":[],"product_cat":[682],"product_tag":[],"class_list":{"0":"post-10514","1":"product","2":"type-product","3":"status-publish","4":"has-post-thumbnail","6":"product_cat-streamers","7":"product_shipping_class-standard","9":"first","10":"instock","11":"taxable","12":"shipping-taxable","13":"purchasable","14":"product-type-simple"},"bundled_by":[],"bundle_stock_status":"instock","bundle_stock_quantity":null,"bundle_virtual":false,"bundle_layout":"","bundle_add_to_cart_form_location":"","bundle_editable_in_cart":false,"bundle_sold_individually_context":"","bundle_item_grouping":"","bundle_min_size":"","bundle_max_size":"","bundle_price":[],"bundled_items":[],"bundle_sell_ids":[],"_links":{"self":[{"href":"https:\/\/studiokoncept.se\/de\/wp-json\/wp\/v2\/product\/10514","targetHints":{"allow":["GET"]}}],"collection":[{"href":"https:\/\/studiokoncept.se\/de\/wp-json\/wp\/v2\/product"}],"about":[{"href":"https:\/\/studiokoncept.se\/de\/wp-json\/wp\/v2\/types\/product"}],"version-history":[{"count":0,"href":"https:\/\/studiokoncept.se\/de\/wp-json\/wp\/v2\/product\/10514\/revisions"}],"wp:featuredmedia":[{"embeddable":true,"href":"https:\/\/studiokoncept.se\/de\/wp-json\/wp\/v2\/media\/10516"}],"wp:attachment":[{"href":"https:\/\/studiokoncept.se\/de\/wp-json\/wp\/v2\/media?parent=10514"}],"wp:term":[{"taxonomy":"product_brand","embeddable":true,"href":"https:\/\/studiokoncept.se\/de\/wp-json\/wp\/v2\/product_brand?post=10514"},{"taxonomy":"product_cat","embeddable":true,"href":"https:\/\/studiokoncept.se\/de\/wp-json\/wp\/v2\/product_cat?post=10514"},{"taxonomy":"product_tag","embeddable":true,"href":"https:\/\/studiokoncept.se\/de\/wp-json\/wp\/v2\/product_tag?post=10514"}],"curies":[{"name":"wp","href":"https:\/\/api.w.org\/{rel}","templated":true}]}}