{"id":9593,"date":"2021-01-21T21:52:19","date_gmt":"2021-01-21T20:52:19","guid":{"rendered":"https:\/\/studiokoncept.se\/?page_id=9593"},"modified":"2022-12-19T06:24:01","modified_gmt":"2022-12-19T05:24:01","slug":"silent-angel","status":"publish","type":"page","link":"https:\/\/studiokoncept.se\/de\/tillverkare\/silent-angel\/","title":{"rendered":"Silent Angel"},"content":{"rendered":"<div class=\"gb-container gb-container-25e3138a\"><div class=\"gb-inside-container\">\n<div class=\"gb-grid-wrapper gb-grid-wrapper-2e67aa17\">\n<div class=\"gb-grid-column gb-grid-column-8efb6925\"><div class=\"gb-container gb-container-8efb6925\"><div class=\"gb-inside-container\">\n\n<h2 class=\"gb-headline gb-headline-d4ba6b7f gb-headline-text\">Silent Angel<\/h2>\n\n<\/div><\/div><\/div>\n<\/div>\n<\/div><\/div>\n\n\n<p>Streaming-Spezialisten mit einer Reihe von Produkten sowohl f\u00fcr diejenigen, die einfache gute Qualit\u00e4t suchen, als auch f\u00fcr diejenigen, die mit fortschrittlichen Produktkomponenten und separaten Uhren jede erdenkliche Qualit\u00e4t aus dem digitalen Streaming herausholen wollen. Sehr spannend!<\/p>\n\n\n\n<div style=\"height:50px\" aria-hidden=\"true\" class=\"wp-block-spacer\"><\/div>\n\n\n<div class=\"gb-container gb-container-d2ea2219\"><div class=\"gb-inside-container\">\n\n<h2 class=\"gb-headline gb-headline-ba6fd711 gb-headline-text\" id=\"bryston-produkter\">Silent Angel Luftschlangen<\/h2>\n\n\n\n<\/div><\/div>\n\n\n<div style=\"height:50px\" aria-hidden=\"true\" class=\"wp-block-spacer\"><\/div>\n\n\n<div class=\"gb-container gb-container-7df615f1\"><div class=\"gb-inside-container\">\n\n<h2 class=\"gb-headline gb-headline-bdf04e14 gb-headline-text\" id=\"bryston-produkter\">Stiller Engel: Switchar<\/h2>\n\n\n\n<\/div><\/div>\n\n\n<div style=\"height:50px\" aria-hidden=\"true\" class=\"wp-block-spacer\"><\/div>\n\n\n<div class=\"gb-container gb-container-9897a079\"><div class=\"gb-inside-container\">\n\n<h2 class=\"gb-headline gb-headline-fbbb5426 gb-headline-text\" id=\"bryston-produkter\">Stiller Engel: Stromversorgungen<\/h2>\n\n\n\n<\/div><\/div>","protected":false},"excerpt":{"rendered":"<p>Spezialisten f\u00fcr Streaming mit einer Produktpalette sowohl f\u00fcr diejenigen, die einfache gute Qualit\u00e4t suchen, als auch bis hin zu<\/p>","protected":false},"author":1,"featured_media":0,"parent":2343,"menu_order":0,"comment_status":"closed","ping_status":"closed","template":"","meta":{"footnotes":""},"class_list":["post-9593","page","type-page","status-publish","hentry"],"_links":{"self":[{"href":"https:\/\/studiokoncept.se\/de\/wp-json\/wp\/v2\/pages\/9593","targetHints":{"allow":["GET"]}}],"collection":[{"href":"https:\/\/studiokoncept.se\/de\/wp-json\/wp\/v2\/pages"}],"about":[{"href":"https:\/\/studiokoncept.se\/de\/wp-json\/wp\/v2\/types\/page"}],"author":[{"embeddable":true,"href":"https:\/\/studiokoncept.se\/de\/wp-json\/wp\/v2\/users\/1"}],"replies":[{"embeddable":true,"href":"https:\/\/studiokoncept.se\/de\/wp-json\/wp\/v2\/comments?post=9593"}],"version-history":[{"count":0,"href":"https:\/\/studiokoncept.se\/de\/wp-json\/wp\/v2\/pages\/9593\/revisions"}],"up":[{"embeddable":true,"href":"https:\/\/studiokoncept.se\/de\/wp-json\/wp\/v2\/pages\/2343"}],"wp:attachment":[{"href":"https:\/\/studiokoncept.se\/de\/wp-json\/wp\/v2\/media?parent=9593"}],"curies":[{"name":"wp","href":"https:\/\/api.w.org\/{rel}","templated":true}]}}