{"id":5937,"date":"2018-05-28T19:19:21","date_gmt":"2018-05-28T17:19:21","guid":{"rendered":"https:\/\/studiokoncept.se\/?page_id=5937"},"modified":"2022-09-11T08:17:46","modified_gmt":"2022-09-11T06:17:46","slug":"hifiman","status":"publish","type":"page","link":"https:\/\/studiokoncept.se\/de\/tillverkare\/hifiman\/","title":{"rendered":"Hifiman"},"content":{"rendered":"<div class=\"gb-container gb-container-4fa0b989\"><div class=\"gb-inside-container\">\n<div class=\"gb-grid-wrapper gb-grid-wrapper-e73c703d\">\n<div class=\"gb-grid-column gb-grid-column-363f9014\"><div class=\"gb-container gb-container-363f9014\"><div class=\"gb-inside-container\">\n\n<h2 class=\"gb-headline gb-headline-51deb2c0 gb-headline-text\">Hifiman &#8211; Innovating the art of listening<\/h2>\n\n\n\n<p>Hifimans fr\u00e4msta merit \u00e4r deras f\u00f6rm\u00e5ga att skapa h\u00f6rlurar med en luftig, ej innst\u00e4ngd, lyssnarmilj\u00f6. Lurarna ger en stark &#8221;m\u00e5-bra&#8221; k\u00e4nsla. En eventuell nackdel blir att dom sprider ljudet lite grand utanf\u00f6r luren. Den blir d\u00e5 inte helt &#8221;privat&#8221;. Sen har dom lurar i kvalit\u00e9er \u00e4nda fr\u00e5n bra basic till Susvara som tillh\u00f6r det absoluta toppskiktet (om man driver den med tillr\u00e4ckligt kraftfulla produkter)<\/p>\n\n<\/div><\/div><\/div>\n\n<div class=\"gb-grid-column gb-grid-column-0b94827e\"><div class=\"gb-container gb-container-0b94827e\"><div class=\"gb-inside-container\">\n\n<figure class=\"wp-block-image size-full\"><img fetchpriority=\"high\" decoding=\"async\" width=\"600\" height=\"600\" src=\"https:\/\/studiokoncept.se\/wp-content\/uploads\/Hifiman-tillverkare-1-1.png\" alt=\"\" class=\"wp-image-5891\" srcset=\"https:\/\/studiokoncept.se\/wp-content\/uploads\/Hifiman-tillverkare-1-1.png 600w, https:\/\/studiokoncept.se\/wp-content\/uploads\/Hifiman-tillverkare-1-1-430x430.png 430w, https:\/\/studiokoncept.se\/wp-content\/uploads\/Hifiman-tillverkare-1-1-150x150.png 150w, https:\/\/studiokoncept.se\/wp-content\/uploads\/Hifiman-tillverkare-1-1-500x500.png 500w, https:\/\/studiokoncept.se\/wp-content\/uploads\/Hifiman-tillverkare-1-1-300x300.png 300w, https:\/\/studiokoncept.se\/wp-content\/uploads\/Hifiman-tillverkare-1-1-100x100.png 100w, https:\/\/studiokoncept.se\/wp-content\/uploads\/Hifiman-tillverkare-1-1-146x146.png 146w, https:\/\/studiokoncept.se\/wp-content\/uploads\/Hifiman-tillverkare-1-1-50x50.png 50w, https:\/\/studiokoncept.se\/wp-content\/uploads\/Hifiman-tillverkare-1-1-75x75.png 75w, https:\/\/studiokoncept.se\/wp-content\/uploads\/Hifiman-tillverkare-1-1-85x85.png 85w, https:\/\/studiokoncept.se\/wp-content\/uploads\/Hifiman-tillverkare-1-1-80x80.png 80w\" sizes=\"(max-width: 600px) 100vw, 600px\" \/><\/figure>\n\n<\/div><\/div><\/div>\n<\/div>\n<\/div><\/div>\n\n\n<div style=\"height:50px\" aria-hidden=\"true\" class=\"wp-block-spacer\"><\/div>\n\n\n<div class=\"gb-container gb-container-0d78fe31\"><div class=\"gb-inside-container\">\n<div data-block-name=\"woocommerce\/handpicked-products\" data-products=\"[11218,11110,11093,11025,10826,8026]\" class=\"wc-block-grid wp-block-handpicked-products wp-block-woocommerce-handpicked-products wc-block-handpicked-products has-3-columns has-multiple-rows\"><ul class=\"wc-block-grid__products\"><li class=\"wc-block-grid__product\">\n\t\t\t\t<a href=\"https:\/\/studiokoncept.se\/de\/shop\/horlurar\/hifiman-susvara-2\/\" class=\"wc-block-grid__product-link\">\n\t\t\t\t\t\n\t\t\t\t\t<div class=\"wc-block-grid__product-image\"><img decoding=\"async\" width=\"430\" height=\"430\" src=\"https:\/\/studiokoncept.se\/wp-content\/uploads\/Huvudbild-430x430.jpg\" class=\"attachment-woocommerce_thumbnail size-woocommerce_thumbnail\" alt=\"Hifiman Susvara\" srcset=\"https:\/\/studiokoncept.se\/wp-content\/uploads\/Huvudbild-430x430.jpg 430w, https:\/\/studiokoncept.se\/wp-content\/uploads\/Huvudbild-150x150.jpg 150w, https:\/\/studiokoncept.se\/wp-content\/uploads\/Huvudbild-500x500.jpg 500w, https:\/\/studiokoncept.se\/wp-content\/uploads\/Huvudbild-300x300.jpg 300w, https:\/\/studiokoncept.se\/wp-content\/uploads\/Huvudbild-12x12.jpg 12w, https:\/\/studiokoncept.se\/wp-content\/uploads\/Huvudbild.jpg 600w\" sizes=\"(max-width: 430px) 100vw, 430px\" \/><\/div>\n\t\t\t\t\t<div class=\"wc-block-grid__product-title\">Hifiman Susvara<\/div>\n\t\t\t\t<\/a>\n\t\t\t\t<div class=\"wc-block-grid__product-price price\"><span class=\"woocs_price_code\" data-currency=\"\" data-redraw-id=\"69e3582b2c9f6\" data-product-id=\"11110\"><span class=\"woocommerce-Price-amount amount\">80.000&nbsp;<span class=\"woocommerce-Price-currencySymbol\">&#107;&#114;<\/span><\/span><\/span><div class=\"woocs_price_info\"><span class=\"woocs_price_info_icon\"><\/span><ul class='woocs_price_info_list'><li><span>EUR<\/span>: <span class=\"woocs_amount\">7.414&nbsp;&euro;<\/span><\/li><li><span>CHF<\/span>: <span class=\"woocs_amount\">6.821&nbsp;&#067;&#072;&#070;<\/span><\/li><li><span>USD<\/span>: <span class=\"woocs_amount\">8.729&nbsp;&#036;<\/span><\/li><\/ul><\/div> <span class=\"momsnamn-suffix\">inkl. moms<\/span><\/div>\n\t\t\t\t\n\t\t\t\t<div class=\"wp-block-button wc-block-grid__product-add-to-cart\"><a href=\"\/de\/wp-json\/wp\/v2\/pages\/5937?add-to-cart=11110\" aria-label=\"In den Warenkorb legen: &quot;Hifiman Susvara&quot;\" data-quantity=\"1\" data-product_id=\"11110\" data-product_sku=\"hifiman-susvara-2\" data-price=\"80000\" rel=\"nofollow\" class=\"wp-block-button__link  add_to_cart_button ajax_add_to_cart\">In den Warenkorb<\/a><\/div>\n\t\t\t<\/li><li class=\"wc-block-grid__product\">\n\t\t\t\t<a href=\"https:\/\/studiokoncept.se\/de\/shop\/horlurar\/hifiman-edition-xs-2\/\" class=\"wc-block-grid__product-link\">\n\t\t\t\t\t\n\t\t\t\t\t<div class=\"wc-block-grid__product-image\"><img decoding=\"async\" width=\"430\" height=\"430\" src=\"https:\/\/studiokoncept.se\/wp-content\/uploads\/Hifiman-XS-front-430x430.png\" class=\"attachment-woocommerce_thumbnail size-woocommerce_thumbnail\" alt=\"Hifiman Edition XS\" srcset=\"https:\/\/studiokoncept.se\/wp-content\/uploads\/Hifiman-XS-front-430x430.png 430w, https:\/\/studiokoncept.se\/wp-content\/uploads\/Hifiman-XS-front-150x150.png 150w, https:\/\/studiokoncept.se\/wp-content\/uploads\/Hifiman-XS-front-700x700.png 700w, https:\/\/studiokoncept.se\/wp-content\/uploads\/Hifiman-XS-front-300x300.png 300w, https:\/\/studiokoncept.se\/wp-content\/uploads\/Hifiman-XS-front-1024x1024.png 1024w, https:\/\/studiokoncept.se\/wp-content\/uploads\/Hifiman-XS-front-768x768.png 768w, https:\/\/studiokoncept.se\/wp-content\/uploads\/Hifiman-XS-front-12x12.png 12w, https:\/\/studiokoncept.se\/wp-content\/uploads\/Hifiman-XS-front.png 1200w\" sizes=\"(max-width: 430px) 100vw, 430px\" \/><\/div>\n\t\t\t\t\t<div class=\"wc-block-grid__product-title\">Hifiman Edition XS<\/div>\n\t\t\t\t<\/a>\n\t\t\t\t<div class=\"wc-block-grid__product-price price\"><span class=\"woocs_price_code\" data-currency=\"\" data-redraw-id=\"69e3582b353a0\" data-product-id=\"10826\"><span class=\"woocommerce-Price-amount amount\">3.600&nbsp;<span class=\"woocommerce-Price-currencySymbol\">&#107;&#114;<\/span><\/span><\/span><div class=\"woocs_price_info\"><span class=\"woocs_price_info_icon\"><\/span><ul class='woocs_price_info_list'><li><span>EUR<\/span>: <span class=\"woocs_amount\">334&nbsp;&euro;<\/span><\/li><li><span>CHF<\/span>: <span class=\"woocs_amount\">307&nbsp;&#067;&#072;&#070;<\/span><\/li><li><span>USD<\/span>: <span class=\"woocs_amount\">393&nbsp;&#036;<\/span><\/li><\/ul><\/div> <span class=\"momsnamn-suffix\">inkl. moms<\/span><\/div>\n\t\t\t\t\n\t\t\t\t<div class=\"wp-block-button wc-block-grid__product-add-to-cart\"><a href=\"\/de\/wp-json\/wp\/v2\/pages\/5937?add-to-cart=10826\" aria-label=\"In den Warenkorb legen: &quot;Hifiman Edition XS&quot;\" data-quantity=\"1\" data-product_id=\"10826\" data-product_sku=\"hifiman-edition-xs-2\" data-price=\"3600\" rel=\"nofollow\" class=\"wp-block-button__link  add_to_cart_button ajax_add_to_cart\">In den Warenkorb<\/a><\/div>\n\t\t\t<\/li><\/ul><\/div>\n<\/div><\/div>","protected":false},"excerpt":{"rendered":"","protected":false},"author":1,"featured_media":0,"parent":2343,"menu_order":0,"comment_status":"closed","ping_status":"closed","template":"","meta":{"footnotes":""},"class_list":["post-5937","page","type-page","status-publish","hentry"],"_links":{"self":[{"href":"https:\/\/studiokoncept.se\/de\/wp-json\/wp\/v2\/pages\/5937","targetHints":{"allow":["GET"]}}],"collection":[{"href":"https:\/\/studiokoncept.se\/de\/wp-json\/wp\/v2\/pages"}],"about":[{"href":"https:\/\/studiokoncept.se\/de\/wp-json\/wp\/v2\/types\/page"}],"author":[{"embeddable":true,"href":"https:\/\/studiokoncept.se\/de\/wp-json\/wp\/v2\/users\/1"}],"replies":[{"embeddable":true,"href":"https:\/\/studiokoncept.se\/de\/wp-json\/wp\/v2\/comments?post=5937"}],"version-history":[{"count":0,"href":"https:\/\/studiokoncept.se\/de\/wp-json\/wp\/v2\/pages\/5937\/revisions"}],"up":[{"embeddable":true,"href":"https:\/\/studiokoncept.se\/de\/wp-json\/wp\/v2\/pages\/2343"}],"wp:attachment":[{"href":"https:\/\/studiokoncept.se\/de\/wp-json\/wp\/v2\/media?parent=5937"}],"curies":[{"name":"wp","href":"https:\/\/api.w.org\/{rel}","templated":true}]}}