{"id":5749,"date":"2018-05-24T09:00:47","date_gmt":"2018-05-24T07:00:47","guid":{"rendered":"https:\/\/studiokoncept.se\/?page_id=5749"},"modified":"2022-09-12T10:33:53","modified_gmt":"2022-09-12T08:33:53","slug":"lab-12","status":"publish","type":"page","link":"https:\/\/studiokoncept.se\/de\/tillverkare\/lab-12\/","title":{"rendered":"LAB 12"},"content":{"rendered":"<div class=\"gb-container gb-container-cc2813f0\"><div class=\"gb-inside-container\">\n<div class=\"gb-grid-wrapper gb-grid-wrapper-e9c0244e\">\n<div class=\"gb-grid-column gb-grid-column-ac59da5f\"><div class=\"gb-container gb-container-ac59da5f\"><div class=\"gb-inside-container\">\n\n<h2 class=\"gb-headline gb-headline-d723c014 gb-headline-text\">Lab 12 &#8211; Handgjord grekisk elektronik<\/h2>\n\n\n\n<p>Lab 12 \u00e4r ett grekiskt f\u00f6retag som med entusiastisk och outtr\u00f6ttligt utvecklingsarbete bygger upp en h\u00f6gintressant produktportf\u00f6lj. Dom s\u00f6ker det musikaliskt och emotionellt engagerande, ofta i en mix av r\u00f6r och 20 \u00e5rhundradets teknologi. Varje produkt kontrolleras, m\u00e4ts och finjusteras innan den sl\u00e4pps.<br><br>Passionerade produkter f\u00f6r den passionerade audiofilen.<\/p>\n\n<\/div><\/div><\/div>\n\n<div class=\"gb-grid-column gb-grid-column-944f107f\"><div class=\"gb-container gb-container-944f107f\"><div class=\"gb-inside-container\">\n\n<figure class=\"wp-block-image size-full\"><img fetchpriority=\"high\" decoding=\"async\" width=\"600\" height=\"600\" src=\"https:\/\/studiokoncept.se\/wp-content\/uploads\/Lab-12-tillverkare.png\" alt=\"\" class=\"wp-image-5892\" srcset=\"https:\/\/studiokoncept.se\/wp-content\/uploads\/Lab-12-tillverkare.png 600w, https:\/\/studiokoncept.se\/wp-content\/uploads\/Lab-12-tillverkare-430x430.png 430w, https:\/\/studiokoncept.se\/wp-content\/uploads\/Lab-12-tillverkare-150x150.png 150w, https:\/\/studiokoncept.se\/wp-content\/uploads\/Lab-12-tillverkare-500x500.png 500w, https:\/\/studiokoncept.se\/wp-content\/uploads\/Lab-12-tillverkare-300x300.png 300w, https:\/\/studiokoncept.se\/wp-content\/uploads\/Lab-12-tillverkare-100x100.png 100w, https:\/\/studiokoncept.se\/wp-content\/uploads\/Lab-12-tillverkare-146x146.png 146w, https:\/\/studiokoncept.se\/wp-content\/uploads\/Lab-12-tillverkare-50x50.png 50w, https:\/\/studiokoncept.se\/wp-content\/uploads\/Lab-12-tillverkare-75x75.png 75w, https:\/\/studiokoncept.se\/wp-content\/uploads\/Lab-12-tillverkare-85x85.png 85w, https:\/\/studiokoncept.se\/wp-content\/uploads\/Lab-12-tillverkare-80x80.png 80w\" sizes=\"(max-width: 600px) 100vw, 600px\" \/><\/figure>\n\n<\/div><\/div><\/div>\n<\/div>\n<\/div><\/div>\n\n\n<div style=\"height:50px\" aria-hidden=\"true\" class=\"wp-block-spacer\"><\/div>\n\n\n<div class=\"gb-container gb-container-377cd8a6\"><div class=\"gb-inside-container\">\n<div data-block-name=\"woocommerce\/handpicked-products\" data-products=\"[3163]\" class=\"wc-block-grid wp-block-handpicked-products wp-block-woocommerce-handpicked-products wc-block-handpicked-products has-3-columns has-multiple-rows\"><ul class=\"wc-block-grid__products\"><li class=\"wc-block-grid__product\">\n\t\t\t\t<a href=\"https:\/\/studiokoncept.se\/de\/shop\/stromhantering\/stromlister\/lab-12-gordian\/\" class=\"wc-block-grid__product-link\">\n\t\t\t\t\t\n\t\t\t\t\t<div class=\"wc-block-grid__product-image\"><img decoding=\"async\" width=\"430\" height=\"323\" src=\"https:\/\/studiokoncept.se\/wp-content\/uploads\/Lab-12-Gordian-svart-front-scaled-430x323.jpg\" class=\"attachment-woocommerce_thumbnail size-woocommerce_thumbnail\" alt=\"Lab 12 Gordian Str\u00f6mlist\" srcset=\"https:\/\/studiokoncept.se\/wp-content\/uploads\/Lab-12-Gordian-svart-front-scaled-430x323.jpg 430w, https:\/\/studiokoncept.se\/wp-content\/uploads\/Lab-12-Gordian-svart-front-scaled-150x113.jpg 150w, https:\/\/studiokoncept.se\/wp-content\/uploads\/Lab-12-Gordian-svart-front-scaled-700x525.jpg 700w, https:\/\/studiokoncept.se\/wp-content\/uploads\/Lab-12-Gordian-svart-front-400x300.jpg 400w, https:\/\/studiokoncept.se\/wp-content\/uploads\/Lab-12-Gordian-svart-front-1067x800.jpg 1067w, https:\/\/studiokoncept.se\/wp-content\/uploads\/Lab-12-Gordian-svart-front-768x576.jpg 768w, https:\/\/studiokoncept.se\/wp-content\/uploads\/Lab-12-Gordian-svart-front-1536x1152.jpg 1536w, https:\/\/studiokoncept.se\/wp-content\/uploads\/Lab-12-Gordian-svart-front-2048x1536.jpg 2048w, https:\/\/studiokoncept.se\/wp-content\/uploads\/Lab-12-Gordian-svart-front-860x645.jpg 860w\" sizes=\"(max-width: 430px) 100vw, 430px\" \/><\/div>\n\t\t\t\t\t<div class=\"wc-block-grid__product-title\">Lab 12 Gordian Str\u00f6mlist<\/div>\n\t\t\t\t<\/a>\n\t\t\t\t<div class=\"wc-block-grid__product-price price\"><span class=\"woocs_price_code\" data-currency=\"\" data-redraw-id=\"69e3543f0613b\" data-product-id=\"3163\"><span class=\"woocommerce-Price-amount amount\">20.930&nbsp;<span class=\"woocommerce-Price-currencySymbol\">&#107;&#114;<\/span><\/span><\/span><div class=\"woocs_price_info\"><span class=\"woocs_price_info_icon\"><\/span><ul class='woocs_price_info_list'><li><b>EUR<\/b>: <span class=\"woocs_amount\">1.940&nbsp;&euro;<\/span><\/li><li><b>CHF<\/b>: <span class=\"woocs_amount\">1.785&nbsp;&#067;&#072;&#070;<\/span><\/li><li><b>USD<\/b>: <span class=\"woocs_amount\">2.284&nbsp;&#036;<\/span><\/li><\/ul><\/div> <span class=\"momsnamn-suffix\">inkl. moms<\/span><\/div>\n\t\t\t\t\n\t\t\t\t<div class=\"wp-block-button wc-block-grid__product-add-to-cart\"><a href=\"https:\/\/studiokoncept.se\/de\/shop\/stromhantering\/stromlister\/lab-12-gordian\/\" aria-label=\"W\u00e4hle Optionen f\u00fcr \u201eLab 12 Gordian Str\u00f6mlist\u201c\" data-quantity=\"1\" data-product_id=\"3163\" data-product_sku=\"lab-12-gordian\" data-price=\"20930\" rel=\"nofollow\" class=\"wp-block-button__link  add_to_cart_button\">Ausf\u00fchrung w\u00e4hlen<\/a><\/div>\n\t\t\t<\/li><\/ul><\/div>\n<\/div><\/div>","protected":false},"excerpt":{"rendered":"","protected":false},"author":1,"featured_media":0,"parent":2343,"menu_order":0,"comment_status":"closed","ping_status":"closed","template":"","meta":{"footnotes":""},"class_list":["post-5749","page","type-page","status-publish","hentry"],"_links":{"self":[{"href":"https:\/\/studiokoncept.se\/de\/wp-json\/wp\/v2\/pages\/5749","targetHints":{"allow":["GET"]}}],"collection":[{"href":"https:\/\/studiokoncept.se\/de\/wp-json\/wp\/v2\/pages"}],"about":[{"href":"https:\/\/studiokoncept.se\/de\/wp-json\/wp\/v2\/types\/page"}],"author":[{"embeddable":true,"href":"https:\/\/studiokoncept.se\/de\/wp-json\/wp\/v2\/users\/1"}],"replies":[{"embeddable":true,"href":"https:\/\/studiokoncept.se\/de\/wp-json\/wp\/v2\/comments?post=5749"}],"version-history":[{"count":0,"href":"https:\/\/studiokoncept.se\/de\/wp-json\/wp\/v2\/pages\/5749\/revisions"}],"up":[{"embeddable":true,"href":"https:\/\/studiokoncept.se\/de\/wp-json\/wp\/v2\/pages\/2343"}],"wp:attachment":[{"href":"https:\/\/studiokoncept.se\/de\/wp-json\/wp\/v2\/media?parent=5749"}],"curies":[{"name":"wp","href":"https:\/\/api.w.org\/{rel}","templated":true}]}}