{"id":4416,"date":"2017-09-27T08:54:21","date_gmt":"2017-09-27T06:54:21","guid":{"rendered":"http:\/\/dev.kaliberonline.se\/?page_id=4416"},"modified":"2022-09-11T08:07:08","modified_gmt":"2022-09-11T06:07:08","slug":"trenner-friedl","status":"publish","type":"page","link":"https:\/\/studiokoncept.se\/de\/tillverkare\/trenner-friedl\/","title":{"rendered":"Trenner &amp; Friedl"},"content":{"rendered":"<div class=\"gb-container gb-container-58eef069\"><div class=\"gb-inside-container\">\n<div class=\"gb-grid-wrapper gb-grid-wrapper-cb24bed1\">\n<div class=\"gb-grid-column gb-grid-column-27b1635c\"><div class=\"gb-container gb-container-27b1635c\"><div class=\"gb-inside-container\">\n\n<h2 class=\"gb-headline gb-headline-7efbad8e gb-headline-text\">Trenner &amp; Friedl &#8211; With music for life<\/h2>\n\n\n\n<p><strong>TRENNER &amp; FRIEDL\u00a0<\/strong>\u00e4r ett \u00f6sterrikiskt f\u00f6retag som tillverkar f\u00f6r hand med lokala och naturv\u00e4nliga produkter i konstruktioner som h\u00e5ller sig till gyllene snittet. R\u00e4kna med leveranstid p\u00e5 minimum tv\u00e5 m\u00e5nader vid best\u00e4llning.<br><br><\/p>\n\n<\/div><\/div><\/div>\n\n<div class=\"gb-grid-column gb-grid-column-c65a25e5\"><div class=\"gb-container gb-container-c65a25e5\"><div class=\"gb-inside-container\">\n\n<figure class=\"gb-block-image gb-block-image-908883e0\"><img fetchpriority=\"high\" decoding=\"async\" width=\"600\" height=\"300\" class=\"gb-image gb-image-908883e0\" src=\"https:\/\/studiokoncept.se\/wp-content\/uploads\/Trenner-tillverkare.png\" alt=\"\" title=\"Trenner tillverkare\" srcset=\"https:\/\/studiokoncept.se\/wp-content\/uploads\/Trenner-tillverkare.png 600w, https:\/\/studiokoncept.se\/wp-content\/uploads\/Trenner-tillverkare-430x215.png 430w, https:\/\/studiokoncept.se\/wp-content\/uploads\/Trenner-tillverkare-150x75.png 150w, https:\/\/studiokoncept.se\/wp-content\/uploads\/Trenner-tillverkare-500x250.png 500w, https:\/\/studiokoncept.se\/wp-content\/uploads\/Trenner-tillverkare-300x150.png 300w, https:\/\/studiokoncept.se\/wp-content\/uploads\/Trenner-tillverkare-260x130.png 260w, https:\/\/studiokoncept.se\/wp-content\/uploads\/Trenner-tillverkare-50x25.png 50w\" sizes=\"(max-width: 600px) 100vw, 600px\" \/><\/figure>\n\n<\/div><\/div><\/div>\n<\/div>\n<\/div><\/div>\n\n\n<div style=\"height:50px\" aria-hidden=\"true\" class=\"wp-block-spacer\"><\/div>\n\n\n<div class=\"gb-container gb-container-d2ea2219\"><div class=\"gb-inside-container\">\n\n<h2 class=\"gb-headline gb-headline-ba6fd711 gb-headline-text\" id=\"bryston-produkter\">Trenner produktkategori 1<\/h2>\n\n\n<div data-align-buttons=\"true\" data-block-name=\"woocommerce\/handpicked-products\" data-content-visibility=\"{&quot;image&quot;:true,&quot;title&quot;:true,&quot;price&quot;:true,&quot;rating&quot;:true,&quot;button&quot;:true}\" data-products=\"[4801,4733,4743,4817,8641]\" class=\"wc-block-grid wp-block-handpicked-products wp-block-woocommerce-handpicked-products wc-block-handpicked-products has-3-columns has-multiple-rows has-aligned-buttons\"><ul class=\"wc-block-grid__products\"><li class=\"wc-block-grid__product\">\n\t\t\t\t<a href=\"https:\/\/studiokoncept.se\/de\/shop\/hogtalare\/stativhogtalare\/trenner-friedl-phi\/\" class=\"wc-block-grid__product-link\">\n\t\t\t\t\t\n\t\t\t\t\t<div class=\"wc-block-grid__product-image\"><img decoding=\"async\" width=\"430\" height=\"430\" src=\"https:\/\/studiokoncept.se\/wp-content\/uploads\/Phi-kvadratisk-430x430.png\" class=\"attachment-woocommerce_thumbnail size-woocommerce_thumbnail\" alt=\"Trenner &amp; Friedl Phi\" srcset=\"https:\/\/studiokoncept.se\/wp-content\/uploads\/Phi-kvadratisk-430x430.png 430w, https:\/\/studiokoncept.se\/wp-content\/uploads\/Phi-kvadratisk-150x150.png 150w, https:\/\/studiokoncept.se\/wp-content\/uploads\/Phi-kvadratisk-300x300.png 300w, https:\/\/studiokoncept.se\/wp-content\/uploads\/Phi-kvadratisk-12x12.png 12w, https:\/\/studiokoncept.se\/wp-content\/uploads\/Phi-kvadratisk-500x500.png 500w, https:\/\/studiokoncept.se\/wp-content\/uploads\/Phi-kvadratisk.png 600w\" sizes=\"(max-width: 430px) 100vw, 430px\" \/><\/div>\n\t\t\t\t\t<div class=\"wc-block-grid__product-title\">Trenner &amp; Friedl Phi<\/div>\n\t\t\t\t<\/a>\n\t\t\t\t<div class=\"wc-block-grid__product-price price\"><span class=\"woocs_price_code\" data-currency=\"\" data-redraw-id=\"69e3543fe398c\" data-product-id=\"8641\"><span class=\"woocommerce-Price-amount amount\" aria-hidden=\"true\">95.000&nbsp;<span class=\"woocommerce-Price-currencySymbol\">&#107;&#114;<\/span><\/span> <span aria-hidden=\"true\"> \u2013 <\/span> <span class=\"woocommerce-Price-amount amount\" aria-hidden=\"true\">110.000&nbsp;<span class=\"woocommerce-Price-currencySymbol\">&#107;&#114;<\/span><\/span><span class=\"screen-reader-text\">Preisspanne: 95.000&nbsp;&#107;&#114; bis 110.000&nbsp;&#107;&#114;<\/span><\/span><div class=\"woocs_price_info\"><span class=\"woocs_price_info_icon\"><\/span><ul class='woocs_price_info_list'><li><b>EUR<\/b>: <span class=\"woocs_amount\">8.805&nbsp;&euro;<\/span> &#8211; <span class=\"woocs_amount\">10.195&nbsp;&euro;<\/span><\/li><li><b>CHF<\/b>: <span class=\"woocs_amount\">8.100&nbsp;&#067;&#072;&#070;<\/span> &#8211; <span class=\"woocs_amount\">9.379&nbsp;&#067;&#072;&#070;<\/span><\/li><li><b>USD<\/b>: <span class=\"woocs_amount\">10.366&nbsp;&#036;<\/span> &#8211; <span class=\"woocs_amount\">12.003&nbsp;&#036;<\/span><\/li><\/ul><\/div> <span class=\"momsnamn-suffix\">inkl. moms<\/span><\/div>\n\t\t\t\t\n\t\t\t\t<div class=\"wp-block-button wc-block-grid__product-add-to-cart\"><a href=\"https:\/\/studiokoncept.se\/de\/shop\/hogtalare\/stativhogtalare\/trenner-friedl-phi\/\" aria-label=\"W\u00e4hle Optionen f\u00fcr \u201eTrenner &amp; Friedl Phi\u201c\" data-quantity=\"1\" data-product_id=\"8641\" data-product_sku=\"trenner-friedl-phi\" data-price=\"95000\" rel=\"nofollow\" class=\"wp-block-button__link  add_to_cart_button\">Ausf\u00fchrung w\u00e4hlen<\/a><\/div>\n\t\t\t<\/li><li class=\"wc-block-grid__product\">\n\t\t\t\t<a href=\"https:\/\/studiokoncept.se\/de\/shop\/hogtalare\/stativhogtalare\/trenner-friedl-sun-stativhogtalare\/\" class=\"wc-block-grid__product-link\">\n\t\t\t\t\t\n\t\t\t\t\t<div class=\"wc-block-grid__product-image\"><img decoding=\"async\" width=\"430\" height=\"430\" src=\"https:\/\/studiokoncept.se\/wp-content\/uploads\/Trenner-0-Friedl-Sun-430x430.png\" class=\"attachment-woocommerce_thumbnail size-woocommerce_thumbnail\" alt=\"Trenner &amp; Friedl SUN Stativh\u00f6gtalare\" srcset=\"https:\/\/studiokoncept.se\/wp-content\/uploads\/Trenner-0-Friedl-Sun-430x430.png 430w, https:\/\/studiokoncept.se\/wp-content\/uploads\/Trenner-0-Friedl-Sun-150x150.png 150w, https:\/\/studiokoncept.se\/wp-content\/uploads\/Trenner-0-Friedl-Sun-300x300.png 300w, https:\/\/studiokoncept.se\/wp-content\/uploads\/Trenner-0-Friedl-Sun-12x12.png 12w, https:\/\/studiokoncept.se\/wp-content\/uploads\/Trenner-0-Friedl-Sun-500x500.png 500w, https:\/\/studiokoncept.se\/wp-content\/uploads\/Trenner-0-Friedl-Sun.png 600w\" sizes=\"(max-width: 430px) 100vw, 430px\" \/><\/div>\n\t\t\t\t\t<div class=\"wc-block-grid__product-title\">Trenner &amp; Friedl SUN Stativh\u00f6gtalare<\/div>\n\t\t\t\t<\/a>\n\t\t\t\t<div class=\"wc-block-grid__product-price price\"><span class=\"woocs_price_code\" data-currency=\"\" data-redraw-id=\"69e3543fe5d8b\" data-product-id=\"4817\"><span class=\"woocommerce-Price-amount amount\" aria-hidden=\"true\">35.900&nbsp;<span class=\"woocommerce-Price-currencySymbol\">&#107;&#114;<\/span><\/span> <span aria-hidden=\"true\"> \u2013 <\/span> <span class=\"woocommerce-Price-amount amount\" aria-hidden=\"true\">39.900&nbsp;<span class=\"woocommerce-Price-currencySymbol\">&#107;&#114;<\/span><\/span><span class=\"screen-reader-text\">Preisspanne: 35.900&nbsp;&#107;&#114; bis 39.900&nbsp;&#107;&#114;<\/span><\/span><div class=\"woocs_price_info\"><span class=\"woocs_price_info_icon\"><\/span><ul class='woocs_price_info_list'><li><b>EUR<\/b>: <span class=\"woocs_amount\">3.327&nbsp;&euro;<\/span> &#8211; <span class=\"woocs_amount\">3.698&nbsp;&euro;<\/span><\/li><li><b>CHF<\/b>: <span class=\"woocs_amount\">3.061&nbsp;&#067;&#072;&#070;<\/span> &#8211; <span class=\"woocs_amount\">3.402&nbsp;&#067;&#072;&#070;<\/span><\/li><li><b>USD<\/b>: <span class=\"woocs_amount\">3.917&nbsp;&#036;<\/span> &#8211; <span class=\"woocs_amount\">4.354&nbsp;&#036;<\/span><\/li><\/ul><\/div> <span class=\"momsnamn-suffix\">inkl. moms<\/span><\/div>\n\t\t\t\t\n\t\t\t\t<div class=\"wp-block-button wc-block-grid__product-add-to-cart\"><a href=\"https:\/\/studiokoncept.se\/de\/shop\/hogtalare\/stativhogtalare\/trenner-friedl-sun-stativhogtalare\/\" aria-label=\"W\u00e4hle Optionen f\u00fcr \u201eTrenner &amp; Friedl SUN Stativh\u00f6gtalare\u201c\" data-quantity=\"1\" data-product_id=\"4817\" data-product_sku=\"trenner-friedl-sun-stativhogtalare\" data-price=\"35900\" rel=\"nofollow\" class=\"wp-block-button__link  add_to_cart_button\">Ausf\u00fchrung w\u00e4hlen<\/a><\/div>\n\t\t\t<\/li><li class=\"wc-block-grid__product\">\n\t\t\t\t<a href=\"https:\/\/studiokoncept.se\/de\/shop\/hogtalare\/stativhogtalare\/trenner-friedl-art-stativhogtalare\/\" class=\"wc-block-grid__product-link\">\n\t\t\t\t\t\n\t\t\t\t\t<div class=\"wc-block-grid__product-image\"><img loading=\"lazy\" decoding=\"async\" width=\"430\" height=\"430\" src=\"https:\/\/studiokoncept.se\/wp-content\/uploads\/Trenner-Art-bambu-1-430x430.png\" class=\"attachment-woocommerce_thumbnail size-woocommerce_thumbnail\" alt=\"Trenner &amp; Friedl ART Stativh\u00f6gtalare\" srcset=\"https:\/\/studiokoncept.se\/wp-content\/uploads\/Trenner-Art-bambu-1-430x430.png 430w, https:\/\/studiokoncept.se\/wp-content\/uploads\/Trenner-Art-bambu-1-150x150.png 150w, https:\/\/studiokoncept.se\/wp-content\/uploads\/Trenner-Art-bambu-1-300x300.png 300w, https:\/\/studiokoncept.se\/wp-content\/uploads\/Trenner-Art-bambu-1-12x12.png 12w, https:\/\/studiokoncept.se\/wp-content\/uploads\/Trenner-Art-bambu-1-500x500.png 500w, https:\/\/studiokoncept.se\/wp-content\/uploads\/Trenner-Art-bambu-1.png 600w\" sizes=\"(max-width: 430px) 100vw, 430px\" \/><\/div>\n\t\t\t\t\t<div class=\"wc-block-grid__product-title\">Trenner &amp; Friedl ART Stativh\u00f6gtalare<\/div>\n\t\t\t\t<\/a>\n\t\t\t\t<div class=\"wc-block-grid__product-price price\"><span class=\"woocs_price_code\" data-currency=\"\" data-redraw-id=\"69e3543fe80b5\" data-product-id=\"4801\"><span class=\"woocommerce-Price-amount amount\" aria-hidden=\"true\">55.000&nbsp;<span class=\"woocommerce-Price-currencySymbol\">&#107;&#114;<\/span><\/span> <span aria-hidden=\"true\"> \u2013 <\/span> <span class=\"woocommerce-Price-amount amount\" aria-hidden=\"true\">61.000&nbsp;<span class=\"woocommerce-Price-currencySymbol\">&#107;&#114;<\/span><\/span><span class=\"screen-reader-text\">Preisspanne: 55.000&nbsp;&#107;&#114; bis 61.000&nbsp;&#107;&#114;<\/span><\/span><div class=\"woocs_price_info\"><span class=\"woocs_price_info_icon\"><\/span><ul class='woocs_price_info_list'><li><b>EUR<\/b>: <span class=\"woocs_amount\">5.097&nbsp;&euro;<\/span> &#8211; <span class=\"woocs_amount\">5.654&nbsp;&euro;<\/span><\/li><li><b>CHF<\/b>: <span class=\"woocs_amount\">4.689&nbsp;&#067;&#072;&#070;<\/span> &#8211; <span class=\"woocs_amount\">5.201&nbsp;&#067;&#072;&#070;<\/span><\/li><li><b>USD<\/b>: <span class=\"woocs_amount\">6.001&nbsp;&#036;<\/span> &#8211; <span class=\"woocs_amount\">6.656&nbsp;&#036;<\/span><\/li><\/ul><\/div> <span class=\"momsnamn-suffix\">inkl. moms<\/span><\/div>\n\t\t\t\t\n\t\t\t\t<div class=\"wp-block-button wc-block-grid__product-add-to-cart\"><a href=\"https:\/\/studiokoncept.se\/de\/shop\/hogtalare\/stativhogtalare\/trenner-friedl-art-stativhogtalare\/\" aria-label=\"W\u00e4hle Optionen f\u00fcr \u201eTrenner &amp; Friedl ART Stativh\u00f6gtalare\u201c\" data-quantity=\"1\" data-product_id=\"4801\" data-product_sku=\"trenner-friedl-art-stativhogtalare\" data-price=\"55000\" rel=\"nofollow\" class=\"wp-block-button__link  add_to_cart_button\">Ausf\u00fchrung w\u00e4hlen<\/a><\/div>\n\t\t\t<\/li><li class=\"wc-block-grid__product\">\n\t\t\t\t<a href=\"https:\/\/studiokoncept.se\/de\/shop\/hogtalare\/golvhogtalare\/trenner-friedl-pharoah-golvhogtalare\/\" class=\"wc-block-grid__product-link\">\n\t\t\t\t\t\n\t\t\t\t\t<div class=\"wc-block-grid__product-image\"><img loading=\"lazy\" decoding=\"async\" width=\"430\" height=\"202\" src=\"https:\/\/studiokoncept.se\/wp-content\/uploads\/Pharoah-2020-3-Winkel-Dg-430x202.jpg\" class=\"attachment-woocommerce_thumbnail size-woocommerce_thumbnail\" alt=\"Trenner &amp; Friedl Pharoah golvh\u00f6gtalare\" srcset=\"https:\/\/studiokoncept.se\/wp-content\/uploads\/Pharoah-2020-3-Winkel-Dg-430x202.jpg 430w, https:\/\/studiokoncept.se\/wp-content\/uploads\/Pharoah-2020-3-Winkel-Dg-150x71.jpg 150w, https:\/\/studiokoncept.se\/wp-content\/uploads\/Pharoah-2020-3-Winkel-Dg-700x329.jpg 700w, https:\/\/studiokoncept.se\/wp-content\/uploads\/Pharoah-2020-3-Winkel-Dg.jpg 1920w\" sizes=\"(max-width: 430px) 100vw, 430px\" \/><\/div>\n\t\t\t\t\t<div class=\"wc-block-grid__product-title\">Trenner &amp; Friedl Pharoah golvh\u00f6gtalare<\/div>\n\t\t\t\t<\/a>\n\t\t\t\t<div class=\"wc-block-grid__product-price price\"><span class=\"woocs_price_code\" data-currency=\"\" data-redraw-id=\"69e3543fea6fb\" data-product-id=\"4743\"><span class=\"woocommerce-Price-amount amount\" aria-hidden=\"true\">131.000&nbsp;<span class=\"woocommerce-Price-currencySymbol\">&#107;&#114;<\/span><\/span> <span aria-hidden=\"true\"> \u2013 <\/span> <span class=\"woocommerce-Price-amount amount\" aria-hidden=\"true\">147.000&nbsp;<span class=\"woocommerce-Price-currencySymbol\">&#107;&#114;<\/span><\/span><span class=\"screen-reader-text\">Preisspanne: 131.000&nbsp;&#107;&#114; bis 147.000&nbsp;&#107;&#114;<\/span><\/span><div class=\"woocs_price_info\"><span class=\"woocs_price_info_icon\"><\/span><ul class='woocs_price_info_list'><li><b>EUR<\/b>: <span class=\"woocs_amount\">12.141&nbsp;&euro;<\/span> &#8211; <span class=\"woocs_amount\">13.624&nbsp;&euro;<\/span><\/li><li><b>CHF<\/b>: <span class=\"woocs_amount\">11.169&nbsp;&#067;&#072;&#070;<\/span> &#8211; <span class=\"woocs_amount\">12.534&nbsp;&#067;&#072;&#070;<\/span><\/li><li><b>USD<\/b>: <span class=\"woocs_amount\">14.294&nbsp;&#036;<\/span> &#8211; <span class=\"woocs_amount\">16.040&nbsp;&#036;<\/span><\/li><\/ul><\/div> <span class=\"momsnamn-suffix\">inkl. moms<\/span><\/div>\n\t\t\t\t\n\t\t\t\t<div class=\"wp-block-button wc-block-grid__product-add-to-cart\"><a href=\"https:\/\/studiokoncept.se\/de\/shop\/hogtalare\/golvhogtalare\/trenner-friedl-pharoah-golvhogtalare\/\" aria-label=\"W\u00e4hle Optionen f\u00fcr \u201eTrenner &amp; Friedl Pharoah golvh\u00f6gtalare\u201c\" data-quantity=\"1\" data-product_id=\"4743\" data-product_sku=\"trenner-friedl-pharoah-golvhogtalare\" data-price=\"131000\" rel=\"nofollow\" class=\"wp-block-button__link  add_to_cart_button\">Ausf\u00fchrung w\u00e4hlen<\/a><\/div>\n\t\t\t<\/li><li class=\"wc-block-grid__product\">\n\t\t\t\t<a href=\"https:\/\/studiokoncept.se\/de\/shop\/hogtalare\/golvhogtalare\/trenner-friedl-osiris-golvhogtalare\/\" class=\"wc-block-grid__product-link\">\n\t\t\t\t\t\n\t\t\t\t\t<div class=\"wc-block-grid__product-image\"><img loading=\"lazy\" decoding=\"async\" width=\"430\" height=\"430\" src=\"https:\/\/studiokoncept.se\/wp-content\/uploads\/Trenner-0-Friedl-Osiris-430x430.png\" class=\"attachment-woocommerce_thumbnail size-woocommerce_thumbnail\" alt=\"Trenner &amp; Friedl Osiris Golvh\u00f6gtalare\" srcset=\"https:\/\/studiokoncept.se\/wp-content\/uploads\/Trenner-0-Friedl-Osiris-430x430.png 430w, https:\/\/studiokoncept.se\/wp-content\/uploads\/Trenner-0-Friedl-Osiris-150x150.png 150w, https:\/\/studiokoncept.se\/wp-content\/uploads\/Trenner-0-Friedl-Osiris-300x300.png 300w, https:\/\/studiokoncept.se\/wp-content\/uploads\/Trenner-0-Friedl-Osiris-12x12.png 12w, https:\/\/studiokoncept.se\/wp-content\/uploads\/Trenner-0-Friedl-Osiris-500x500.png 500w, https:\/\/studiokoncept.se\/wp-content\/uploads\/Trenner-0-Friedl-Osiris.png 600w\" sizes=\"(max-width: 430px) 100vw, 430px\" \/><\/div>\n\t\t\t\t\t<div class=\"wc-block-grid__product-title\">Trenner &amp; Friedl Osiris Golvh\u00f6gtalare<\/div>\n\t\t\t\t<\/a>\n\t\t\t\t<div class=\"wc-block-grid__product-price price\"><span class=\"woocs_price_code\" data-currency=\"\" data-redraw-id=\"69e3544004e46\" data-product-id=\"4733\"><span class=\"woocommerce-Price-amount amount\" aria-hidden=\"true\">108.000&nbsp;<span class=\"woocommerce-Price-currencySymbol\">&#107;&#114;<\/span><\/span> <span aria-hidden=\"true\"> \u2013 <\/span> <span class=\"woocommerce-Price-amount amount\" aria-hidden=\"true\">124.000&nbsp;<span class=\"woocommerce-Price-currencySymbol\">&#107;&#114;<\/span><\/span><span class=\"screen-reader-text\">Preisspanne: 108.000&nbsp;&#107;&#114; bis 124.000&nbsp;&#107;&#114;<\/span><\/span><div class=\"woocs_price_info\"><span class=\"woocs_price_info_icon\"><\/span><ul class='woocs_price_info_list'><li><b>EUR<\/b>: <span class=\"woocs_amount\">10.010&nbsp;&euro;<\/span> &#8211; <span class=\"woocs_amount\">11.492&nbsp;&euro;<\/span><\/li><li><b>CHF<\/b>: <span class=\"woocs_amount\">9.208&nbsp;&#067;&#072;&#070;<\/span> &#8211; <span class=\"woocs_amount\">10.573&nbsp;&#067;&#072;&#070;<\/span><\/li><li><b>USD<\/b>: <span class=\"woocs_amount\">11.785&nbsp;&#036;<\/span> &#8211; <span class=\"woocs_amount\">13.531&nbsp;&#036;<\/span><\/li><\/ul><\/div> <span class=\"momsnamn-suffix\">inkl. moms<\/span><\/div>\n\t\t\t\t\n\t\t\t\t<div class=\"wp-block-button wc-block-grid__product-add-to-cart\"><a href=\"https:\/\/studiokoncept.se\/de\/shop\/hogtalare\/golvhogtalare\/trenner-friedl-osiris-golvhogtalare\/\" aria-label=\"W\u00e4hle Optionen f\u00fcr \u201eTrenner &amp; Friedl Osiris Golvh\u00f6gtalare\u201c\" data-quantity=\"1\" data-product_id=\"4733\" data-product_sku=\"trenner-friedl-osiris-golvhogtalare\" data-price=\"108000\" rel=\"nofollow\" class=\"wp-block-button__link  add_to_cart_button\">Ausf\u00fchrung w\u00e4hlen<\/a><\/div>\n\t\t\t<\/li><\/ul><\/div>\n<\/div><\/div>\n\n\n<div style=\"height:50px\" aria-hidden=\"true\" class=\"wp-block-spacer\"><\/div>\n\n\n<div class=\"gb-container gb-container-48d14537\"><div class=\"gb-inside-container\">\n\n<h2 class=\"gb-headline gb-headline-63f104dd gb-headline-text\" id=\"bryston-produkter\">Trenner produktkategori 2<\/h2>\n\n<\/div><\/div>","protected":false},"excerpt":{"rendered":"<p>Abscheider Produktkategorie 1 Abscheider Produktkategorie 2<\/p>","protected":false},"author":1,"featured_media":0,"parent":2343,"menu_order":0,"comment_status":"closed","ping_status":"closed","template":"","meta":{"footnotes":""},"class_list":["post-4416","page","type-page","status-publish","hentry"],"_links":{"self":[{"href":"https:\/\/studiokoncept.se\/de\/wp-json\/wp\/v2\/pages\/4416","targetHints":{"allow":["GET"]}}],"collection":[{"href":"https:\/\/studiokoncept.se\/de\/wp-json\/wp\/v2\/pages"}],"about":[{"href":"https:\/\/studiokoncept.se\/de\/wp-json\/wp\/v2\/types\/page"}],"author":[{"embeddable":true,"href":"https:\/\/studiokoncept.se\/de\/wp-json\/wp\/v2\/users\/1"}],"replies":[{"embeddable":true,"href":"https:\/\/studiokoncept.se\/de\/wp-json\/wp\/v2\/comments?post=4416"}],"version-history":[{"count":0,"href":"https:\/\/studiokoncept.se\/de\/wp-json\/wp\/v2\/pages\/4416\/revisions"}],"up":[{"embeddable":true,"href":"https:\/\/studiokoncept.se\/de\/wp-json\/wp\/v2\/pages\/2343"}],"wp:attachment":[{"href":"https:\/\/studiokoncept.se\/de\/wp-json\/wp\/v2\/media?parent=4416"}],"curies":[{"name":"wp","href":"https:\/\/api.w.org\/{rel}","templated":true}]}}