{"id":12955,"date":"2022-12-18T11:16:38","date_gmt":"2022-12-18T10:16:38","guid":{"rendered":"https:\/\/studiokoncept.se\/?page_id=12955"},"modified":"2022-12-19T06:08:29","modified_gmt":"2022-12-19T05:08:29","slug":"tphc","status":"publish","type":"page","link":"https:\/\/studiokoncept.se\/de\/tillverkare\/tphc\/","title":{"rendered":"TPHC"},"content":{"rendered":"<div class=\"gb-container gb-container-4fa0b989\"><div class=\"gb-inside-container\">\n<div class=\"gb-grid-wrapper gb-grid-wrapper-e73c703d\">\n<div class=\"gb-grid-column gb-grid-column-363f9014\"><div class=\"gb-container gb-container-363f9014\"><div class=\"gb-inside-container\">\n\n<h2 class=\"gb-headline gb-headline-51deb2c0 gb-headline-text\">TPHC &#8211; \u00c4ntligen mer h\u00e5llbara h\u00f6rlurskablar<\/h2>\n\n\n\n<p>TPHC kom till f\u00f6r att hantera irritationen som b\u00e5de kunder och distribut\u00f6r k\u00e4nde \u00f6ver den bristande konstruktionskvalit\u00e9n i de h\u00f6rlurskablar som f\u00f6ljer med h\u00f6rlurar. TPHC erbjuder b\u00e5de b\u00e4ttre ljud och b\u00e4ttre byggkvalit\u00e9. Dom erbjuds b\u00e5de i en Basic- och Premiummodell. V\u00e4nligen ta kontakt f\u00f6r speciella \u00f6nskem\u00e5l. Tyv\u00e4rr kan 2,5mm kontakter ej tillm\u00f6tesg\u00e5s d\u00e5 dessa ej g\u00e5r att best\u00e4lla. <\/p>\n\n<\/div><\/div><\/div>\n\n<div class=\"gb-grid-column gb-grid-column-0b94827e\"><div class=\"gb-container gb-container-0b94827e\"><div class=\"gb-inside-container\"><\/div><\/div><\/div>\n<\/div>\n<\/div><\/div>\n\n\n<div style=\"height:50px\" aria-hidden=\"true\" class=\"wp-block-spacer\"><\/div>\n\n\n<div class=\"gb-container gb-container-0d78fe31\"><div class=\"gb-inside-container\">\n<div data-block-name=\"woocommerce\/handpicked-products\" data-products=\"[12917,12928]\" class=\"wc-block-grid wp-block-handpicked-products wp-block-woocommerce-handpicked-products wc-block-handpicked-products has-3-columns has-multiple-rows\"><ul class=\"wc-block-grid__products\"><li class=\"wc-block-grid__product\">\n\t\t\t\t<a href=\"https:\/\/studiokoncept.se\/de\/shop\/kablar\/analoga-kablar\/horlurskablar\/tphc-basic-horlurskabel\/\" class=\"wc-block-grid__product-link\">\n\t\t\t\t\t\n\t\t\t\t\t<div class=\"wc-block-grid__product-image\"><img fetchpriority=\"high\" decoding=\"async\" width=\"430\" height=\"430\" src=\"https:\/\/studiokoncept.se\/wp-content\/uploads\/TPHC-Basic-430x430.jpg\" class=\"attachment-woocommerce_thumbnail size-woocommerce_thumbnail\" alt=\"TPHC Basic H\u00f6rlurskabel\" srcset=\"https:\/\/studiokoncept.se\/wp-content\/uploads\/TPHC-Basic-430x430.jpg 430w, https:\/\/studiokoncept.se\/wp-content\/uploads\/TPHC-Basic-150x150.jpg 150w, https:\/\/studiokoncept.se\/wp-content\/uploads\/TPHC-Basic-500x500.jpg 500w, https:\/\/studiokoncept.se\/wp-content\/uploads\/TPHC-Basic-300x300.jpg 300w, https:\/\/studiokoncept.se\/wp-content\/uploads\/TPHC-Basic-12x12.jpg 12w, https:\/\/studiokoncept.se\/wp-content\/uploads\/TPHC-Basic.jpg 600w\" sizes=\"(max-width: 430px) 100vw, 430px\" \/><\/div>\n\t\t\t\t\t<div class=\"wc-block-grid__product-title\">TPHC Basic H\u00f6rlurskabel<\/div>\n\t\t\t\t<\/a>\n\t\t\t\t<div class=\"wc-block-grid__product-price price\"><span class=\"woocs_price_code\" data-currency=\"\" data-redraw-id=\"69e351e4c9874\" data-product-id=\"12917\"><span class=\"woocommerce-Price-amount amount\" aria-hidden=\"true\">1.300&nbsp;<span class=\"woocommerce-Price-currencySymbol\">&#107;&#114;<\/span><\/span> <span aria-hidden=\"true\"> \u2013 <\/span> <span class=\"woocommerce-Price-amount amount\" aria-hidden=\"true\">1.900&nbsp;<span class=\"woocommerce-Price-currencySymbol\">&#107;&#114;<\/span><\/span><span class=\"screen-reader-text\">Preisspanne: 1.300&nbsp;&#107;&#114; bis 1.900&nbsp;&#107;&#114;<\/span><\/span><div class=\"woocs_price_info\"><span class=\"woocs_price_info_icon\"><\/span><ul class='woocs_price_info_list'><li><b>EUR<\/b>: <span class=\"woocs_amount\">120&nbsp;&euro;<\/span> &#8211; <span class=\"woocs_amount\">176&nbsp;&euro;<\/span><\/li><li><b>CHF<\/b>: <span class=\"woocs_amount\">111&nbsp;&#067;&#072;&#070;<\/span> &#8211; <span class=\"woocs_amount\">162&nbsp;&#067;&#072;&#070;<\/span><\/li><li><b>USD<\/b>: <span class=\"woocs_amount\">142&nbsp;&#036;<\/span> &#8211; <span class=\"woocs_amount\">207&nbsp;&#036;<\/span><\/li><\/ul><\/div> <span class=\"momsnamn-suffix\">inkl. moms<\/span><\/div>\n\t\t\t\t\n\t\t\t\t<div class=\"wp-block-button wc-block-grid__product-add-to-cart\"><a href=\"https:\/\/studiokoncept.se\/de\/shop\/kablar\/analoga-kablar\/horlurskablar\/tphc-basic-horlurskabel\/\" aria-label=\"W\u00e4hle Optionen f\u00fcr \u201eTPHC Basic H\u00f6rlurskabel\u201c\" data-quantity=\"1\" data-product_id=\"12917\" data-product_sku=\"tphc-basic-horlurskabel\" data-price=\"1300\" rel=\"nofollow\" class=\"wp-block-button__link  add_to_cart_button\">Ausf\u00fchrung w\u00e4hlen<\/a><\/div>\n\t\t\t<\/li><\/ul><\/div>\n<\/div><\/div>","protected":false},"excerpt":{"rendered":"","protected":false},"author":1,"featured_media":0,"parent":2343,"menu_order":0,"comment_status":"closed","ping_status":"closed","template":"","meta":{"footnotes":""},"class_list":["post-12955","page","type-page","status-publish","hentry"],"_links":{"self":[{"href":"https:\/\/studiokoncept.se\/de\/wp-json\/wp\/v2\/pages\/12955","targetHints":{"allow":["GET"]}}],"collection":[{"href":"https:\/\/studiokoncept.se\/de\/wp-json\/wp\/v2\/pages"}],"about":[{"href":"https:\/\/studiokoncept.se\/de\/wp-json\/wp\/v2\/types\/page"}],"author":[{"embeddable":true,"href":"https:\/\/studiokoncept.se\/de\/wp-json\/wp\/v2\/users\/1"}],"replies":[{"embeddable":true,"href":"https:\/\/studiokoncept.se\/de\/wp-json\/wp\/v2\/comments?post=12955"}],"version-history":[{"count":0,"href":"https:\/\/studiokoncept.se\/de\/wp-json\/wp\/v2\/pages\/12955\/revisions"}],"up":[{"embeddable":true,"href":"https:\/\/studiokoncept.se\/de\/wp-json\/wp\/v2\/pages\/2343"}],"wp:attachment":[{"href":"https:\/\/studiokoncept.se\/de\/wp-json\/wp\/v2\/media?parent=12955"}],"curies":[{"name":"wp","href":"https:\/\/api.w.org\/{rel}","templated":true}]}}