{"id":9998,"date":"2021-02-26T21:56:25","date_gmt":"2021-02-26T20:56:25","guid":{"rendered":"https:\/\/studiokoncept.se\/?post_type=product&#038;p=9998"},"modified":"2025-08-02T08:33:52","modified_gmt":"2025-08-02T06:33:52","slug":"rel-acoustics-ht-1205-subwoofer","status":"publish","type":"product","link":"http:\/\/studiokoncept.se\/fr\/shop\/hogtalare\/subwoofers\/rel-acoustics-ht-1205-subwoofer\/","title":{"rendered":"Rel Acoustics HT\/1205 MKII Subwoofer"},"content":{"rendered":"<p>Le <h4>REL HT\/1205 MKII \u00e9tablit une nouvelle norme pour les subwoofers de home cin\u00e9ma abordables.<\/h4> Il \u00e9vite les fioritures \u00e9lectroniques et se concentre sur des priorit\u00e9s correctement \u00e9quilibr\u00e9es avec des bo\u00eetiers bien construits et magnifiquement finis. Il est dot\u00e9 d'une nouvelle conception d'amplificateur qui d\u00e9livre facilement 500 W \u00e0 un tout nouveau haut-parleur CarbonGlas\u2122 de 12\" (300 mm). Il peut jouer le 50% plus fort que son pr\u00e9d\u00e9cesseur, en offrant plus de pr\u00e9cision et de subtilit\u00e9. Il est capable de produire des niveaux de sortie que l'on trouve habituellement dans des mod\u00e8les beaucoup plus chers que le HT1205 mkII. Il est excellent pour la musique et le HT-Air disponible compl\u00e8te parfaitement l'offre. Il est sp\u00e9cialement con\u00e7u pour relever le d\u00e9fi de cr\u00e9er des caissons de basses amplifi\u00e9s pour home cin\u00e9ma abordables, exceptionnellement dynamiques et propres. Il associe un haut-parleur l\u00e9ger et moderne de 12\" CarbonGlas\u2122 (300 mm) \u00e0 un puissant amplificateur de classe D de 500 W qui fonctionne \u00e0 froid et produit une dynamique extraordinaire. Il est dot\u00e9 de filtres d'entr\u00e9e home cin\u00e9ma sp\u00e9cialement adapt\u00e9s qui produisent des basses extr\u00eamement plates jusqu'aux 20s Hz. Il est con\u00e7u pour compl\u00e9ter la sortie .1\/LFE du syst\u00e8me afin de produire une puissance de sortie extr\u00eamement \u00e9lev\u00e9e pour des effets home cin\u00e9ma \u00e0 faire trembler la poitrine.<\/p>","protected":false},"excerpt":{"rendered":"<p>Le REL HT\/1205 MKII est un caisson de basses sp\u00e9cialement con\u00e7u pour le home cin\u00e9ma. Il est dot\u00e9 d'un \u00e9l\u00e9ment CarbonGlas\u2122 de 12 pouces et est aliment\u00e9 par un amplificateur de classe D de 500 W. Le caisson de basse est capable de fournir des basses profondes jusqu'\u00e0 20s Hz et est con\u00e7u pour fournir une puissance de sortie extr\u00eamement \u00e9lev\u00e9e pour les effets home cin\u00e9ma. Il pr\u00e9sente un design \u00e9pur\u00e9 avec une plaque sup\u00e9rieure laqu\u00e9e noire et un caisson en composite noir doubl\u00e9.<\/p>","protected":false},"featured_media":9990,"template":"","meta":[],"product_brand":[],"product_cat":[321],"product_tag":[],"class_list":{"0":"post-9998","1":"product","2":"type-product","3":"status-publish","4":"has-post-thumbnail","6":"product_cat-subwoofers","7":"product_shipping_class-standard","9":"first","10":"instock","11":"taxable","12":"shipping-taxable","13":"purchasable","14":"product-type-simple"},"bundled_by":[],"bundle_stock_status":"instock","bundle_stock_quantity":null,"bundle_virtual":false,"bundle_layout":"","bundle_add_to_cart_form_location":"","bundle_editable_in_cart":false,"bundle_sold_individually_context":"","bundle_item_grouping":"","bundle_min_size":"","bundle_max_size":"","bundle_price":[],"bundled_items":[],"bundle_sell_ids":[],"_links":{"self":[{"href":"http:\/\/studiokoncept.se\/fr\/wp-json\/wp\/v2\/product\/9998","targetHints":{"allow":["GET"]}}],"collection":[{"href":"http:\/\/studiokoncept.se\/fr\/wp-json\/wp\/v2\/product"}],"about":[{"href":"http:\/\/studiokoncept.se\/fr\/wp-json\/wp\/v2\/types\/product"}],"version-history":[{"count":0,"href":"http:\/\/studiokoncept.se\/fr\/wp-json\/wp\/v2\/product\/9998\/revisions"}],"wp:featuredmedia":[{"embeddable":true,"href":"http:\/\/studiokoncept.se\/fr\/wp-json\/wp\/v2\/media\/9990"}],"wp:attachment":[{"href":"http:\/\/studiokoncept.se\/fr\/wp-json\/wp\/v2\/media?parent=9998"}],"wp:term":[{"taxonomy":"product_brand","embeddable":true,"href":"http:\/\/studiokoncept.se\/fr\/wp-json\/wp\/v2\/product_brand?post=9998"},{"taxonomy":"product_cat","embeddable":true,"href":"http:\/\/studiokoncept.se\/fr\/wp-json\/wp\/v2\/product_cat?post=9998"},{"taxonomy":"product_tag","embeddable":true,"href":"http:\/\/studiokoncept.se\/fr\/wp-json\/wp\/v2\/product_tag?post=9998"}],"curies":[{"name":"wp","href":"https:\/\/api.w.org\/{rel}","templated":true}]}}