{"id":9713,"date":"2021-02-03T21:40:15","date_gmt":"2021-02-03T20:40:15","guid":{"rendered":"https:\/\/studiokoncept.se\/?post_type=product&#038;p=9713"},"modified":"2025-03-03T12:35:31","modified_gmt":"2025-03-03T11:35:31","slug":"neotech-natverkskabel-neet-1008-silver","status":"publish","type":"product","link":"http:\/\/studiokoncept.se\/fr\/shop\/kablar\/digitala-kablar\/natverkskablar\/neotech-natverkskabel-neet-1008-silver\/","title":{"rendered":"C\u00e2ble r\u00e9seau Neotech NEET-1008 Argent"},"content":{"rendered":"<h3><\/h3>","protected":false},"excerpt":{"rendered":"<p>Fantastique c\u00e2ble r\u00e9seau de Neotech. Le NEET-1008 est fabriqu\u00e9 en argent UP-OCC et est l'un des meilleurs du march\u00e9.<\/p>\n<ul>\n<li>UP-OCC Conducteurs en argent<\/li>\n<li>23AWG X 4 Conducteurs<\/li>\n<li>Poly\u00e9thyl\u00e8ne haute densit\u00e9<\/li>\n<li>Triple isolation<\/li>\n<li>Contact m\u00e9tallique RJ45<\/li>\n<\/ul>","protected":false},"featured_media":9710,"template":"","meta":[],"product_brand":[],"product_cat":[169,494],"product_tag":[],"class_list":{"0":"post-9713","1":"product","2":"type-product","3":"status-publish","4":"has-post-thumbnail","6":"product_cat-kablar","7":"product_cat-natverkskablar","8":"product_shipping_class-standard","10":"first","11":"instock","12":"taxable","13":"shipping-taxable","14":"purchasable","15":"product-type-variable","16":"has-default-attributes"},"bundled_by":[],"bundle_stock_status":"instock","bundle_stock_quantity":null,"bundle_virtual":false,"bundle_layout":"","bundle_add_to_cart_form_location":"","bundle_editable_in_cart":false,"bundle_sold_individually_context":"","bundle_item_grouping":"","bundle_min_size":"","bundle_max_size":"","bundle_price":[],"bundled_items":[],"bundle_sell_ids":[],"_links":{"self":[{"href":"http:\/\/studiokoncept.se\/fr\/wp-json\/wp\/v2\/product\/9713","targetHints":{"allow":["GET"]}}],"collection":[{"href":"http:\/\/studiokoncept.se\/fr\/wp-json\/wp\/v2\/product"}],"about":[{"href":"http:\/\/studiokoncept.se\/fr\/wp-json\/wp\/v2\/types\/product"}],"version-history":[{"count":0,"href":"http:\/\/studiokoncept.se\/fr\/wp-json\/wp\/v2\/product\/9713\/revisions"}],"wp:featuredmedia":[{"embeddable":true,"href":"http:\/\/studiokoncept.se\/fr\/wp-json\/wp\/v2\/media\/9710"}],"wp:attachment":[{"href":"http:\/\/studiokoncept.se\/fr\/wp-json\/wp\/v2\/media?parent=9713"}],"wp:term":[{"taxonomy":"product_brand","embeddable":true,"href":"http:\/\/studiokoncept.se\/fr\/wp-json\/wp\/v2\/product_brand?post=9713"},{"taxonomy":"product_cat","embeddable":true,"href":"http:\/\/studiokoncept.se\/fr\/wp-json\/wp\/v2\/product_cat?post=9713"},{"taxonomy":"product_tag","embeddable":true,"href":"http:\/\/studiokoncept.se\/fr\/wp-json\/wp\/v2\/product_tag?post=9713"}],"curies":[{"name":"wp","href":"https:\/\/api.w.org\/{rel}","templated":true}]}}