{"id":9612,"date":"2021-01-24T21:21:45","date_gmt":"2021-01-24T20:21:45","guid":{"rendered":"https:\/\/studiokoncept.se\/?post_type=product&#038;p=9612"},"modified":"2023-09-06T14:41:05","modified_gmt":"2023-09-06T12:41:05","slug":"ifi-audio-groundhog","status":"publish","type":"product","link":"http:\/\/studiokoncept.se\/fr\/shop\/elektronik\/dac\/ifi-audio-groundhog\/","title":{"rendered":"Marmotte Ifi Audio"},"content":{"rendered":"<p><h4>Utilis\u00e9 avec l'iPurificateur AC<\/h4><br \/>\nGroundhog+ de iFi audio est un isolateur de boucle de terre pour les syst\u00e8mes audio. Il est con\u00e7u pour traiter et \u00e9liminer le bourdonnement ou le ronflement g\u00eanant que certains syst\u00e8mes audio peuvent avoir, en particulier lorsqu'ils n'ont pas de connexion \u00e0 la terre.<\/p>\n<p>Ce dispositif permet de mettre \u00e0 la terre votre syst\u00e8me audio, de r\u00e9duire le bruit et d'am\u00e9liorer potentiellement la qualit\u00e9 du son en ajoutant de la r\u00e9solution, des basses et de la musicalit\u00e9 \u00e0 votre musique. Il est con\u00e7u pour \u00eatre personnalisable et fonctionne avec une vari\u00e9t\u00e9 d'appareils gr\u00e2ce \u00e0 ses diff\u00e9rents adaptateurs :<\/p>\n<p>- C\u00e2ble de base RCA : pour tout syst\u00e8me audio dot\u00e9 d'une prise RCA inutilis\u00e9e.<br \/>\n- Convertisseur USB : pour les syst\u00e8mes informatiques.<br \/>\n- Convertisseur Spade : pour les alimentations avec un connecteur baril DC.<br \/>\n- Convertisseur en Y 3,5 mm : pour les appareils portables dot\u00e9s d'une connexion 3,5 mm inutilis\u00e9e.<\/p>\n<p>Le Groundhog+ peut \u00eatre associ\u00e9 \u00e0 l'AC iPurifier d'iFi pour une solution plus compl\u00e8te de l'alimentation bruyante. L'AC iPurifier \u00e9limine les interf\u00e9rences \u00e9lectromagn\u00e9tiques ou radiofr\u00e9quences de votre syst\u00e8me, tandis que le Groundhog+ assure la mise \u00e0 la terre. Cette combinaison permet non seulement de restaurer la protection offerte par le Groundhog+, mais aussi de pr\u00e9venir les interf\u00e9rences externes.<\/p>\n<p>Les boucles de masse ou de terre dans un syst\u00e8me \u00e9lectrique se produisent lorsque deux points d'un syst\u00e8me audio ont tous deux une r\u00e9f\u00e9rence de masse, ce qui entra\u00eene une \"diff\u00e9rence de tension potentielle\" entre eux. Ces boucles sont une cause importante de bruit, de ronflement et d'interf\u00e9rences dans les syst\u00e8mes audio, vid\u00e9o et informatiques. Les interf\u00e9rences \u00e9lectromagn\u00e9tiques (EMI) et les interf\u00e9rences radio\u00e9lectriques (RFI) sont des sources courantes de ces interf\u00e9rences. Groundhog+ contribue \u00e0 att\u00e9nuer ces probl\u00e8mes en fournissant une connexion efficace \u00e0 la terre.<\/p>","protected":false},"excerpt":{"rendered":"<p>Ces c\u00e2bles sont utilis\u00e9s avec un iPurificateur AC d'Ifi Audios. L'iPurificateur CA cr\u00e9e sa propre masse et poss\u00e8de un connecteur de sortie sur lequel vous branchez ces c\u00e2bles. L'autre extr\u00e9mit\u00e9 du c\u00e2ble est connect\u00e9e \u00e0 un produit que vous souhaitez mettre \u00e0 la terre. Un produit incroyablement bon et intelligent.<br \/>\nLes c\u00e2bles suivants sont inclus :<br \/>\nC\u00e2ble de base RCA - pour un syst\u00e8me avec un connecteur RCA non utilis\u00e9.<br \/>\nConvertisseur USB - pour ordinateur dans le syst\u00e8me audio.<br \/>\nConvertisseur Spade - pour les alimentations avec connecteur baril DC.<br \/>\nConvertisseur Y 3,5 mm - pour les appareils portables dot\u00e9s d'un connecteur 3,5 mm inutilis\u00e9.<\/p>","protected":false},"featured_media":9610,"template":"","meta":[],"product_brand":[],"product_cat":[164,163],"product_tag":[],"class_list":{"0":"post-9612","1":"product","2":"type-product","3":"status-publish","4":"has-post-thumbnail","6":"product_cat-dac","7":"product_cat-horlursforstarkare","8":"product_shipping_class-standard","10":"first","11":"instock","12":"taxable","13":"shipping-taxable","14":"purchasable","15":"product-type-simple"},"bundled_by":[],"bundle_stock_status":"instock","bundle_stock_quantity":null,"bundle_virtual":false,"bundle_layout":"","bundle_add_to_cart_form_location":"","bundle_editable_in_cart":false,"bundle_sold_individually_context":"","bundle_item_grouping":"","bundle_min_size":"","bundle_max_size":"","bundle_price":[],"bundled_items":[],"bundle_sell_ids":[],"_links":{"self":[{"href":"http:\/\/studiokoncept.se\/fr\/wp-json\/wp\/v2\/product\/9612","targetHints":{"allow":["GET"]}}],"collection":[{"href":"http:\/\/studiokoncept.se\/fr\/wp-json\/wp\/v2\/product"}],"about":[{"href":"http:\/\/studiokoncept.se\/fr\/wp-json\/wp\/v2\/types\/product"}],"version-history":[{"count":0,"href":"http:\/\/studiokoncept.se\/fr\/wp-json\/wp\/v2\/product\/9612\/revisions"}],"wp:featuredmedia":[{"embeddable":true,"href":"http:\/\/studiokoncept.se\/fr\/wp-json\/wp\/v2\/media\/9610"}],"wp:attachment":[{"href":"http:\/\/studiokoncept.se\/fr\/wp-json\/wp\/v2\/media?parent=9612"}],"wp:term":[{"taxonomy":"product_brand","embeddable":true,"href":"http:\/\/studiokoncept.se\/fr\/wp-json\/wp\/v2\/product_brand?post=9612"},{"taxonomy":"product_cat","embeddable":true,"href":"http:\/\/studiokoncept.se\/fr\/wp-json\/wp\/v2\/product_cat?post=9612"},{"taxonomy":"product_tag","embeddable":true,"href":"http:\/\/studiokoncept.se\/fr\/wp-json\/wp\/v2\/product_tag?post=9612"}],"curies":[{"name":"wp","href":"https:\/\/api.w.org\/{rel}","templated":true}]}}